{"id":2225,"date":"2025-09-12T16:44:19","date_gmt":"2025-09-12T16:44:19","guid":{"rendered":"https:\/\/summithealth.ca\/?page_id=2225"},"modified":"2025-09-12T17:26:21","modified_gmt":"2025-09-12T17:26:21","slug":"perfusions-de-fer","status":"publish","type":"page","link":"https:\/\/summithealth.ca\/fr\/perfusions-de-fer\/","title":{"rendered":"Perfusions de fer"},"content":{"rendered":"<section class=\"gb-container gb-container-8c5dcceb\">\n<div class=\"gb-container gb-container-fd08668c\">\n<div class=\"gb-container gb-container-c2c01c37\">\n\n<h3 class=\"wp-block-heading\"><strong>Pourquoi choisir les perfusions de fer chez Summit Health ?<\/strong><\/h3>\n\n\n\n<p>Les perfusions de fer sont utilis\u00e9es pour traiter les carences en fer lorsque le fer par voie orale n&rsquo;est pas efficace ou tol\u00e9r\u00e9. \u00c0 Summit Health, notre \u00e9quipe de perfusion vous garantit une exp\u00e9rience s\u00fbre et confortable : <\/p>\n\n\n\n<ul class=\"wp-block-list\">\n<li>Soins supervis\u00e9s par une infirmi\u00e8re<\/li>\n\n\n\n<li>Coordination de la pharmacie et soutien \u00e0 la livraison<\/li>\n\n\n\n<li>Horaires flexibles, y compris le samedi<\/li>\n\n\n\n<li>Communication rapide avec votre prescripteur<\/li>\n<\/ul>\n\n\n\n<p>Pendant votre perfusion, vous serez assis dans un environnement d\u00e9tendu avec un acc\u00e8s Wi-Fi, une surveillance et des mesures de confort.<\/p>\n\n\n\n<a class=\"gb-button gb-button-3ce8bf64 gb-button-text\" href=\"https:\/\/summithealth.ca\/fr\/contacts\/\">Contactez-nous pour en savoir plus<\/a>\n\n<\/div>\n\n<div class=\"gb-container gb-container-257a925b\">\n\n<figure class=\"wp-block-image size-large is-resized\"><img loading=\"lazy\" decoding=\"async\" width=\"768\" height=\"1024\" src=\"https:\/\/summithealth.ca\/wp-content\/uploads\/2025\/09\/iron_infusion-768x1024.png\" alt=\"\" class=\"wp-image-2240\" style=\"width:327px;height:auto\" srcset=\"https:\/\/summithealth.ca\/wp-content\/uploads\/2025\/09\/iron_infusion-768x1024.png 768w, https:\/\/summithealth.ca\/wp-content\/uploads\/2025\/09\/iron_infusion-225x300.png 225w, https:\/\/summithealth.ca\/wp-content\/uploads\/2025\/09\/iron_infusion.png 900w\" sizes=\"auto, (max-width: 768px) 100vw, 768px\" \/><\/figure>\n\n<\/div>\n<\/div>\n\n<div class=\"gb-container gb-container-8dfbb97b\">\n<div class=\"gb-container gb-container-917d1f43\">\n\n<h2 class=\"gb-headline gb-headline-258c3d0b gb-headline-text\">Frais<\/h2>\n\n\n\n<p class=\"has-text-align-left\"><strong>Fer \u00e0 repasser &#8211; 1 heure :<\/strong> 140<\/p>\n\n\n\n<p><strong>Fer \u00e0 infusion &#8211; 2 heures :<\/strong> 240<\/p>\n\n\n\n<p><strong>Fer \u00e0 repasser &#8211; 3 heures :<\/strong> 325<\/p>\n\n\n\n<p class=\"has-text-align-left\"><em>Les m\u00e9dicaments sont factur\u00e9s s\u00e9par\u00e9ment par la pharmacie. Les frais de perfusion couvrent les soins infirmiers, les fournitures et la surveillance. <\/em><\/p>\n\n<\/div>\n\n<div class=\"gb-container gb-container-1bc6aac7\">\n\n<h2 class=\"wp-block-heading\">Quels sont les types de perfusions de fer disponibles ?<\/h2>\n\n\n\n<div class=\"wp-block-columns is-layout-flex wp-container-core-columns-is-layout-9d6595d7 wp-block-columns-is-layout-flex\">\n<div class=\"wp-block-column is-layout-flow wp-block-column-is-layout-flow\">\n<h3 class=\"wp-block-heading\"><strong>Ferrlicit (Gluconate ferrique de sodium)<\/strong><\/h3>\n\n\n\n<ul class=\"wp-block-list\">\n<li>Un autre produit \u00e0 base de fer IV utilis\u00e9 en fonction des pr\u00e9f\u00e9rences du prescripteur et des besoins du patient.<\/li>\n<\/ul>\n<\/div>\n\n\n\n<div class=\"wp-block-column is-layout-flow wp-block-column-is-layout-flow\">\n<h3 class=\"wp-block-heading\"><strong>Monoferrique (Derisomaltose ferrique)<\/strong><\/h3>\n\n\n\n<ul class=\"wp-block-list\">\n<li>Option de perfusion unique \u00e0 haute dose.<\/li>\n\n\n\n<li>Peut r\u00e9duire le nombre de visites n\u00e9cessaires.<\/li>\n<\/ul>\n<\/div>\n\n\n\n<div class=\"wp-block-column is-layout-flow wp-block-column-is-layout-flow\">\n<h3 class=\"wp-block-heading\"><strong><strong>Venofer (Sucrose de fer)<\/strong><\/strong><\/h3>\n\n\n\n<ul class=\"wp-block-list\">\n<li>Souvent utilis\u00e9 lorsque le fer oral n&rsquo;est pas tol\u00e9r\u00e9 ou efficace.<\/li>\n\n\n\n<li>Administr\u00e9 en plusieurs perfusions plus courtes (1 \u00e0 2 heures chacune).<\/li>\n<\/ul>\n<\/div>\n<\/div>\n\n\n\n<p><em>Votre m\u00e9decin d\u00e9termine le produit et la posologie qui vous conviennent le mieux.<\/em><\/p>\n\n<\/div>\n<\/div>\n\n<div class=\"gb-container gb-container-8c1e80aa\">\n\n<h2 class=\"wp-block-heading\">Comment fonctionnent les perfusions de fer \u00e0 Summit Health<\/h2>\n\n\n\n<p><strong>Consultation avant traitement<\/strong><\/p>\n\n\n\n<p>Nous examinons votre demande m\u00e9dicale et vos r\u00e9cents r\u00e9sultats de laboratoire. Si votre prescripteur n&rsquo;est pas familiaris\u00e9 avec le processus, nous lui fournissons un mod\u00e8le de commande simple et assurons la coordination directement avec son cabinet. <\/p>\n\n\n\n<p><strong>Coordination de la pharmacie<\/strong><\/p>\n\n\n\n<p>Nous nous occupons de vos m\u00e9dicaments en perfusion avec la pharmacie de votre choix ou nous vous recommandons une pharmacie partenaire. La livraison \u00e0 la clinique est possible. <\/p>\n\n\n\n<p><strong>Une administration confortable<\/strong><\/p>\n\n\n\n<p>Les perfusions sont effectu\u00e9es dans un cadre priv\u00e9, sous la surveillance d&rsquo;une infirmi\u00e8re, des signes vitaux avant et apr\u00e8s le traitement et d&rsquo;une observation continue pendant le traitement.<\/p>\n\n\n\n<p><strong>Soins post-traitement<\/strong><\/p>\n\n\n\n<p>Les instructions de suivi sont pass\u00e9es en revue avant votre d\u00e9part et les r\u00e9sultats sont communiqu\u00e9s \u00e0 votre prescripteur.<\/p>\n\n<\/div>\n\n\n<h2 class=\"gb-headline gb-headline-e58be01a gb-headline-text\">Questions fr\u00e9quemment pos\u00e9es<\/h2>\n\n\n\n<div class=\"wp-block-group is-content-justification-center is-nowrap is-layout-flex wp-container-core-group-is-layout-94bc23d7 wp-block-group-is-layout-flex\"><div class=\"gb-container gb-container-316e2ec1\">\n\n<div class=\"schema-faq wp-block-yoast-faq-block\"><div class=\"schema-faq-section\" id=\"faq-question-1722530944887\"><strong class=\"schema-faq-question\"><br\/><strong>Ai-je besoin d&rsquo;une demande d&rsquo;achat ?<\/strong><\/strong> <p class=\"schema-faq-answer\">Oui. Une demande de votre m\u00e9decin ou de votre infirmi\u00e8re praticienne est n\u00e9cessaire. Nous pouvons vous aider \u00e0 orienter leur cabinet si n\u00e9cessaire.  <\/p> <\/div> <div class=\"schema-faq-section\" id=\"faq-question-1722530965158\"><strong class=\"schema-faq-question\"><strong><br\/><strong>Combien de visites sont n\u00e9cessaires ?<\/strong><\/strong><\/strong> <p class=\"schema-faq-answer\">Votre m\u00e9decin d\u00e9termine la dose totale. Certains patients terminent le traitement en une ou deux visites, tandis que d&rsquo;autres ont besoin d&rsquo;une s\u00e9rie de visites. <\/p> <\/div> <\/div>\n\n<\/div>\n\n<div class=\"gb-container gb-container-c92750d4\">\n\n<div class=\"schema-faq wp-block-yoast-faq-block\"><div class=\"schema-faq-section\" id=\"faq-question-1740602518016\"><strong class=\"schema-faq-question\"><br\/><strong>Dois-je arr\u00eater la prise de fer par voie orale ?<\/strong><\/strong> <p class=\"schema-faq-answer\">Suivez les instructions de votre m\u00e9decin. De nombreux patients interrompent la prise de fer par voie orale pendant le traitement par voie intraveineuse.   <\/p> <\/div> <div class=\"schema-faq-section\" id=\"faq-question-1723822850624\"><strong class=\"schema-faq-question\"><strong><br\/><strong>Est-ce couvert par l&rsquo;assurance ?<\/strong><\/strong><\/strong> <p class=\"schema-faq-answer\">Les frais de perfusion peuvent \u00eatre rembours\u00e9s par une assurance priv\u00e9e ou un compte de d\u00e9penses de sant\u00e9. Les m\u00e9dicaments achet\u00e9s \u00e0 la pharmacie peuvent \u00e9galement \u00eatre couverts par votre r\u00e9gime d&rsquo;assurance-m\u00e9dicaments. <\/p> <\/div> <\/div>\n\n<\/div><\/div>\n\n<\/section>\n<p><\/p>\n","protected":false},"excerpt":{"rendered":"<p>Pourquoi choisir les perfusions de fer chez Summit Health ? Les perfusions de fer sont utilis\u00e9es pour traiter les carences en fer lorsque le fer &#8230; <a title=\"Perfusions de fer\" class=\"read-more\" href=\"https:\/\/summithealth.ca\/fr\/perfusions-de-fer\/\" aria-label=\"En savoir plus sur Perfusions de fer\">Lire plus<\/a><\/p>\n","protected":false},"author":1,"featured_media":0,"parent":0,"menu_order":0,"comment_status":"closed","ping_status":"closed","template":"","meta":{"footnotes":""},"class_list":["post-2225","page","type-page","status-publish"],"yoast_head":"<!-- This site is optimized with the Yoast SEO plugin v27.3 - https:\/\/yoast.com\/product\/yoast-seo-wordpress\/ -->\n<title>Perfusions de fer - Summit Health<\/title>\n<meta name=\"description\" content=\"D\u00e9couvrez nos cliniques de perfusion sp\u00e9cialis\u00e9es, qui proposent des traitements m\u00e9dicaux s\u00fbrs et supervis\u00e9s par des professionnels.\" \/>\n<meta name=\"robots\" content=\"index, follow, max-snippet:-1, max-image-preview:large, max-video-preview:-1\" \/>\n<link rel=\"canonical\" href=\"https:\/\/summithealth.ca\/fr\/perfusions-de-fer\/\" \/>\n<meta property=\"og:locale\" content=\"fr_FR\" \/>\n<meta property=\"og:type\" content=\"article\" \/>\n<meta property=\"og:title\" content=\"Perfusions de fer - Summit Health\" \/>\n<meta property=\"og:description\" content=\"D\u00e9couvrez nos cliniques de perfusion sp\u00e9cialis\u00e9es, qui proposent des traitements m\u00e9dicaux s\u00fbrs et supervis\u00e9s par des professionnels.\" \/>\n<meta property=\"og:url\" content=\"https:\/\/summithealth.ca\/fr\/perfusions-de-fer\/\" \/>\n<meta property=\"og:site_name\" content=\"Summit Health\" \/>\n<meta property=\"article:modified_time\" content=\"2025-09-12T17:26:21+00:00\" \/>\n<meta property=\"og:image\" content=\"https:\/\/summithealth.ca\/wp-content\/uploads\/2025\/09\/iron_infusion.png\" \/>\n\t<meta property=\"og:image:width\" content=\"900\" \/>\n\t<meta property=\"og:image:height\" content=\"1200\" \/>\n\t<meta property=\"og:image:type\" content=\"image\/png\" \/>\n<meta name=\"twitter:card\" content=\"summary_large_image\" \/>\n<meta name=\"twitter:label1\" content=\"Dur\u00e9e de lecture estim\u00e9e\" \/>\n\t<meta name=\"twitter:data1\" content=\"3 minutes\" \/>\n<script type=\"application\/ld+json\" class=\"yoast-schema-graph\">{\"@context\":\"https:\\\/\\\/schema.org\",\"@graph\":[{\"@type\":[\"WebPage\",\"FAQPage\"],\"@id\":\"https:\\\/\\\/summithealth.ca\\\/fr\\\/perfusions-de-fer\\\/\",\"url\":\"https:\\\/\\\/summithealth.ca\\\/fr\\\/perfusions-de-fer\\\/\",\"name\":\"Perfusions de fer - Summit Health\",\"isPartOf\":{\"@id\":\"https:\\\/\\\/summithealth.ca\\\/fr\\\/#website\"},\"primaryImageOfPage\":{\"@id\":\"https:\\\/\\\/summithealth.ca\\\/fr\\\/perfusions-de-fer\\\/#primaryimage\"},\"image\":{\"@id\":\"https:\\\/\\\/summithealth.ca\\\/fr\\\/perfusions-de-fer\\\/#primaryimage\"},\"thumbnailUrl\":\"https:\\\/\\\/summithealth.ca\\\/wp-content\\\/uploads\\\/2025\\\/09\\\/iron_infusion-768x1024.png\",\"datePublished\":\"2025-09-12T16:44:19+00:00\",\"dateModified\":\"2025-09-12T17:26:21+00:00\",\"description\":\"D\u00e9couvrez nos cliniques de perfusion sp\u00e9cialis\u00e9es, qui proposent des traitements m\u00e9dicaux s\u00fbrs et supervis\u00e9s par des professionnels.\",\"breadcrumb\":{\"@id\":\"https:\\\/\\\/summithealth.ca\\\/fr\\\/perfusions-de-fer\\\/#breadcrumb\"},\"mainEntity\":[{\"@id\":\"https:\\\/\\\/summithealth.ca\\\/fr\\\/perfusions-de-fer\\\/#faq-question-1722530944887\"},{\"@id\":\"https:\\\/\\\/summithealth.ca\\\/fr\\\/perfusions-de-fer\\\/#faq-question-1722530965158\"},{\"@id\":\"https:\\\/\\\/summithealth.ca\\\/fr\\\/perfusions-de-fer\\\/#faq-question-1740602518016\"},{\"@id\":\"https:\\\/\\\/summithealth.ca\\\/fr\\\/perfusions-de-fer\\\/#faq-question-1723822850624\"}],\"inLanguage\":\"fr-FR\",\"potentialAction\":[{\"@type\":\"ReadAction\",\"target\":[\"https:\\\/\\\/summithealth.ca\\\/fr\\\/perfusions-de-fer\\\/\"]}]},{\"@type\":\"ImageObject\",\"inLanguage\":\"fr-FR\",\"@id\":\"https:\\\/\\\/summithealth.ca\\\/fr\\\/perfusions-de-fer\\\/#primaryimage\",\"url\":\"https:\\\/\\\/summithealth.ca\\\/wp-content\\\/uploads\\\/2025\\\/09\\\/iron_infusion-768x1024.png\",\"contentUrl\":\"https:\\\/\\\/summithealth.ca\\\/wp-content\\\/uploads\\\/2025\\\/09\\\/iron_infusion-768x1024.png\"},{\"@type\":\"BreadcrumbList\",\"@id\":\"https:\\\/\\\/summithealth.ca\\\/fr\\\/perfusions-de-fer\\\/#breadcrumb\",\"itemListElement\":[{\"@type\":\"ListItem\",\"position\":1,\"name\":\"Home\",\"item\":\"https:\\\/\\\/summithealth.ca\\\/fr\\\/\"},{\"@type\":\"ListItem\",\"position\":2,\"name\":\"Perfusions de fer\"}]},{\"@type\":\"WebSite\",\"@id\":\"https:\\\/\\\/summithealth.ca\\\/fr\\\/#website\",\"url\":\"https:\\\/\\\/summithealth.ca\\\/fr\\\/\",\"name\":\"Summit Health\",\"description\":\"\",\"publisher\":{\"@id\":\"https:\\\/\\\/summithealth.ca\\\/fr\\\/#organization\"},\"potentialAction\":[{\"@type\":\"SearchAction\",\"target\":{\"@type\":\"EntryPoint\",\"urlTemplate\":\"https:\\\/\\\/summithealth.ca\\\/fr\\\/?s={search_term_string}\"},\"query-input\":{\"@type\":\"PropertyValueSpecification\",\"valueRequired\":true,\"valueName\":\"search_term_string\"}}],\"inLanguage\":\"fr-FR\"},{\"@type\":\"Organization\",\"@id\":\"https:\\\/\\\/summithealth.ca\\\/fr\\\/#organization\",\"name\":\"Summit Health\",\"url\":\"https:\\\/\\\/summithealth.ca\\\/fr\\\/\",\"logo\":{\"@type\":\"ImageObject\",\"inLanguage\":\"fr-FR\",\"@id\":\"https:\\\/\\\/summithealth.ca\\\/fr\\\/#\\\/schema\\\/logo\\\/image\\\/\",\"url\":\"https:\\\/\\\/summithealth.ca\\\/wp-content\\\/uploads\\\/2024\\\/07\\\/logo_trimmed.png\",\"contentUrl\":\"https:\\\/\\\/summithealth.ca\\\/wp-content\\\/uploads\\\/2024\\\/07\\\/logo_trimmed.png\",\"width\":312,\"height\":312,\"caption\":\"Summit Health\"},\"image\":{\"@id\":\"https:\\\/\\\/summithealth.ca\\\/fr\\\/#\\\/schema\\\/logo\\\/image\\\/\"}},{\"@type\":\"Question\",\"@id\":\"https:\\\/\\\/summithealth.ca\\\/fr\\\/perfusions-de-fer\\\/#faq-question-1722530944887\",\"position\":1,\"url\":\"https:\\\/\\\/summithealth.ca\\\/fr\\\/perfusions-de-fer\\\/#faq-question-1722530944887\",\"name\":\"Ai-je besoin d'une demande d'achat ?\",\"answerCount\":1,\"acceptedAnswer\":{\"@type\":\"Answer\",\"text\":\"Oui. Une demande de votre m\u00e9decin ou de votre infirmi\u00e8re praticienne est n\u00e9cessaire. Nous pouvons vous aider \u00e0 orienter leur cabinet si n\u00e9cessaire.  \",\"inLanguage\":\"fr-FR\"},\"inLanguage\":\"fr-FR\"},{\"@type\":\"Question\",\"@id\":\"https:\\\/\\\/summithealth.ca\\\/fr\\\/perfusions-de-fer\\\/#faq-question-1722530965158\",\"position\":2,\"url\":\"https:\\\/\\\/summithealth.ca\\\/fr\\\/perfusions-de-fer\\\/#faq-question-1722530965158\",\"name\":\"Combien de visites sont n\u00e9cessaires ?\",\"answerCount\":1,\"acceptedAnswer\":{\"@type\":\"Answer\",\"text\":\"Votre m\u00e9decin d\u00e9termine la dose totale. Certains patients terminent le traitement en une ou deux visites, tandis que d'autres ont besoin d'une s\u00e9rie de visites. \",\"inLanguage\":\"fr-FR\"},\"inLanguage\":\"fr-FR\"},{\"@type\":\"Question\",\"@id\":\"https:\\\/\\\/summithealth.ca\\\/fr\\\/perfusions-de-fer\\\/#faq-question-1740602518016\",\"position\":3,\"url\":\"https:\\\/\\\/summithealth.ca\\\/fr\\\/perfusions-de-fer\\\/#faq-question-1740602518016\",\"name\":\"Dois-je arr\u00eater la prise de fer par voie orale ?\",\"answerCount\":1,\"acceptedAnswer\":{\"@type\":\"Answer\",\"text\":\"Suivez les instructions de votre m\u00e9decin. De nombreux patients interrompent la prise de fer par voie orale pendant le traitement par voie intraveineuse.   \",\"inLanguage\":\"fr-FR\"},\"inLanguage\":\"fr-FR\"},{\"@type\":\"Question\",\"@id\":\"https:\\\/\\\/summithealth.ca\\\/fr\\\/perfusions-de-fer\\\/#faq-question-1723822850624\",\"position\":4,\"url\":\"https:\\\/\\\/summithealth.ca\\\/fr\\\/perfusions-de-fer\\\/#faq-question-1723822850624\",\"name\":\"Est-ce couvert par l'assurance ?\",\"answerCount\":1,\"acceptedAnswer\":{\"@type\":\"Answer\",\"text\":\"Les frais de perfusion peuvent \u00eatre rembours\u00e9s par une assurance priv\u00e9e ou un compte de d\u00e9penses de sant\u00e9. Les m\u00e9dicaments achet\u00e9s \u00e0 la pharmacie peuvent \u00e9galement \u00eatre couverts par votre r\u00e9gime d'assurance-m\u00e9dicaments. \",\"inLanguage\":\"fr-FR\"},\"inLanguage\":\"fr-FR\"}]}<\/script>\n<!-- \/ Yoast SEO plugin. -->","yoast_head_json":{"title":"Perfusions de fer - Summit Health","description":"D\u00e9couvrez nos cliniques de perfusion sp\u00e9cialis\u00e9es, qui proposent des traitements m\u00e9dicaux s\u00fbrs et supervis\u00e9s par des professionnels.","robots":{"index":"index","follow":"follow","max-snippet":"max-snippet:-1","max-image-preview":"max-image-preview:large","max-video-preview":"max-video-preview:-1"},"canonical":"https:\/\/summithealth.ca\/fr\/perfusions-de-fer\/","og_locale":"fr_FR","og_type":"article","og_title":"Perfusions de fer - Summit Health","og_description":"D\u00e9couvrez nos cliniques de perfusion sp\u00e9cialis\u00e9es, qui proposent des traitements m\u00e9dicaux s\u00fbrs et supervis\u00e9s par des professionnels.","og_url":"https:\/\/summithealth.ca\/fr\/perfusions-de-fer\/","og_site_name":"Summit Health","article_modified_time":"2025-09-12T17:26:21+00:00","og_image":[{"width":900,"height":1200,"url":"https:\/\/summithealth.ca\/wp-content\/uploads\/2025\/09\/iron_infusion.png","type":"image\/png"}],"twitter_card":"summary_large_image","twitter_misc":{"Dur\u00e9e de lecture estim\u00e9e":"3 minutes"},"schema":{"@context":"https:\/\/schema.org","@graph":[{"@type":["WebPage","FAQPage"],"@id":"https:\/\/summithealth.ca\/fr\/perfusions-de-fer\/","url":"https:\/\/summithealth.ca\/fr\/perfusions-de-fer\/","name":"Perfusions de fer - Summit Health","isPartOf":{"@id":"https:\/\/summithealth.ca\/fr\/#website"},"primaryImageOfPage":{"@id":"https:\/\/summithealth.ca\/fr\/perfusions-de-fer\/#primaryimage"},"image":{"@id":"https:\/\/summithealth.ca\/fr\/perfusions-de-fer\/#primaryimage"},"thumbnailUrl":"https:\/\/summithealth.ca\/wp-content\/uploads\/2025\/09\/iron_infusion-768x1024.png","datePublished":"2025-09-12T16:44:19+00:00","dateModified":"2025-09-12T17:26:21+00:00","description":"D\u00e9couvrez nos cliniques de perfusion sp\u00e9cialis\u00e9es, qui proposent des traitements m\u00e9dicaux s\u00fbrs et supervis\u00e9s par des professionnels.","breadcrumb":{"@id":"https:\/\/summithealth.ca\/fr\/perfusions-de-fer\/#breadcrumb"},"mainEntity":[{"@id":"https:\/\/summithealth.ca\/fr\/perfusions-de-fer\/#faq-question-1722530944887"},{"@id":"https:\/\/summithealth.ca\/fr\/perfusions-de-fer\/#faq-question-1722530965158"},{"@id":"https:\/\/summithealth.ca\/fr\/perfusions-de-fer\/#faq-question-1740602518016"},{"@id":"https:\/\/summithealth.ca\/fr\/perfusions-de-fer\/#faq-question-1723822850624"}],"inLanguage":"fr-FR","potentialAction":[{"@type":"ReadAction","target":["https:\/\/summithealth.ca\/fr\/perfusions-de-fer\/"]}]},{"@type":"ImageObject","inLanguage":"fr-FR","@id":"https:\/\/summithealth.ca\/fr\/perfusions-de-fer\/#primaryimage","url":"https:\/\/summithealth.ca\/wp-content\/uploads\/2025\/09\/iron_infusion-768x1024.png","contentUrl":"https:\/\/summithealth.ca\/wp-content\/uploads\/2025\/09\/iron_infusion-768x1024.png"},{"@type":"BreadcrumbList","@id":"https:\/\/summithealth.ca\/fr\/perfusions-de-fer\/#breadcrumb","itemListElement":[{"@type":"ListItem","position":1,"name":"Home","item":"https:\/\/summithealth.ca\/fr\/"},{"@type":"ListItem","position":2,"name":"Perfusions de fer"}]},{"@type":"WebSite","@id":"https:\/\/summithealth.ca\/fr\/#website","url":"https:\/\/summithealth.ca\/fr\/","name":"Summit Health","description":"","publisher":{"@id":"https:\/\/summithealth.ca\/fr\/#organization"},"potentialAction":[{"@type":"SearchAction","target":{"@type":"EntryPoint","urlTemplate":"https:\/\/summithealth.ca\/fr\/?s={search_term_string}"},"query-input":{"@type":"PropertyValueSpecification","valueRequired":true,"valueName":"search_term_string"}}],"inLanguage":"fr-FR"},{"@type":"Organization","@id":"https:\/\/summithealth.ca\/fr\/#organization","name":"Summit Health","url":"https:\/\/summithealth.ca\/fr\/","logo":{"@type":"ImageObject","inLanguage":"fr-FR","@id":"https:\/\/summithealth.ca\/fr\/#\/schema\/logo\/image\/","url":"https:\/\/summithealth.ca\/wp-content\/uploads\/2024\/07\/logo_trimmed.png","contentUrl":"https:\/\/summithealth.ca\/wp-content\/uploads\/2024\/07\/logo_trimmed.png","width":312,"height":312,"caption":"Summit Health"},"image":{"@id":"https:\/\/summithealth.ca\/fr\/#\/schema\/logo\/image\/"}},{"@type":"Question","@id":"https:\/\/summithealth.ca\/fr\/perfusions-de-fer\/#faq-question-1722530944887","position":1,"url":"https:\/\/summithealth.ca\/fr\/perfusions-de-fer\/#faq-question-1722530944887","name":"Ai-je besoin d'une demande d'achat ?","answerCount":1,"acceptedAnswer":{"@type":"Answer","text":"Oui. Une demande de votre m\u00e9decin ou de votre infirmi\u00e8re praticienne est n\u00e9cessaire. Nous pouvons vous aider \u00e0 orienter leur cabinet si n\u00e9cessaire.  ","inLanguage":"fr-FR"},"inLanguage":"fr-FR"},{"@type":"Question","@id":"https:\/\/summithealth.ca\/fr\/perfusions-de-fer\/#faq-question-1722530965158","position":2,"url":"https:\/\/summithealth.ca\/fr\/perfusions-de-fer\/#faq-question-1722530965158","name":"Combien de visites sont n\u00e9cessaires ?","answerCount":1,"acceptedAnswer":{"@type":"Answer","text":"Votre m\u00e9decin d\u00e9termine la dose totale. Certains patients terminent le traitement en une ou deux visites, tandis que d'autres ont besoin d'une s\u00e9rie de visites. ","inLanguage":"fr-FR"},"inLanguage":"fr-FR"},{"@type":"Question","@id":"https:\/\/summithealth.ca\/fr\/perfusions-de-fer\/#faq-question-1740602518016","position":3,"url":"https:\/\/summithealth.ca\/fr\/perfusions-de-fer\/#faq-question-1740602518016","name":"Dois-je arr\u00eater la prise de fer par voie orale ?","answerCount":1,"acceptedAnswer":{"@type":"Answer","text":"Suivez les instructions de votre m\u00e9decin. De nombreux patients interrompent la prise de fer par voie orale pendant le traitement par voie intraveineuse.   ","inLanguage":"fr-FR"},"inLanguage":"fr-FR"},{"@type":"Question","@id":"https:\/\/summithealth.ca\/fr\/perfusions-de-fer\/#faq-question-1723822850624","position":4,"url":"https:\/\/summithealth.ca\/fr\/perfusions-de-fer\/#faq-question-1723822850624","name":"Est-ce couvert par l'assurance ?","answerCount":1,"acceptedAnswer":{"@type":"Answer","text":"Les frais de perfusion peuvent \u00eatre rembours\u00e9s par une assurance priv\u00e9e ou un compte de d\u00e9penses de sant\u00e9. Les m\u00e9dicaments achet\u00e9s \u00e0 la pharmacie peuvent \u00e9galement \u00eatre couverts par votre r\u00e9gime d'assurance-m\u00e9dicaments. ","inLanguage":"fr-FR"},"inLanguage":"fr-FR"}]}},"_links":{"self":[{"href":"https:\/\/summithealth.ca\/fr\/wp-json\/wp\/v2\/pages\/2225","targetHints":{"allow":["GET"]}}],"collection":[{"href":"https:\/\/summithealth.ca\/fr\/wp-json\/wp\/v2\/pages"}],"about":[{"href":"https:\/\/summithealth.ca\/fr\/wp-json\/wp\/v2\/types\/page"}],"author":[{"embeddable":true,"href":"https:\/\/summithealth.ca\/fr\/wp-json\/wp\/v2\/users\/1"}],"replies":[{"embeddable":true,"href":"https:\/\/summithealth.ca\/fr\/wp-json\/wp\/v2\/comments?post=2225"}],"version-history":[{"count":6,"href":"https:\/\/summithealth.ca\/fr\/wp-json\/wp\/v2\/pages\/2225\/revisions"}],"predecessor-version":[{"id":2262,"href":"https:\/\/summithealth.ca\/fr\/wp-json\/wp\/v2\/pages\/2225\/revisions\/2262"}],"wp:attachment":[{"href":"https:\/\/summithealth.ca\/fr\/wp-json\/wp\/v2\/media?parent=2225"}],"curies":[{"name":"wp","href":"https:\/\/api.w.org\/{rel}","templated":true}]}}