{"id":1867,"date":"2025-02-26T20:42:35","date_gmt":"2025-02-26T20:42:35","guid":{"rendered":"https:\/\/summithealth.ca\/?page_id=1867"},"modified":"2025-02-27T21:28:14","modified_gmt":"2025-02-27T21:28:14","slug":"cliniques-de-perfusion","status":"publish","type":"page","link":"https:\/\/summithealth.ca\/fr\/cliniques-de-perfusion\/","title":{"rendered":"Cliniques de perfusion"},"content":{"rendered":"<section class=\"gb-container gb-container-8c5dcceb\">\n<div class=\"gb-container gb-container-fd08668c\">\n<div class=\"gb-container gb-container-c2c01c37\">\n\n<h2 class=\"gb-headline gb-headline-6a153141 gb-headline-text\"><strong>La th\u00e9rapie par perfusion \u00e0 Summit Health<\/strong><\/h2>\n\n\n\n<h3 class=\"wp-block-heading\">Pourquoi choisir nos cliniques de perfusion ?<\/h3>\n\n\n\n<p>Chez Summit Health, nous nous engageons \u00e0 fournir des soins de haute qualit\u00e9, centr\u00e9s sur le patient, dans un environnement s\u00fbr et accueillant. Nos cliniques de perfusion offrent : <\/p>\n\n\n\n<ul class=\"wp-block-list\">\n<li><strong>Des soins d&rsquo;experts :<\/strong> Nos professionnels de la sant\u00e9 sont sp\u00e9cialis\u00e9s dans l&rsquo;administration de traitements par voie intraveineuse avec pr\u00e9cision et soin.<\/li>\n\n\n\n<li><strong>Un cadre confortable :<\/strong> D\u00e9tendez-vous dans un environnement priv\u00e9 et confortable con\u00e7u pour am\u00e9liorer votre exp\u00e9rience de traitement.<\/li>\n\n\n\n<li><strong>Des plans de traitement personnalis\u00e9s :<\/strong> Nous travaillons en \u00e9troite collaboration avec votre prestataire de soins de sant\u00e9 afin d&rsquo;assurer une coordination parfaite des soins.<\/li>\n\n\n\n<li><strong>Des horaires pratiques :<\/strong> Nous proposons des horaires de rendez-vous flexibles qui s&rsquo;adaptent \u00e0 votre emploi du temps.<\/li>\n<\/ul>\n\n<\/div>\n\n<div class=\"gb-container gb-container-257a925b\">\n\n<figure class=\"wp-block-image size-large is-resized\"><img loading=\"lazy\" decoding=\"async\" width=\"768\" height=\"1024\" src=\"https:\/\/summithealth.ca\/wp-content\/uploads\/2025\/02\/infusion-768x1024.png\" alt=\"\" class=\"wp-image-1869\" style=\"width:327px;height:auto\" srcset=\"https:\/\/summithealth.ca\/wp-content\/uploads\/2025\/02\/infusion-768x1024.png 768w, https:\/\/summithealth.ca\/wp-content\/uploads\/2025\/02\/infusion-225x300.png 225w, https:\/\/summithealth.ca\/wp-content\/uploads\/2025\/02\/infusion.png 900w\" sizes=\"auto, (max-width: 768px) 100vw, 768px\" \/><\/figure>\n\n<\/div>\n<\/div>\n\n<div class=\"gb-container gb-container-8dfbb97b\">\n<div class=\"gb-container gb-container-917d1f43\">\n\n<h2 class=\"gb-headline gb-headline-258c3d0b gb-headline-text\">Frais<\/h2>\n\n\n\n<h3 class=\"gb-headline gb-headline-dfe0d87e gb-headline-text\"><\/h3>\n\n\n\n<p class=\"has-text-align-left\">Contactez-nous pour obtenir des informations sur les tarifs ou demandez \u00e0 votre programme de soutien aux patients de se connecter \u00e0 support@summithealth.ca.<\/p>\n\n<\/div>\n\n<div class=\"gb-container gb-container-8c1e80aa\">\n\n<h2 class=\"gb-headline gb-headline-09d816bf gb-headline-text\">\u00c0 quoi s&rsquo;attendre lors de votre visite<\/h2>\n\n\n\n<p><br\/><strong>Consultation avant traitement :<\/strong> Notre \u00e9quipe examinera vos ant\u00e9c\u00e9dents m\u00e9dicaux et s&rsquo;assurera que votre plan de perfusion est adapt\u00e9 \u00e0 vos besoins.<\/p>\n\n\n\n<p><strong>Administration confortable :<\/strong> Vous serez assis dans un environnement d\u00e9tendu pendant que notre \u00e9quipe exp\u00e9riment\u00e9e vous administrera votre traitement.<\/p>\n\n\n\n<p><strong>Soins post-traitement :<\/strong> Nous fournissons des instructions de suivi et surveillons votre r\u00e9action pour garantir un r\u00e9tablissement en douceur.<\/p>\n\n<\/div>\n<\/div>\n\n\n<h2 class=\"gb-headline gb-headline-e58be01a gb-headline-text\">Questions fr\u00e9quemment pos\u00e9es<\/h2>\n\n\n\n<div class=\"wp-block-group is-content-justification-center is-nowrap is-layout-flex wp-container-core-group-is-layout-94bc23d7 wp-block-group-is-layout-flex\"><div class=\"gb-container gb-container-316e2ec1\">\n\n<div class=\"schema-faq wp-block-yoast-faq-block\"><div class=\"schema-faq-section\" id=\"faq-question-1722530944887\"><strong class=\"schema-faq-question\">Summit Health propose-t-il des traitements par perfusion dans tous ses \u00e9tablissements ?<\/strong> <p class=\"schema-faq-answer\">Actuellement, la th\u00e9rapie par perfusion n&rsquo;est disponible qu&rsquo;\u00e0 nos cliniques du centre-ville de Montr\u00e9al et de Laval, mais nous rendrons ce service disponible \u00e0 nos autres emplacements tr\u00e8s bient\u00f4t.<\/p> <\/div> <div class=\"schema-faq-section\" id=\"faq-question-1722530965158\"><strong class=\"schema-faq-question\"><strong>Ai-je besoin d&rsquo;une recommandation pour recevoir une th\u00e9rapie par perfusion ?<\/strong><\/strong> <p class=\"schema-faq-answer\">Oui, une recommandation de votre m\u00e9decin est n\u00e9cessaire. <a href=\"https:\/\/summithealth.ca\/fr\/contacts\/\">Contactez-nous<\/a> pour obtenir de l&rsquo;aide dans la coordination avec votre fournisseur de soins de sant\u00e9.<\/p> <\/div> <\/div>\n\n<\/div>\n\n<div class=\"gb-container gb-container-c92750d4\">\n\n<div class=\"schema-faq wp-block-yoast-faq-block\"><div class=\"schema-faq-section\" id=\"faq-question-1740602518016\"><strong class=\"schema-faq-question\">Proposez-vous des services de pharmacie sp\u00e9cialis\u00e9e ?<\/strong> <p class=\"schema-faq-answer\">Notre \u00e9quipe se chargera de coordonner avec votre pharmacie la pr\u00e9paration de vos m\u00e9dicaments pour le traitement. Si cela n&rsquo;est pas possible, nous coordonnerons vos m\u00e9dicaments par l&rsquo;interm\u00e9diaire de pharmacies partenaires.   <\/p> <\/div> <div class=\"schema-faq-section\" id=\"faq-question-1723822850624\"><strong class=\"schema-faq-question\"><strong>Mon assurance prend-elle en charge la th\u00e9rapie par perfusion ?<\/strong><\/strong> <p class=\"schema-faq-answer\">La couverture varie selon le prestataire et le type de traitement. Nous pouvons vous aider \u00e0 v\u00e9rifier vos prestations et vous fournir une estimation des co\u00fbts avant votre rendez-vous. <a href=\"https:\/\/summithealth.ca\/fr\/contacts\/\">Contactez-nous<\/a> pour en savoir plus <\/p> <\/div> <\/div>\n\n<\/div><\/div>\n\n<\/section>\n<p><\/p>\n","protected":false},"excerpt":{"rendered":"<p>La th\u00e9rapie par perfusion \u00e0 Summit Health Pourquoi choisir nos cliniques de perfusion ? Chez Summit Health, nous nous engageons \u00e0 fournir des soins de &#8230; <a title=\"Cliniques de perfusion\" class=\"read-more\" href=\"https:\/\/summithealth.ca\/fr\/cliniques-de-perfusion\/\" aria-label=\"En savoir plus sur Cliniques de perfusion\">Lire plus<\/a><\/p>\n","protected":false},"author":1,"featured_media":0,"parent":0,"menu_order":0,"comment_status":"closed","ping_status":"closed","template":"","meta":{"footnotes":""},"class_list":["post-1867","page","type-page","status-publish"],"yoast_head":"<!-- This site is optimized with the Yoast SEO plugin v27.3 - https:\/\/yoast.com\/product\/yoast-seo-wordpress\/ -->\n<title>Cliniques de perfusion - Summit Health<\/title>\n<meta name=\"description\" content=\"D\u00e9couvrez nos cliniques de perfusion sp\u00e9cialis\u00e9es, qui proposent des traitements m\u00e9dicaux s\u00fbrs et supervis\u00e9s par des professionnels.\" \/>\n<meta name=\"robots\" content=\"index, follow, max-snippet:-1, max-image-preview:large, max-video-preview:-1\" \/>\n<link rel=\"canonical\" href=\"https:\/\/summithealth.ca\/fr\/cliniques-de-perfusion\/\" \/>\n<meta property=\"og:locale\" content=\"fr_FR\" \/>\n<meta property=\"og:type\" content=\"article\" \/>\n<meta property=\"og:title\" content=\"Cliniques de perfusion - Summit Health\" \/>\n<meta property=\"og:description\" content=\"D\u00e9couvrez nos cliniques de perfusion sp\u00e9cialis\u00e9es, qui proposent des traitements m\u00e9dicaux s\u00fbrs et supervis\u00e9s par des professionnels.\" \/>\n<meta property=\"og:url\" content=\"https:\/\/summithealth.ca\/fr\/cliniques-de-perfusion\/\" \/>\n<meta property=\"og:site_name\" content=\"Summit Health\" \/>\n<meta property=\"article:modified_time\" content=\"2025-02-27T21:28:14+00:00\" \/>\n<meta property=\"og:image\" content=\"https:\/\/summithealth.ca\/wp-content\/uploads\/2025\/02\/infusion.png\" \/>\n\t<meta property=\"og:image:width\" content=\"900\" \/>\n\t<meta property=\"og:image:height\" content=\"1200\" \/>\n\t<meta property=\"og:image:type\" content=\"image\/png\" \/>\n<meta name=\"twitter:card\" content=\"summary_large_image\" \/>\n<meta name=\"twitter:label1\" content=\"Dur\u00e9e de lecture estim\u00e9e\" \/>\n\t<meta name=\"twitter:data1\" content=\"2 minutes\" \/>\n<script type=\"application\/ld+json\" class=\"yoast-schema-graph\">{\"@context\":\"https:\\\/\\\/schema.org\",\"@graph\":[{\"@type\":[\"WebPage\",\"FAQPage\"],\"@id\":\"https:\\\/\\\/summithealth.ca\\\/fr\\\/cliniques-de-perfusion\\\/\",\"url\":\"https:\\\/\\\/summithealth.ca\\\/fr\\\/cliniques-de-perfusion\\\/\",\"name\":\"Cliniques de perfusion - Summit Health\",\"isPartOf\":{\"@id\":\"https:\\\/\\\/summithealth.ca\\\/fr\\\/#website\"},\"primaryImageOfPage\":{\"@id\":\"https:\\\/\\\/summithealth.ca\\\/fr\\\/cliniques-de-perfusion\\\/#primaryimage\"},\"image\":{\"@id\":\"https:\\\/\\\/summithealth.ca\\\/fr\\\/cliniques-de-perfusion\\\/#primaryimage\"},\"thumbnailUrl\":\"https:\\\/\\\/summithealth.ca\\\/wp-content\\\/uploads\\\/2025\\\/02\\\/infusion-768x1024.png\",\"datePublished\":\"2025-02-26T20:42:35+00:00\",\"dateModified\":\"2025-02-27T21:28:14+00:00\",\"description\":\"D\u00e9couvrez nos cliniques de perfusion sp\u00e9cialis\u00e9es, qui proposent des traitements m\u00e9dicaux s\u00fbrs et supervis\u00e9s par des professionnels.\",\"breadcrumb\":{\"@id\":\"https:\\\/\\\/summithealth.ca\\\/fr\\\/cliniques-de-perfusion\\\/#breadcrumb\"},\"mainEntity\":[{\"@id\":\"https:\\\/\\\/summithealth.ca\\\/fr\\\/cliniques-de-perfusion\\\/#faq-question-1722530944887\"},{\"@id\":\"https:\\\/\\\/summithealth.ca\\\/fr\\\/cliniques-de-perfusion\\\/#faq-question-1722530965158\"},{\"@id\":\"https:\\\/\\\/summithealth.ca\\\/fr\\\/cliniques-de-perfusion\\\/#faq-question-1740602518016\"},{\"@id\":\"https:\\\/\\\/summithealth.ca\\\/fr\\\/cliniques-de-perfusion\\\/#faq-question-1723822850624\"}],\"inLanguage\":\"fr-FR\",\"potentialAction\":[{\"@type\":\"ReadAction\",\"target\":[\"https:\\\/\\\/summithealth.ca\\\/fr\\\/cliniques-de-perfusion\\\/\"]}]},{\"@type\":\"ImageObject\",\"inLanguage\":\"fr-FR\",\"@id\":\"https:\\\/\\\/summithealth.ca\\\/fr\\\/cliniques-de-perfusion\\\/#primaryimage\",\"url\":\"https:\\\/\\\/summithealth.ca\\\/wp-content\\\/uploads\\\/2025\\\/02\\\/infusion-768x1024.png\",\"contentUrl\":\"https:\\\/\\\/summithealth.ca\\\/wp-content\\\/uploads\\\/2025\\\/02\\\/infusion-768x1024.png\"},{\"@type\":\"BreadcrumbList\",\"@id\":\"https:\\\/\\\/summithealth.ca\\\/fr\\\/cliniques-de-perfusion\\\/#breadcrumb\",\"itemListElement\":[{\"@type\":\"ListItem\",\"position\":1,\"name\":\"Home\",\"item\":\"https:\\\/\\\/summithealth.ca\\\/fr\\\/\"},{\"@type\":\"ListItem\",\"position\":2,\"name\":\"Cliniques de perfusion\"}]},{\"@type\":\"WebSite\",\"@id\":\"https:\\\/\\\/summithealth.ca\\\/fr\\\/#website\",\"url\":\"https:\\\/\\\/summithealth.ca\\\/fr\\\/\",\"name\":\"Summit Health\",\"description\":\"\",\"publisher\":{\"@id\":\"https:\\\/\\\/summithealth.ca\\\/fr\\\/#organization\"},\"potentialAction\":[{\"@type\":\"SearchAction\",\"target\":{\"@type\":\"EntryPoint\",\"urlTemplate\":\"https:\\\/\\\/summithealth.ca\\\/fr\\\/?s={search_term_string}\"},\"query-input\":{\"@type\":\"PropertyValueSpecification\",\"valueRequired\":true,\"valueName\":\"search_term_string\"}}],\"inLanguage\":\"fr-FR\"},{\"@type\":\"Organization\",\"@id\":\"https:\\\/\\\/summithealth.ca\\\/fr\\\/#organization\",\"name\":\"Summit Health\",\"url\":\"https:\\\/\\\/summithealth.ca\\\/fr\\\/\",\"logo\":{\"@type\":\"ImageObject\",\"inLanguage\":\"fr-FR\",\"@id\":\"https:\\\/\\\/summithealth.ca\\\/fr\\\/#\\\/schema\\\/logo\\\/image\\\/\",\"url\":\"https:\\\/\\\/summithealth.ca\\\/wp-content\\\/uploads\\\/2024\\\/07\\\/logo_trimmed.png\",\"contentUrl\":\"https:\\\/\\\/summithealth.ca\\\/wp-content\\\/uploads\\\/2024\\\/07\\\/logo_trimmed.png\",\"width\":312,\"height\":312,\"caption\":\"Summit Health\"},\"image\":{\"@id\":\"https:\\\/\\\/summithealth.ca\\\/fr\\\/#\\\/schema\\\/logo\\\/image\\\/\"}},{\"@type\":\"Question\",\"@id\":\"https:\\\/\\\/summithealth.ca\\\/fr\\\/cliniques-de-perfusion\\\/#faq-question-1722530944887\",\"position\":1,\"url\":\"https:\\\/\\\/summithealth.ca\\\/fr\\\/cliniques-de-perfusion\\\/#faq-question-1722530944887\",\"name\":\"Does Summit Health offer infusion therapy at all locations?\",\"answerCount\":1,\"acceptedAnswer\":{\"@type\":\"Answer\",\"text\":\"Currently infusion therapy is only available at our downtown Montreal and Laval clinics but we will be making this service available at our other locations very soon\",\"inLanguage\":\"fr-FR\"},\"inLanguage\":\"fr-FR\"},{\"@type\":\"Question\",\"@id\":\"https:\\\/\\\/summithealth.ca\\\/fr\\\/cliniques-de-perfusion\\\/#faq-question-1722530965158\",\"position\":2,\"url\":\"https:\\\/\\\/summithealth.ca\\\/fr\\\/cliniques-de-perfusion\\\/#faq-question-1722530965158\",\"name\":\"Do I need a referral to receive infusion therapy?\",\"answerCount\":1,\"acceptedAnswer\":{\"@type\":\"Answer\",\"text\":\"Yes, a referral from your physician is required. <a href=\\\"https:\\\/\\\/summithealth.ca\\\/contacts\\\/\\\">Contact us<\\\/a> for assistance in coordinating with your healthcare provider.\",\"inLanguage\":\"fr-FR\"},\"inLanguage\":\"fr-FR\"},{\"@type\":\"Question\",\"@id\":\"https:\\\/\\\/summithealth.ca\\\/fr\\\/cliniques-de-perfusion\\\/#faq-question-1740602518016\",\"position\":3,\"url\":\"https:\\\/\\\/summithealth.ca\\\/fr\\\/cliniques-de-perfusion\\\/#faq-question-1740602518016\",\"name\":\"Do you offer specialty pharmacy services\",\"answerCount\":1,\"acceptedAnswer\":{\"@type\":\"Answer\",\"text\":\"Our team will do the work to coordinate with your pharmacy to prepare your medication for treatment. If that isn't possible then we will coordinate your medication through partner pharmacies. \",\"inLanguage\":\"fr-FR\"},\"inLanguage\":\"fr-FR\"},{\"@type\":\"Question\",\"@id\":\"https:\\\/\\\/summithealth.ca\\\/fr\\\/cliniques-de-perfusion\\\/#faq-question-1723822850624\",\"position\":4,\"url\":\"https:\\\/\\\/summithealth.ca\\\/fr\\\/cliniques-de-perfusion\\\/#faq-question-1723822850624\",\"name\":\"Will my insurance cover infusion therapy?\",\"answerCount\":1,\"acceptedAnswer\":{\"@type\":\"Answer\",\"text\":\"Coverage varies by provider and treatment type. We can assist with verifying your benefits and providing cost estimates before your appointment. <a href=\\\"https:\\\/\\\/summithealth.ca\\\/contacts\\\/\\\">Contact Us<\\\/a> to learn more\",\"inLanguage\":\"fr-FR\"},\"inLanguage\":\"fr-FR\"}]}<\/script>\n<!-- \/ Yoast SEO plugin. -->","yoast_head_json":{"title":"Cliniques de perfusion - Summit Health","description":"D\u00e9couvrez nos cliniques de perfusion sp\u00e9cialis\u00e9es, qui proposent des traitements m\u00e9dicaux s\u00fbrs et supervis\u00e9s par des professionnels.","robots":{"index":"index","follow":"follow","max-snippet":"max-snippet:-1","max-image-preview":"max-image-preview:large","max-video-preview":"max-video-preview:-1"},"canonical":"https:\/\/summithealth.ca\/fr\/cliniques-de-perfusion\/","og_locale":"fr_FR","og_type":"article","og_title":"Cliniques de perfusion - Summit Health","og_description":"D\u00e9couvrez nos cliniques de perfusion sp\u00e9cialis\u00e9es, qui proposent des traitements m\u00e9dicaux s\u00fbrs et supervis\u00e9s par des professionnels.","og_url":"https:\/\/summithealth.ca\/fr\/cliniques-de-perfusion\/","og_site_name":"Summit Health","article_modified_time":"2025-02-27T21:28:14+00:00","og_image":[{"width":900,"height":1200,"url":"https:\/\/summithealth.ca\/wp-content\/uploads\/2025\/02\/infusion.png","type":"image\/png"}],"twitter_card":"summary_large_image","twitter_misc":{"Dur\u00e9e de lecture estim\u00e9e":"2 minutes"},"schema":{"@context":"https:\/\/schema.org","@graph":[{"@type":["WebPage","FAQPage"],"@id":"https:\/\/summithealth.ca\/fr\/cliniques-de-perfusion\/","url":"https:\/\/summithealth.ca\/fr\/cliniques-de-perfusion\/","name":"Cliniques de perfusion - Summit Health","isPartOf":{"@id":"https:\/\/summithealth.ca\/fr\/#website"},"primaryImageOfPage":{"@id":"https:\/\/summithealth.ca\/fr\/cliniques-de-perfusion\/#primaryimage"},"image":{"@id":"https:\/\/summithealth.ca\/fr\/cliniques-de-perfusion\/#primaryimage"},"thumbnailUrl":"https:\/\/summithealth.ca\/wp-content\/uploads\/2025\/02\/infusion-768x1024.png","datePublished":"2025-02-26T20:42:35+00:00","dateModified":"2025-02-27T21:28:14+00:00","description":"D\u00e9couvrez nos cliniques de perfusion sp\u00e9cialis\u00e9es, qui proposent des traitements m\u00e9dicaux s\u00fbrs et supervis\u00e9s par des professionnels.","breadcrumb":{"@id":"https:\/\/summithealth.ca\/fr\/cliniques-de-perfusion\/#breadcrumb"},"mainEntity":[{"@id":"https:\/\/summithealth.ca\/fr\/cliniques-de-perfusion\/#faq-question-1722530944887"},{"@id":"https:\/\/summithealth.ca\/fr\/cliniques-de-perfusion\/#faq-question-1722530965158"},{"@id":"https:\/\/summithealth.ca\/fr\/cliniques-de-perfusion\/#faq-question-1740602518016"},{"@id":"https:\/\/summithealth.ca\/fr\/cliniques-de-perfusion\/#faq-question-1723822850624"}],"inLanguage":"fr-FR","potentialAction":[{"@type":"ReadAction","target":["https:\/\/summithealth.ca\/fr\/cliniques-de-perfusion\/"]}]},{"@type":"ImageObject","inLanguage":"fr-FR","@id":"https:\/\/summithealth.ca\/fr\/cliniques-de-perfusion\/#primaryimage","url":"https:\/\/summithealth.ca\/wp-content\/uploads\/2025\/02\/infusion-768x1024.png","contentUrl":"https:\/\/summithealth.ca\/wp-content\/uploads\/2025\/02\/infusion-768x1024.png"},{"@type":"BreadcrumbList","@id":"https:\/\/summithealth.ca\/fr\/cliniques-de-perfusion\/#breadcrumb","itemListElement":[{"@type":"ListItem","position":1,"name":"Home","item":"https:\/\/summithealth.ca\/fr\/"},{"@type":"ListItem","position":2,"name":"Cliniques de perfusion"}]},{"@type":"WebSite","@id":"https:\/\/summithealth.ca\/fr\/#website","url":"https:\/\/summithealth.ca\/fr\/","name":"Summit Health","description":"","publisher":{"@id":"https:\/\/summithealth.ca\/fr\/#organization"},"potentialAction":[{"@type":"SearchAction","target":{"@type":"EntryPoint","urlTemplate":"https:\/\/summithealth.ca\/fr\/?s={search_term_string}"},"query-input":{"@type":"PropertyValueSpecification","valueRequired":true,"valueName":"search_term_string"}}],"inLanguage":"fr-FR"},{"@type":"Organization","@id":"https:\/\/summithealth.ca\/fr\/#organization","name":"Summit Health","url":"https:\/\/summithealth.ca\/fr\/","logo":{"@type":"ImageObject","inLanguage":"fr-FR","@id":"https:\/\/summithealth.ca\/fr\/#\/schema\/logo\/image\/","url":"https:\/\/summithealth.ca\/wp-content\/uploads\/2024\/07\/logo_trimmed.png","contentUrl":"https:\/\/summithealth.ca\/wp-content\/uploads\/2024\/07\/logo_trimmed.png","width":312,"height":312,"caption":"Summit Health"},"image":{"@id":"https:\/\/summithealth.ca\/fr\/#\/schema\/logo\/image\/"}},{"@type":"Question","@id":"https:\/\/summithealth.ca\/fr\/cliniques-de-perfusion\/#faq-question-1722530944887","position":1,"url":"https:\/\/summithealth.ca\/fr\/cliniques-de-perfusion\/#faq-question-1722530944887","name":"Does Summit Health offer infusion therapy at all locations?","answerCount":1,"acceptedAnswer":{"@type":"Answer","text":"Currently infusion therapy is only available at our downtown Montreal and Laval clinics but we will be making this service available at our other locations very soon","inLanguage":"fr-FR"},"inLanguage":"fr-FR"},{"@type":"Question","@id":"https:\/\/summithealth.ca\/fr\/cliniques-de-perfusion\/#faq-question-1722530965158","position":2,"url":"https:\/\/summithealth.ca\/fr\/cliniques-de-perfusion\/#faq-question-1722530965158","name":"Do I need a referral to receive infusion therapy?","answerCount":1,"acceptedAnswer":{"@type":"Answer","text":"Yes, a referral from your physician is required. <a href=\"https:\/\/summithealth.ca\/contacts\/\">Contact us<\/a> for assistance in coordinating with your healthcare provider.","inLanguage":"fr-FR"},"inLanguage":"fr-FR"},{"@type":"Question","@id":"https:\/\/summithealth.ca\/fr\/cliniques-de-perfusion\/#faq-question-1740602518016","position":3,"url":"https:\/\/summithealth.ca\/fr\/cliniques-de-perfusion\/#faq-question-1740602518016","name":"Do you offer specialty pharmacy services","answerCount":1,"acceptedAnswer":{"@type":"Answer","text":"Our team will do the work to coordinate with your pharmacy to prepare your medication for treatment. If that isn't possible then we will coordinate your medication through partner pharmacies. ","inLanguage":"fr-FR"},"inLanguage":"fr-FR"},{"@type":"Question","@id":"https:\/\/summithealth.ca\/fr\/cliniques-de-perfusion\/#faq-question-1723822850624","position":4,"url":"https:\/\/summithealth.ca\/fr\/cliniques-de-perfusion\/#faq-question-1723822850624","name":"Will my insurance cover infusion therapy?","answerCount":1,"acceptedAnswer":{"@type":"Answer","text":"Coverage varies by provider and treatment type. We can assist with verifying your benefits and providing cost estimates before your appointment. <a href=\"https:\/\/summithealth.ca\/contacts\/\">Contact Us<\/a> to learn more","inLanguage":"fr-FR"},"inLanguage":"fr-FR"}]}},"_links":{"self":[{"href":"https:\/\/summithealth.ca\/fr\/wp-json\/wp\/v2\/pages\/1867","targetHints":{"allow":["GET"]}}],"collection":[{"href":"https:\/\/summithealth.ca\/fr\/wp-json\/wp\/v2\/pages"}],"about":[{"href":"https:\/\/summithealth.ca\/fr\/wp-json\/wp\/v2\/types\/page"}],"author":[{"embeddable":true,"href":"https:\/\/summithealth.ca\/fr\/wp-json\/wp\/v2\/users\/1"}],"replies":[{"embeddable":true,"href":"https:\/\/summithealth.ca\/fr\/wp-json\/wp\/v2\/comments?post=1867"}],"version-history":[{"count":5,"href":"https:\/\/summithealth.ca\/fr\/wp-json\/wp\/v2\/pages\/1867\/revisions"}],"predecessor-version":[{"id":1910,"href":"https:\/\/summithealth.ca\/fr\/wp-json\/wp\/v2\/pages\/1867\/revisions\/1910"}],"wp:attachment":[{"href":"https:\/\/summithealth.ca\/fr\/wp-json\/wp\/v2\/media?parent=1867"}],"curies":[{"name":"wp","href":"https:\/\/api.w.org\/{rel}","templated":true}]}}