{"id":1721,"date":"2024-11-22T01:07:32","date_gmt":"2024-11-22T01:07:32","guid":{"rendered":"https:\/\/summithealth.ca\/politique-dannulation\/"},"modified":"2026-02-03T17:10:54","modified_gmt":"2026-02-03T17:10:54","slug":"politique-dannulation","status":"publish","type":"page","link":"https:\/\/summithealth.ca\/fr\/politique-dannulation\/","title":{"rendered":"Politique d&rsquo;annulation"},"content":{"rendered":"\n<p>Afin de vous offrir le meilleur service possible, nous ne prenons pas de double rendez-vous avec les patients. Cela vous garantit un entretien individuel avec notre infirmi\u00e8re. Par cons\u00e9quent, la politique d&rsquo;annulation et de reprogrammation suivante a \u00e9t\u00e9 mise en place afin de garantir que tous les patients arrivent \u00e0 l&rsquo;heure et soient examin\u00e9s en temps voulu.<\/p>\n\n<p><strong>Politique de non-pr\u00e9sentation et d&rsquo;annulation<\/strong><\/p>\n\n<p>Les annulations de consultations de voyage effectu\u00e9es plus de 48 heures avant le rendez-vous seront trait\u00e9es sans frais. Un remboursement complet sera effectu\u00e9 et renvoy\u00e9 \u00e0 la m\u00e9thode de paiement originale dans les 5 jours.<\/p>\n\n<p>Les annulations effectu\u00e9es moins de 48 heures avant un rendez-vous seront soumises \u00e0 des frais de 55 $.<br\/>Si Summit Health annule un rendez-vous, un nouveau rendez-vous sera fix\u00e9 sans p\u00e9nalit\u00e9.<\/p>\n\n<p><strong>Politique de report<\/strong><\/p>\n\n<p>Le report d&rsquo;un rendez-vous plus de 48 heures \u00e0 l&rsquo;avance sera trait\u00e9 sans p\u00e9nalit\u00e9 et peut \u00eatre effectu\u00e9 en ligne ou en appelant le 1-888-224-8809.<\/p>\n\n<p>Le report d&rsquo;une consultation de voyage moins de 48 heures avant l&rsquo;heure de d\u00e9but du rendez-vous est soumis \u00e0 des frais de 35 $.<\/p>\n\n<p><strong>Politique d&rsquo;arriv\u00e9e tardive<\/strong><\/p>\n\n<p>Les patients sont pri\u00e9s d&rsquo;arriver \u00e0 leur rendez-vous avant l&rsquo;heure pr\u00e9vue.<br\/>Un d\u00e9lai de gr\u00e2ce de 15 minutes sera accord\u00e9 pour les retards impr\u00e9vus qu&rsquo;un patient pourrait rencontrer en se rendant \u00e0 la clinique pour son rendez-vous. Si un patient arrive avec plus de 15 minutes de retard \u00e0 son rendez-vous, celui-ci devra \u00eatre report\u00e9. Le patient aura la possibilit\u00e9 d&rsquo;\u00eatre vu le jour m\u00eame en tant que patient sans rendez-vous, si l&rsquo;horaire le permet, ou de reporter son rendez-vous \u00e0 une date ult\u00e9rieure (ce qui est soumis \u00e0 la politique de report de rendez-vous).<\/p>\n","protected":false},"excerpt":{"rendered":"<p>Afin de vous offrir le meilleur service possible, nous ne prenons pas de double rendez-vous avec les patients. Cela vous garantit un entretien individuel avec &#8230; <a title=\"Politique d&rsquo;annulation\" class=\"read-more\" href=\"https:\/\/summithealth.ca\/fr\/politique-dannulation\/\" aria-label=\"En savoir plus sur Politique d&rsquo;annulation\">Lire plus<\/a><\/p>\n","protected":false},"author":1,"featured_media":0,"parent":0,"menu_order":0,"comment_status":"closed","ping_status":"closed","template":"","meta":{"footnotes":""},"class_list":["post-1721","page","type-page","status-publish"],"yoast_head":"<!-- This site is optimized with the Yoast SEO plugin v27.5 - https:\/\/yoast.com\/product\/yoast-seo-wordpress\/ -->\n<title>Politique d&#039;annulation - Summit Health<\/title>\n<meta name=\"description\" content=\"Lisez la politique d&#039;annulation de Summit Health pour les changements de rendez-vous ou les visites manqu\u00e9es dans nos cliniques du Qu\u00e9bec et de l&#039;Ontario.\" \/>\n<meta name=\"robots\" content=\"index, follow, max-snippet:-1, max-image-preview:large, max-video-preview:-1\" \/>\n<link rel=\"canonical\" href=\"https:\/\/summithealth.ca\/fr\/politique-dannulation\/\" \/>\n<meta property=\"og:locale\" content=\"fr_FR\" \/>\n<meta property=\"og:type\" content=\"article\" \/>\n<meta property=\"og:title\" content=\"Politique d&#039;annulation - Summit Health\" \/>\n<meta property=\"og:description\" content=\"Lisez la politique d&#039;annulation de Summit Health pour les changements de rendez-vous ou les visites manqu\u00e9es dans nos cliniques du Qu\u00e9bec et de l&#039;Ontario.\" \/>\n<meta property=\"og:url\" content=\"https:\/\/summithealth.ca\/fr\/politique-dannulation\/\" \/>\n<meta property=\"og:site_name\" content=\"Summit Health\" \/>\n<meta property=\"article:modified_time\" content=\"2026-02-03T17:10:54+00:00\" \/>\n<meta name=\"twitter:card\" content=\"summary_large_image\" \/>\n<meta name=\"twitter:label1\" content=\"Dur\u00e9e de lecture estim\u00e9e\" \/>\n\t<meta name=\"twitter:data1\" content=\"1 minute\" \/>\n<script type=\"application\/ld+json\" class=\"yoast-schema-graph\">{\"@context\":\"https:\\\/\\\/schema.org\",\"@graph\":[{\"@type\":\"WebPage\",\"@id\":\"https:\\\/\\\/summithealth.ca\\\/fr\\\/politique-dannulation\\\/\",\"url\":\"https:\\\/\\\/summithealth.ca\\\/fr\\\/politique-dannulation\\\/\",\"name\":\"Politique d'annulation - Summit Health\",\"isPartOf\":{\"@id\":\"https:\\\/\\\/summithealth.ca\\\/fr\\\/#website\"},\"datePublished\":\"2024-11-22T01:07:32+00:00\",\"dateModified\":\"2026-02-03T17:10:54+00:00\",\"description\":\"Lisez la politique d'annulation de Summit Health pour les changements de rendez-vous ou les visites manqu\u00e9es dans nos cliniques du Qu\u00e9bec et de l'Ontario.\",\"breadcrumb\":{\"@id\":\"https:\\\/\\\/summithealth.ca\\\/fr\\\/politique-dannulation\\\/#breadcrumb\"},\"inLanguage\":\"fr-FR\",\"potentialAction\":[{\"@type\":\"ReadAction\",\"target\":[\"https:\\\/\\\/summithealth.ca\\\/fr\\\/politique-dannulation\\\/\"]}]},{\"@type\":\"BreadcrumbList\",\"@id\":\"https:\\\/\\\/summithealth.ca\\\/fr\\\/politique-dannulation\\\/#breadcrumb\",\"itemListElement\":[{\"@type\":\"ListItem\",\"position\":1,\"name\":\"Home\",\"item\":\"https:\\\/\\\/summithealth.ca\\\/fr\\\/\"},{\"@type\":\"ListItem\",\"position\":2,\"name\":\"Politique d&rsquo;annulation\"}]},{\"@type\":\"WebSite\",\"@id\":\"https:\\\/\\\/summithealth.ca\\\/fr\\\/#website\",\"url\":\"https:\\\/\\\/summithealth.ca\\\/fr\\\/\",\"name\":\"Summit Health\",\"description\":\"\",\"publisher\":{\"@id\":\"https:\\\/\\\/summithealth.ca\\\/fr\\\/#organization\"},\"potentialAction\":[{\"@type\":\"SearchAction\",\"target\":{\"@type\":\"EntryPoint\",\"urlTemplate\":\"https:\\\/\\\/summithealth.ca\\\/fr\\\/?s={search_term_string}\"},\"query-input\":{\"@type\":\"PropertyValueSpecification\",\"valueRequired\":true,\"valueName\":\"search_term_string\"}}],\"inLanguage\":\"fr-FR\"},{\"@type\":\"Organization\",\"@id\":\"https:\\\/\\\/summithealth.ca\\\/fr\\\/#organization\",\"name\":\"Summit Health\",\"url\":\"https:\\\/\\\/summithealth.ca\\\/fr\\\/\",\"logo\":{\"@type\":\"ImageObject\",\"inLanguage\":\"fr-FR\",\"@id\":\"https:\\\/\\\/summithealth.ca\\\/fr\\\/#\\\/schema\\\/logo\\\/image\\\/\",\"url\":\"https:\\\/\\\/summithealth.ca\\\/wp-content\\\/uploads\\\/2024\\\/07\\\/logo_trimmed.png\",\"contentUrl\":\"https:\\\/\\\/summithealth.ca\\\/wp-content\\\/uploads\\\/2024\\\/07\\\/logo_trimmed.png\",\"width\":312,\"height\":312,\"caption\":\"Summit Health\"},\"image\":{\"@id\":\"https:\\\/\\\/summithealth.ca\\\/fr\\\/#\\\/schema\\\/logo\\\/image\\\/\"}}]}<\/script>\n<!-- \/ Yoast SEO plugin. -->","yoast_head_json":{"title":"Politique d'annulation - Summit Health","description":"Lisez la politique d'annulation de Summit Health pour les changements de rendez-vous ou les visites manqu\u00e9es dans nos cliniques du Qu\u00e9bec et de l'Ontario.","robots":{"index":"index","follow":"follow","max-snippet":"max-snippet:-1","max-image-preview":"max-image-preview:large","max-video-preview":"max-video-preview:-1"},"canonical":"https:\/\/summithealth.ca\/fr\/politique-dannulation\/","og_locale":"fr_FR","og_type":"article","og_title":"Politique d'annulation - Summit Health","og_description":"Lisez la politique d'annulation de Summit Health pour les changements de rendez-vous ou les visites manqu\u00e9es dans nos cliniques du Qu\u00e9bec et de l'Ontario.","og_url":"https:\/\/summithealth.ca\/fr\/politique-dannulation\/","og_site_name":"Summit Health","article_modified_time":"2026-02-03T17:10:54+00:00","twitter_card":"summary_large_image","twitter_misc":{"Dur\u00e9e de lecture estim\u00e9e":"1 minute"},"schema":{"@context":"https:\/\/schema.org","@graph":[{"@type":"WebPage","@id":"https:\/\/summithealth.ca\/fr\/politique-dannulation\/","url":"https:\/\/summithealth.ca\/fr\/politique-dannulation\/","name":"Politique d'annulation - Summit Health","isPartOf":{"@id":"https:\/\/summithealth.ca\/fr\/#website"},"datePublished":"2024-11-22T01:07:32+00:00","dateModified":"2026-02-03T17:10:54+00:00","description":"Lisez la politique d'annulation de Summit Health pour les changements de rendez-vous ou les visites manqu\u00e9es dans nos cliniques du Qu\u00e9bec et de l'Ontario.","breadcrumb":{"@id":"https:\/\/summithealth.ca\/fr\/politique-dannulation\/#breadcrumb"},"inLanguage":"fr-FR","potentialAction":[{"@type":"ReadAction","target":["https:\/\/summithealth.ca\/fr\/politique-dannulation\/"]}]},{"@type":"BreadcrumbList","@id":"https:\/\/summithealth.ca\/fr\/politique-dannulation\/#breadcrumb","itemListElement":[{"@type":"ListItem","position":1,"name":"Home","item":"https:\/\/summithealth.ca\/fr\/"},{"@type":"ListItem","position":2,"name":"Politique d&rsquo;annulation"}]},{"@type":"WebSite","@id":"https:\/\/summithealth.ca\/fr\/#website","url":"https:\/\/summithealth.ca\/fr\/","name":"Summit Health","description":"","publisher":{"@id":"https:\/\/summithealth.ca\/fr\/#organization"},"potentialAction":[{"@type":"SearchAction","target":{"@type":"EntryPoint","urlTemplate":"https:\/\/summithealth.ca\/fr\/?s={search_term_string}"},"query-input":{"@type":"PropertyValueSpecification","valueRequired":true,"valueName":"search_term_string"}}],"inLanguage":"fr-FR"},{"@type":"Organization","@id":"https:\/\/summithealth.ca\/fr\/#organization","name":"Summit Health","url":"https:\/\/summithealth.ca\/fr\/","logo":{"@type":"ImageObject","inLanguage":"fr-FR","@id":"https:\/\/summithealth.ca\/fr\/#\/schema\/logo\/image\/","url":"https:\/\/summithealth.ca\/wp-content\/uploads\/2024\/07\/logo_trimmed.png","contentUrl":"https:\/\/summithealth.ca\/wp-content\/uploads\/2024\/07\/logo_trimmed.png","width":312,"height":312,"caption":"Summit Health"},"image":{"@id":"https:\/\/summithealth.ca\/fr\/#\/schema\/logo\/image\/"}}]}},"_links":{"self":[{"href":"https:\/\/summithealth.ca\/fr\/wp-json\/wp\/v2\/pages\/1721","targetHints":{"allow":["GET"]}}],"collection":[{"href":"https:\/\/summithealth.ca\/fr\/wp-json\/wp\/v2\/pages"}],"about":[{"href":"https:\/\/summithealth.ca\/fr\/wp-json\/wp\/v2\/types\/page"}],"author":[{"embeddable":true,"href":"https:\/\/summithealth.ca\/fr\/wp-json\/wp\/v2\/users\/1"}],"replies":[{"embeddable":true,"href":"https:\/\/summithealth.ca\/fr\/wp-json\/wp\/v2\/comments?post=1721"}],"version-history":[{"count":2,"href":"https:\/\/summithealth.ca\/fr\/wp-json\/wp\/v2\/pages\/1721\/revisions"}],"predecessor-version":[{"id":2458,"href":"https:\/\/summithealth.ca\/fr\/wp-json\/wp\/v2\/pages\/1721\/revisions\/2458"}],"wp:attachment":[{"href":"https:\/\/summithealth.ca\/fr\/wp-json\/wp\/v2\/media?parent=1721"}],"curies":[{"name":"wp","href":"https:\/\/api.w.org\/{rel}","templated":true}]}}