{"id":1656,"date":"2024-10-25T18:28:01","date_gmt":"2024-10-25T18:28:01","guid":{"rendered":"https:\/\/summithealth.sisnettdesign.com\/test-dapnee-du-sommeil\/"},"modified":"2024-11-21T19:38:08","modified_gmt":"2024-11-21T19:38:08","slug":"test-dapnee-du-sommeil","status":"publish","type":"page","link":"https:\/\/summithealth.ca\/fr\/test-dapnee-du-sommeil\/","title":{"rendered":"Test d&rsquo;apn\u00e9e du sommeil"},"content":{"rendered":"<section class=\"gb-container gb-container-8c5dcceb\">\n<div class=\"gb-container gb-container-fd08668c\">\n<div class=\"gb-container gb-container-c2c01c37\">\n\n<h2 class=\"gb-headline gb-headline-6a153141 gb-headline-text\">Diagnostic pratique \u00e0 domicile<\/h2>\n\n\n\n<p>Chez Summit Health, nous comprenons l&rsquo;importance d&rsquo;un sommeil r\u00e9parateur et son r\u00f4le crucial pour votre sant\u00e9 et votre bien-\u00eatre. Gr\u00e2ce \u00e0 nos cliniques du sommeil Dorma, nous proposons des \u00e9tudes du sommeil pratiques, \u00e0 domicile, pour aider \u00e0 diagnostiquer l&rsquo;apn\u00e9e du sommeil. Ce processus est con\u00e7u pour s&rsquo;int\u00e9grer parfaitement \u00e0 votre mode de vie, vous offrant une solution confortable et efficace pour \u00e9valuer l&rsquo;apn\u00e9e du sommeil dans le confort de votre maison.<\/p>\n\n\n\n<p>Si l&rsquo;on vous a diagnostiqu\u00e9 une apn\u00e9e du sommeil, notre \u00e9quipe est l\u00e0 pour vous guider dans les \u00e9tapes suivantes. Nous proposons une gamme compl\u00e8te d&rsquo;appareils et de fournitures CPAP adapt\u00e9s \u00e0 vos besoins, et nous nous engageons \u00e0 vous apporter un soutien continu pour vous garantir le meilleur sommeil possible. Gr\u00e2ce aux soins personnalis\u00e9s de Dorma Sleep Clinics, Summit Health s&rsquo;engage \u00e0 vous aider \u00e0 prendre en charge la sant\u00e9 de votre sommeil.<\/p>\n\n\n\n<p>Vous \u00eates pr\u00eat \u00e0 commencer ? R\u00e9servez votre \u00e9tude du sommeil ou renseignez-vous sur nos options CPAP d\u00e8s aujourd&rsquo;hui !<\/p>\n\n\n<div class=\"gb-grid-wrapper gb-grid-wrapper-d8b5e0bb\">\n<div class=\"gb-grid-column gb-grid-column-117b0ffd\"><div class=\"gb-container gb-container-117b0ffd\">\n\n<h4 class=\"gb-headline gb-headline-aaba43a2\"><span class=\"gb-icon\"><svg xmlns=\"http:\/\/www.w3.org\/2000\/svg\" fill=\"#000000\" version=\"1.1\" viewbox=\"144 144 512 512\"><g id=\"SVGRepo_bgCarrier\" stroke-width=\"0\"><\/g><g id=\"SVGRepo_tracerCarrier\" stroke-linecap=\"round\" stroke-linejoin=\"round\"><\/g><g id=\"SVGRepo_iconCarrier\"> <g> <path d=\"m337.02 384.25c43.473 0 78.719-35.242 78.719-78.719 0-43.477-35.246-78.723-78.719-78.723-43.477 0-78.723 35.246-78.723 78.723 0 43.477 35.246 78.719 78.723 78.719z\"><\/path> <path d=\"m384.25 431.49c0-4.5898 0.28125-9.1094 0.82422-13.551-14.242-1.3633-30.234-2.1953-48.055-2.1953-73.336 0-115.69 14.082-132.79 21.426-5.6758 2.4375-8.9141 8.1094-8.9141 14.285 0 58.535 47.453 105.98 105.98 105.98h71.426c17.586 0 34.172-4.2812 48.77-11.863-22.844-20.191-37.25-49.715-37.25-82.598z\"><\/path> <path d=\"m498.4 400v52.121l27.074 27.074 16.699-16.699-20.156-20.156v-42.34z\"><\/path> <path d=\"m510.21 541.7c52.172 0 94.465-42.293 94.465-94.465s-42.293-94.465-94.465-94.465-94.465 42.293-94.465 94.465 42.293 94.465 94.465 94.465zm0-31.488c34.781 0 62.977-28.195 62.977-62.977s-28.195-62.977-62.977-62.977-62.977 28.195-62.977 62.977 28.195 62.977 62.977 62.977z\" fill-rule=\"evenodd\"><\/path> <\/g> <\/g><\/svg><\/span><span class=\"gb-headline-text\">\u00c9tudes du sommeil \u00e0 domicile<\/span><\/h4>\n\n\n\n<p class=\"gb-headline gb-headline-3df16887 gb-headline-text\">Oubliez les visites de nuit \u00e0 la clinique. Nos \u00e9tudes du sommeil \u00e0 domicile facilitent l&rsquo;\u00e9valuation de l&rsquo;apn\u00e9e du sommeil dans le confort de votre lit, vous donnant des informations pr\u00e9cises sans perturber votre routine.<\/p>\n\n<\/div><\/div>\n\n<div class=\"gb-grid-column gb-grid-column-1bfbbf5b\"><div class=\"gb-container gb-container-1bfbbf5b\">\n\n<h4 class=\"gb-headline gb-headline-ac1017e5\"><span class=\"gb-icon\"><svg xmlns=\"http:\/\/www.w3.org\/2000\/svg\" viewbox=\"0 0 100 100\"><path d=\"M27.953 46.506a21.02 21.02 0 0 1-2.117-9.192c0-1.743.252-3.534.768-5.468.231-.87.521-1.702.847-2.509-1.251-.683-2.626-1.103-4.101-1.103-5.47 0-9.898 5.153-9.898 11.517 0 4.452 2.176 8.305 5.354 10.222L5.391 56.217c-.836.393-1.387 1.337-1.387 2.392v10.588c0 1.419.991 2.569 2.21 2.569h7.929v-11.11c0-3.237 1.802-6.172 4.599-7.481l10.262-4.779a20.2 20.2 0 0 1-1.051-1.89zM60.137 34.801h34.092V34.8l.006.001c.973 0 1.761-.789 1.761-1.761v-6.431c0-.973-.789-1.761-1.761-1.761l-.006.001v-.005H56.133a20.013 20.013 0 0 1 3.526 7.435c.215.889.371 1.72.478 2.522zM95.996 66.436c0-.973-.789-1.761-1.761-1.761l-.006.001v-.005H72.007v9.089c0 .293-.016.582-.045.867h22.267v-.001l.006.001c.973 0 1.761-.789 1.761-1.761V66.436zM94.235 44.762l-.006.001v-.005H58.944c-.159.419-.327.836-.514 1.249a20.258 20.258 0 0 1-1.224 2.297l10.288 4.908a7.67 7.67 0 0 1 2.078 1.503h24.657v-.001l.006.001c.973 0 1.761-.789 1.761-1.761v-6.431c0-.973-.789-1.761-1.761-1.761z\"><\/path><path d=\"m65.323 57.702-11.551-5.51-4.885-2.33c2.134-1.344 3.866-3.418 5-5.917a16.045 16.045 0 0 0 1.435-6.631c0-1.348-.213-2.627-.512-3.863-1.453-5.983-6.126-10.392-11.736-10.392-5.504 0-10.106 4.251-11.648 10.065-.356 1.333-.602 2.72-.602 4.189 0 2.552.596 4.93 1.609 7 1.171 2.4 2.906 4.379 5.018 5.651l-4.678 2.178-11.926 5.554c-1.037.485-1.717 1.654-1.717 2.959V73.76c0 1.756 1.224 3.181 2.735 3.181h42.417c1.511 0 2.735-1.424 2.735-3.181V60.656c.002-1.301-.668-2.458-1.694-2.954z\"><\/path><\/svg><\/span><span class=\"gb-headline-text\">Soutien complet \u00e0 la PPC<\/span><\/h4>\n\n\n\n<p class=\"gb-headline gb-headline-33401aa1 gb-headline-text\">Du choix de la machine CPAP \u00e0 la prise en charge continue, nous sommes \u00e0 vos c\u00f4t\u00e9s \u00e0 chaque \u00e9tape. Nos experts veillent \u00e0 ce que vous receviez des conseils personnalis\u00e9s et le meilleur \u00e9quipement pour am\u00e9liorer la qualit\u00e9 de votre sommeil.<\/p>\n\n<\/div><\/div>\n<\/div>\n<\/div>\n\n<div class=\"gb-container gb-container-257a925b\">\n\n<figure class=\"wp-block-image size-full is-resized\"><img loading=\"lazy\" decoding=\"async\" width=\"300\" height=\"68\" src=\"https:\/\/summithealth.ca\/wp-content\/uploads\/2024\/11\/dorma_logo.png\" alt=\"\" class=\"wp-image-1609\" style=\"width:248px;height:auto\"\/><\/figure>\n\n\n\n<div style=\"height:0px\" aria-hidden=\"true\" class=\"wp-block-spacer\"><\/div>\n\n\n\n<figure class=\"wp-block-image size-full\"><img loading=\"lazy\" decoding=\"async\" width=\"640\" height=\"427\" src=\"https:\/\/summithealth.ca\/wp-content\/uploads\/2024\/10\/Heading-4.png\" alt=\"\" class=\"wp-image-1575\" srcset=\"https:\/\/summithealth.ca\/wp-content\/uploads\/2024\/10\/Heading-4.png 640w, https:\/\/summithealth.ca\/wp-content\/uploads\/2024\/10\/Heading-4-300x200.png 300w\" sizes=\"auto, (max-width: 640px) 100vw, 640px\" \/><\/figure>\n\n\n\n<a class=\"gb-button gb-button-d34dfebb smooth-scroll\" href=\"https:\/\/dormalab.com\"><span class=\"gb-button-text\">En savoir plus sur le site de Dorma Lab<\/span><span class=\"gb-icon\"><svg xmlns=\"http:\/\/www.w3.org\/2000\/svg\" viewbox=\"0 0 16 16\" class=\"bi bi-arrow-right\" height=\"16\" width=\"16\">   <path d=\"M1 8a.5.5 0 0 1 .5-.5h11.793l-3.147-3.146a.5.5 0 0 1 .708-.708l4 4a.5.5 0 0 1 0 .708l-4 4a.5.5 0 0 1-.708-.708L13.293 8.5H1.5A.5.5 0 0 1 1 8z\"><\/path> <\/svg><\/span><\/a>\n\n<\/div>\n<\/div>\n<\/section>\n<p><\/p>\n","protected":false},"excerpt":{"rendered":"<p>Diagnostic pratique \u00e0 domicile Chez Summit Health, nous comprenons l&rsquo;importance d&rsquo;un sommeil r\u00e9parateur et son r\u00f4le crucial pour votre sant\u00e9 et votre bien-\u00eatre. Gr\u00e2ce \u00e0 &#8230; <a title=\"Test d&rsquo;apn\u00e9e du sommeil\" class=\"read-more\" href=\"https:\/\/summithealth.ca\/fr\/test-dapnee-du-sommeil\/\" aria-label=\"En savoir plus sur Test d&rsquo;apn\u00e9e du sommeil\">Lire plus<\/a><\/p>\n","protected":false},"author":1,"featured_media":0,"parent":0,"menu_order":0,"comment_status":"closed","ping_status":"closed","template":"","meta":{"footnotes":""},"class_list":["post-1656","page","type-page","status-publish"],"yoast_head":"<!-- This site is optimized with the Yoast SEO plugin v27.3 - https:\/\/yoast.com\/product\/yoast-seo-wordpress\/ -->\n<title>Test d&#039;apn\u00e9e du sommeil - Summit Health<\/title>\n<meta name=\"description\" content=\"Effectuez un test d\u2019apn\u00e9e du sommeil avec Summit Health. Nos cliniques au Qu\u00e9bec et en Ontario offrent des solutions simples et pr\u00e9cises.\" \/>\n<meta name=\"robots\" content=\"index, follow, max-snippet:-1, max-image-preview:large, max-video-preview:-1\" \/>\n<link rel=\"canonical\" href=\"https:\/\/summithealth.ca\/fr\/test-dapnee-du-sommeil\/\" \/>\n<meta property=\"og:locale\" content=\"fr_FR\" \/>\n<meta property=\"og:type\" content=\"article\" \/>\n<meta property=\"og:title\" content=\"Test d&#039;apn\u00e9e du sommeil - Summit Health\" \/>\n<meta property=\"og:description\" content=\"Effectuez un test d\u2019apn\u00e9e du sommeil avec Summit Health. Nos cliniques au Qu\u00e9bec et en Ontario offrent des solutions simples et pr\u00e9cises.\" \/>\n<meta property=\"og:url\" content=\"https:\/\/summithealth.ca\/fr\/test-dapnee-du-sommeil\/\" \/>\n<meta property=\"og:site_name\" content=\"Summit Health\" \/>\n<meta property=\"article:modified_time\" content=\"2024-11-21T19:38:08+00:00\" \/>\n<meta property=\"og:image\" content=\"https:\/\/summithealth.ca\/wp-content\/uploads\/2024\/11\/dorma_logo.png\" \/>\n\t<meta property=\"og:image:width\" content=\"300\" \/>\n\t<meta property=\"og:image:height\" content=\"68\" \/>\n\t<meta property=\"og:image:type\" content=\"image\/png\" \/>\n<meta name=\"twitter:card\" content=\"summary_large_image\" \/>\n<meta name=\"twitter:label1\" content=\"Dur\u00e9e de lecture estim\u00e9e\" \/>\n\t<meta name=\"twitter:data1\" content=\"1 minute\" \/>\n<script type=\"application\/ld+json\" class=\"yoast-schema-graph\">{\"@context\":\"https:\\\/\\\/schema.org\",\"@graph\":[{\"@type\":\"WebPage\",\"@id\":\"https:\\\/\\\/summithealth.ca\\\/fr\\\/test-dapnee-du-sommeil\\\/\",\"url\":\"https:\\\/\\\/summithealth.ca\\\/fr\\\/test-dapnee-du-sommeil\\\/\",\"name\":\"Test d'apn\u00e9e du sommeil - Summit Health\",\"isPartOf\":{\"@id\":\"https:\\\/\\\/summithealth.ca\\\/fr\\\/#website\"},\"primaryImageOfPage\":{\"@id\":\"https:\\\/\\\/summithealth.ca\\\/fr\\\/test-dapnee-du-sommeil\\\/#primaryimage\"},\"image\":{\"@id\":\"https:\\\/\\\/summithealth.ca\\\/fr\\\/test-dapnee-du-sommeil\\\/#primaryimage\"},\"thumbnailUrl\":\"https:\\\/\\\/summithealth.ca\\\/wp-content\\\/uploads\\\/2024\\\/11\\\/dorma_logo.png\",\"datePublished\":\"2024-10-25T18:28:01+00:00\",\"dateModified\":\"2024-11-21T19:38:08+00:00\",\"description\":\"Effectuez un test d\u2019apn\u00e9e du sommeil avec Summit Health. Nos cliniques au Qu\u00e9bec et en Ontario offrent des solutions simples et pr\u00e9cises.\",\"breadcrumb\":{\"@id\":\"https:\\\/\\\/summithealth.ca\\\/fr\\\/test-dapnee-du-sommeil\\\/#breadcrumb\"},\"inLanguage\":\"fr-FR\",\"potentialAction\":[{\"@type\":\"ReadAction\",\"target\":[\"https:\\\/\\\/summithealth.ca\\\/fr\\\/test-dapnee-du-sommeil\\\/\"]}]},{\"@type\":\"ImageObject\",\"inLanguage\":\"fr-FR\",\"@id\":\"https:\\\/\\\/summithealth.ca\\\/fr\\\/test-dapnee-du-sommeil\\\/#primaryimage\",\"url\":\"https:\\\/\\\/summithealth.ca\\\/wp-content\\\/uploads\\\/2024\\\/11\\\/dorma_logo.png\",\"contentUrl\":\"https:\\\/\\\/summithealth.ca\\\/wp-content\\\/uploads\\\/2024\\\/11\\\/dorma_logo.png\"},{\"@type\":\"BreadcrumbList\",\"@id\":\"https:\\\/\\\/summithealth.ca\\\/fr\\\/test-dapnee-du-sommeil\\\/#breadcrumb\",\"itemListElement\":[{\"@type\":\"ListItem\",\"position\":1,\"name\":\"Home\",\"item\":\"https:\\\/\\\/summithealth.ca\\\/fr\\\/\"},{\"@type\":\"ListItem\",\"position\":2,\"name\":\"Test d&#8217;apn\u00e9e du sommeil\"}]},{\"@type\":\"WebSite\",\"@id\":\"https:\\\/\\\/summithealth.ca\\\/fr\\\/#website\",\"url\":\"https:\\\/\\\/summithealth.ca\\\/fr\\\/\",\"name\":\"Summit Health\",\"description\":\"\",\"publisher\":{\"@id\":\"https:\\\/\\\/summithealth.ca\\\/fr\\\/#organization\"},\"potentialAction\":[{\"@type\":\"SearchAction\",\"target\":{\"@type\":\"EntryPoint\",\"urlTemplate\":\"https:\\\/\\\/summithealth.ca\\\/fr\\\/?s={search_term_string}\"},\"query-input\":{\"@type\":\"PropertyValueSpecification\",\"valueRequired\":true,\"valueName\":\"search_term_string\"}}],\"inLanguage\":\"fr-FR\"},{\"@type\":\"Organization\",\"@id\":\"https:\\\/\\\/summithealth.ca\\\/fr\\\/#organization\",\"name\":\"Summit Health\",\"url\":\"https:\\\/\\\/summithealth.ca\\\/fr\\\/\",\"logo\":{\"@type\":\"ImageObject\",\"inLanguage\":\"fr-FR\",\"@id\":\"https:\\\/\\\/summithealth.ca\\\/fr\\\/#\\\/schema\\\/logo\\\/image\\\/\",\"url\":\"https:\\\/\\\/summithealth.ca\\\/wp-content\\\/uploads\\\/2024\\\/07\\\/logo_trimmed.png\",\"contentUrl\":\"https:\\\/\\\/summithealth.ca\\\/wp-content\\\/uploads\\\/2024\\\/07\\\/logo_trimmed.png\",\"width\":312,\"height\":312,\"caption\":\"Summit Health\"},\"image\":{\"@id\":\"https:\\\/\\\/summithealth.ca\\\/fr\\\/#\\\/schema\\\/logo\\\/image\\\/\"}}]}<\/script>\n<!-- \/ Yoast SEO plugin. -->","yoast_head_json":{"title":"Test d'apn\u00e9e du sommeil - Summit Health","description":"Effectuez un test d\u2019apn\u00e9e du sommeil avec Summit Health. Nos cliniques au Qu\u00e9bec et en Ontario offrent des solutions simples et pr\u00e9cises.","robots":{"index":"index","follow":"follow","max-snippet":"max-snippet:-1","max-image-preview":"max-image-preview:large","max-video-preview":"max-video-preview:-1"},"canonical":"https:\/\/summithealth.ca\/fr\/test-dapnee-du-sommeil\/","og_locale":"fr_FR","og_type":"article","og_title":"Test d'apn\u00e9e du sommeil - Summit Health","og_description":"Effectuez un test d\u2019apn\u00e9e du sommeil avec Summit Health. Nos cliniques au Qu\u00e9bec et en Ontario offrent des solutions simples et pr\u00e9cises.","og_url":"https:\/\/summithealth.ca\/fr\/test-dapnee-du-sommeil\/","og_site_name":"Summit Health","article_modified_time":"2024-11-21T19:38:08+00:00","og_image":[{"width":300,"height":68,"url":"https:\/\/summithealth.ca\/wp-content\/uploads\/2024\/11\/dorma_logo.png","type":"image\/png"}],"twitter_card":"summary_large_image","twitter_misc":{"Dur\u00e9e de lecture estim\u00e9e":"1 minute"},"schema":{"@context":"https:\/\/schema.org","@graph":[{"@type":"WebPage","@id":"https:\/\/summithealth.ca\/fr\/test-dapnee-du-sommeil\/","url":"https:\/\/summithealth.ca\/fr\/test-dapnee-du-sommeil\/","name":"Test d'apn\u00e9e du sommeil - Summit Health","isPartOf":{"@id":"https:\/\/summithealth.ca\/fr\/#website"},"primaryImageOfPage":{"@id":"https:\/\/summithealth.ca\/fr\/test-dapnee-du-sommeil\/#primaryimage"},"image":{"@id":"https:\/\/summithealth.ca\/fr\/test-dapnee-du-sommeil\/#primaryimage"},"thumbnailUrl":"https:\/\/summithealth.ca\/wp-content\/uploads\/2024\/11\/dorma_logo.png","datePublished":"2024-10-25T18:28:01+00:00","dateModified":"2024-11-21T19:38:08+00:00","description":"Effectuez un test d\u2019apn\u00e9e du sommeil avec Summit Health. Nos cliniques au Qu\u00e9bec et en Ontario offrent des solutions simples et pr\u00e9cises.","breadcrumb":{"@id":"https:\/\/summithealth.ca\/fr\/test-dapnee-du-sommeil\/#breadcrumb"},"inLanguage":"fr-FR","potentialAction":[{"@type":"ReadAction","target":["https:\/\/summithealth.ca\/fr\/test-dapnee-du-sommeil\/"]}]},{"@type":"ImageObject","inLanguage":"fr-FR","@id":"https:\/\/summithealth.ca\/fr\/test-dapnee-du-sommeil\/#primaryimage","url":"https:\/\/summithealth.ca\/wp-content\/uploads\/2024\/11\/dorma_logo.png","contentUrl":"https:\/\/summithealth.ca\/wp-content\/uploads\/2024\/11\/dorma_logo.png"},{"@type":"BreadcrumbList","@id":"https:\/\/summithealth.ca\/fr\/test-dapnee-du-sommeil\/#breadcrumb","itemListElement":[{"@type":"ListItem","position":1,"name":"Home","item":"https:\/\/summithealth.ca\/fr\/"},{"@type":"ListItem","position":2,"name":"Test d&#8217;apn\u00e9e du sommeil"}]},{"@type":"WebSite","@id":"https:\/\/summithealth.ca\/fr\/#website","url":"https:\/\/summithealth.ca\/fr\/","name":"Summit Health","description":"","publisher":{"@id":"https:\/\/summithealth.ca\/fr\/#organization"},"potentialAction":[{"@type":"SearchAction","target":{"@type":"EntryPoint","urlTemplate":"https:\/\/summithealth.ca\/fr\/?s={search_term_string}"},"query-input":{"@type":"PropertyValueSpecification","valueRequired":true,"valueName":"search_term_string"}}],"inLanguage":"fr-FR"},{"@type":"Organization","@id":"https:\/\/summithealth.ca\/fr\/#organization","name":"Summit Health","url":"https:\/\/summithealth.ca\/fr\/","logo":{"@type":"ImageObject","inLanguage":"fr-FR","@id":"https:\/\/summithealth.ca\/fr\/#\/schema\/logo\/image\/","url":"https:\/\/summithealth.ca\/wp-content\/uploads\/2024\/07\/logo_trimmed.png","contentUrl":"https:\/\/summithealth.ca\/wp-content\/uploads\/2024\/07\/logo_trimmed.png","width":312,"height":312,"caption":"Summit Health"},"image":{"@id":"https:\/\/summithealth.ca\/fr\/#\/schema\/logo\/image\/"}}]}},"_links":{"self":[{"href":"https:\/\/summithealth.ca\/fr\/wp-json\/wp\/v2\/pages\/1656","targetHints":{"allow":["GET"]}}],"collection":[{"href":"https:\/\/summithealth.ca\/fr\/wp-json\/wp\/v2\/pages"}],"about":[{"href":"https:\/\/summithealth.ca\/fr\/wp-json\/wp\/v2\/types\/page"}],"author":[{"embeddable":true,"href":"https:\/\/summithealth.ca\/fr\/wp-json\/wp\/v2\/users\/1"}],"replies":[{"embeddable":true,"href":"https:\/\/summithealth.ca\/fr\/wp-json\/wp\/v2\/comments?post=1656"}],"version-history":[{"count":1,"href":"https:\/\/summithealth.ca\/fr\/wp-json\/wp\/v2\/pages\/1656\/revisions"}],"predecessor-version":[{"id":1657,"href":"https:\/\/summithealth.ca\/fr\/wp-json\/wp\/v2\/pages\/1656\/revisions\/1657"}],"wp:attachment":[{"href":"https:\/\/summithealth.ca\/fr\/wp-json\/wp\/v2\/media?parent=1656"}],"curies":[{"name":"wp","href":"https:\/\/api.w.org\/{rel}","templated":true}]}}