{"id":1647,"date":"2021-05-30T14:08:16","date_gmt":"2021-05-30T14:08:16","guid":{"rendered":"https:\/\/summithealth.sisnettdesign.com\/politique-de-confidentialite\/"},"modified":"2024-11-27T02:10:05","modified_gmt":"2024-11-27T02:10:05","slug":"politique-de-confidentialite","status":"publish","type":"page","link":"https:\/\/summithealth.ca\/fr\/politique-de-confidentialite\/","title":{"rendered":"Politique de confidentialit\u00e9"},"content":{"rendered":"\n<h6 class=\"wp-block-heading\" id=\"who-we-are\"><em>Derni\u00e8re r\u00e9vision : <\/em>20 septembre 2023<\/h6>\n\n<p><strong>D\u00e9claration de confidentialit\u00e9<\/strong><\/p>\n\n<p>www.summithealth.ca<br\/>Par le biais de son site web, Summit Health recueille des informations personnelles vous concernant.<br\/>La clinique s&rsquo;engage \u00e0 assurer la protection de vos informations personnelles et vous invite \u00e0 lire cette politique de confidentialit\u00e9.<\/p>\n\n<p><strong>Informations personnelles collect\u00e9es automatiquement<\/strong><br\/>En vous connectant \u00e0 notre site web, certaines informations personnelles sont \u00e9chang\u00e9es entre votre ordinateur et notre serveur. Cet \u00e9change est n\u00e9cessaire pour que les donn\u00e9es contenues sur notre site puissent \u00eatre correctement communiqu\u00e9es au mat\u00e9riel informatique que vous utilisez. Ces informations personnelles ne sont conserv\u00e9es par la Clinique qu&rsquo;\u00e0 des fins techniques et statistiques li\u00e9es \u00e0 la performance de notre site Internet.<br\/>Les informations vis\u00e9es sont les suivantes :<br\/>&#8211; le nom de domaine de votre fournisseur d&rsquo;acc\u00e8s Internet ;<br\/>&#8211; votre adresse IP ;<br\/>&#8211; votre navigateur (Explorer, Firefox, etc.) ; &#8211; votre syst\u00e8me d&rsquo;exploitation (Windows, Mac OS, etc.) ; &#8211; la date et l&rsquo;heure de votre visite ; &#8211; les pages Internet consult\u00e9es.) ;<br\/>&#8211; votre syst\u00e8me d&rsquo;exploitation (Windows, Mac OS, etc.) ;<br\/>&#8211; la date et l&rsquo;heure de votre visite ;<br\/>&#8211; les pages Internet consult\u00e9es.<br\/>Utilisation des cookies<br\/>La clinique ne conserve aucun t\u00e9moin de connexion (commun\u00e9ment appel\u00e9<br\/>\u00a0\u00bb cookie \u00ab\u00a0) de mani\u00e8re permanente. Seul un cookie de connexion temporaire est utilis\u00e9 lors de votre visite sur notre site afin d&rsquo;am\u00e9liorer la performance de certaines fonctionnalit\u00e9s qui y sont pr\u00e9sentes.<br\/>Vous pouvez d\u00e9sactiver vos cookies via votre navigateur web. Toutefois, cette d\u00e9sactivation peut avoir pour effet de restreindre certaines fonctionnalit\u00e9s de notre site web.<br\/>Informations personnelles transmises volontairement par courriel ou en remplissant le formulaire<br\/>Les informations personnelles que vous nous communiquez volontairement par courriel ou via le formulaire de contact de notre site web, telles que votre nom et votre adresse \u00e9lectronique, ne seront utilis\u00e9es que pour permettre au personnel de la clinique de vous r\u00e9pondre ou de donner suite \u00e0 votre demande. et ne seront pas conserv\u00e9s.<\/p>\n\n<p><strong>Accord de confidentialit\u00e9<\/strong><br\/>Tous les employ\u00e9s de la clinique ont sign\u00e9 un accord de confidentialit\u00e9.<\/p>\n\n<p><strong>Responsabilit\u00e9 de la politique de protection de la vie priv\u00e9e<\/strong><\/p>\n\n<p>Tous les commentaires, questions, pr\u00e9occupations ou plaintes concernant vos informations personnelles ou nos pratiques en mati\u00e8re de protection de la vie priv\u00e9e doivent \u00eatre adress\u00e9s \u00e0 notre responsable de la protection de la vie priv\u00e9e comme suit :  <\/p>\n\n<figure class=\"wp-block-table\"><table class=\"has-fixed-layout\"><tbody><tr><td>Adresse :<\/td><td>\u00c0 l&rsquo;attention du responsable de la protection de la vie priv\u00e9e<br\/>Summit Health<br\/>1055 Beaver Hall<br\/>Montr\u00e9al, Qu\u00e9bec<br\/>H2Z 1S5<\/td><\/tr><tr><td>Par courrier \u00e9lectronique :<\/td><td>privacy@summithealth.ca<\/td><\/tr><\/tbody><\/table><\/figure>\n\n<h3 class=\"wp-block-heading\" id=\"industry-regulatory-disclosure-requirements\"><\/h3>\n","protected":false},"excerpt":{"rendered":"<p>Derni\u00e8re r\u00e9vision : 20 septembre 2023 D\u00e9claration de confidentialit\u00e9 www.summithealth.caPar le biais de son site web, Summit Health recueille des informations personnelles vous concernant.La clinique &#8230; <a title=\"Politique de confidentialit\u00e9\" class=\"read-more\" href=\"https:\/\/summithealth.ca\/fr\/politique-de-confidentialite\/\" aria-label=\"En savoir plus sur Politique de confidentialit\u00e9\">Lire plus<\/a><\/p>\n","protected":false},"author":1,"featured_media":0,"parent":0,"menu_order":0,"comment_status":"closed","ping_status":"open","template":"","meta":{"footnotes":""},"class_list":["post-1647","page","type-page","status-publish"],"yoast_head":"<!-- This site is optimized with the Yoast SEO plugin v27.5 - https:\/\/yoast.com\/product\/yoast-seo-wordpress\/ -->\n<title>Politique de confidentialit\u00e9 - Summit Health<\/title>\n<meta name=\"description\" content=\"D\u00e9couvrez comment Summit Health prot\u00e8ge vos informations personnelles en consultant notre politique de confidentialit\u00e9.\" \/>\n<meta name=\"robots\" content=\"index, follow, max-snippet:-1, max-image-preview:large, max-video-preview:-1\" \/>\n<link rel=\"canonical\" href=\"https:\/\/summithealth.ca\/fr\/politique-de-confidentialite\/\" \/>\n<meta property=\"og:locale\" content=\"fr_FR\" \/>\n<meta property=\"og:type\" content=\"article\" \/>\n<meta property=\"og:title\" content=\"Politique de confidentialit\u00e9 - Summit Health\" \/>\n<meta property=\"og:description\" content=\"D\u00e9couvrez comment Summit Health prot\u00e8ge vos informations personnelles en consultant notre politique de confidentialit\u00e9.\" \/>\n<meta property=\"og:url\" content=\"https:\/\/summithealth.ca\/fr\/politique-de-confidentialite\/\" \/>\n<meta property=\"og:site_name\" content=\"Summit Health\" \/>\n<meta property=\"article:modified_time\" content=\"2024-11-27T02:10:05+00:00\" \/>\n<meta name=\"twitter:card\" content=\"summary_large_image\" \/>\n<meta name=\"twitter:label1\" content=\"Dur\u00e9e de lecture estim\u00e9e\" \/>\n\t<meta name=\"twitter:data1\" content=\"2 minutes\" \/>\n<script type=\"application\/ld+json\" class=\"yoast-schema-graph\">{\"@context\":\"https:\\\/\\\/schema.org\",\"@graph\":[{\"@type\":\"WebPage\",\"@id\":\"https:\\\/\\\/summithealth.ca\\\/fr\\\/politique-de-confidentialite\\\/\",\"url\":\"https:\\\/\\\/summithealth.ca\\\/fr\\\/politique-de-confidentialite\\\/\",\"name\":\"Politique de confidentialit\u00e9 - Summit Health\",\"isPartOf\":{\"@id\":\"https:\\\/\\\/summithealth.ca\\\/fr\\\/#website\"},\"datePublished\":\"2021-05-30T14:08:16+00:00\",\"dateModified\":\"2024-11-27T02:10:05+00:00\",\"description\":\"D\u00e9couvrez comment Summit Health prot\u00e8ge vos informations personnelles en consultant notre politique de confidentialit\u00e9.\",\"breadcrumb\":{\"@id\":\"https:\\\/\\\/summithealth.ca\\\/fr\\\/politique-de-confidentialite\\\/#breadcrumb\"},\"inLanguage\":\"fr-FR\",\"potentialAction\":[{\"@type\":\"ReadAction\",\"target\":[\"https:\\\/\\\/summithealth.ca\\\/fr\\\/politique-de-confidentialite\\\/\"]}]},{\"@type\":\"BreadcrumbList\",\"@id\":\"https:\\\/\\\/summithealth.ca\\\/fr\\\/politique-de-confidentialite\\\/#breadcrumb\",\"itemListElement\":[{\"@type\":\"ListItem\",\"position\":1,\"name\":\"Home\",\"item\":\"https:\\\/\\\/summithealth.ca\\\/fr\\\/\"},{\"@type\":\"ListItem\",\"position\":2,\"name\":\"Politique de confidentialit\u00e9\"}]},{\"@type\":\"WebSite\",\"@id\":\"https:\\\/\\\/summithealth.ca\\\/fr\\\/#website\",\"url\":\"https:\\\/\\\/summithealth.ca\\\/fr\\\/\",\"name\":\"Summit Health\",\"description\":\"\",\"publisher\":{\"@id\":\"https:\\\/\\\/summithealth.ca\\\/fr\\\/#organization\"},\"potentialAction\":[{\"@type\":\"SearchAction\",\"target\":{\"@type\":\"EntryPoint\",\"urlTemplate\":\"https:\\\/\\\/summithealth.ca\\\/fr\\\/?s={search_term_string}\"},\"query-input\":{\"@type\":\"PropertyValueSpecification\",\"valueRequired\":true,\"valueName\":\"search_term_string\"}}],\"inLanguage\":\"fr-FR\"},{\"@type\":\"Organization\",\"@id\":\"https:\\\/\\\/summithealth.ca\\\/fr\\\/#organization\",\"name\":\"Summit Health\",\"url\":\"https:\\\/\\\/summithealth.ca\\\/fr\\\/\",\"logo\":{\"@type\":\"ImageObject\",\"inLanguage\":\"fr-FR\",\"@id\":\"https:\\\/\\\/summithealth.ca\\\/fr\\\/#\\\/schema\\\/logo\\\/image\\\/\",\"url\":\"https:\\\/\\\/summithealth.ca\\\/wp-content\\\/uploads\\\/2024\\\/07\\\/logo_trimmed.png\",\"contentUrl\":\"https:\\\/\\\/summithealth.ca\\\/wp-content\\\/uploads\\\/2024\\\/07\\\/logo_trimmed.png\",\"width\":312,\"height\":312,\"caption\":\"Summit Health\"},\"image\":{\"@id\":\"https:\\\/\\\/summithealth.ca\\\/fr\\\/#\\\/schema\\\/logo\\\/image\\\/\"}}]}<\/script>\n<!-- \/ Yoast SEO plugin. -->","yoast_head_json":{"title":"Politique de confidentialit\u00e9 - Summit Health","description":"D\u00e9couvrez comment Summit Health prot\u00e8ge vos informations personnelles en consultant notre politique de confidentialit\u00e9.","robots":{"index":"index","follow":"follow","max-snippet":"max-snippet:-1","max-image-preview":"max-image-preview:large","max-video-preview":"max-video-preview:-1"},"canonical":"https:\/\/summithealth.ca\/fr\/politique-de-confidentialite\/","og_locale":"fr_FR","og_type":"article","og_title":"Politique de confidentialit\u00e9 - Summit Health","og_description":"D\u00e9couvrez comment Summit Health prot\u00e8ge vos informations personnelles en consultant notre politique de confidentialit\u00e9.","og_url":"https:\/\/summithealth.ca\/fr\/politique-de-confidentialite\/","og_site_name":"Summit Health","article_modified_time":"2024-11-27T02:10:05+00:00","twitter_card":"summary_large_image","twitter_misc":{"Dur\u00e9e de lecture estim\u00e9e":"2 minutes"},"schema":{"@context":"https:\/\/schema.org","@graph":[{"@type":"WebPage","@id":"https:\/\/summithealth.ca\/fr\/politique-de-confidentialite\/","url":"https:\/\/summithealth.ca\/fr\/politique-de-confidentialite\/","name":"Politique de confidentialit\u00e9 - Summit Health","isPartOf":{"@id":"https:\/\/summithealth.ca\/fr\/#website"},"datePublished":"2021-05-30T14:08:16+00:00","dateModified":"2024-11-27T02:10:05+00:00","description":"D\u00e9couvrez comment Summit Health prot\u00e8ge vos informations personnelles en consultant notre politique de confidentialit\u00e9.","breadcrumb":{"@id":"https:\/\/summithealth.ca\/fr\/politique-de-confidentialite\/#breadcrumb"},"inLanguage":"fr-FR","potentialAction":[{"@type":"ReadAction","target":["https:\/\/summithealth.ca\/fr\/politique-de-confidentialite\/"]}]},{"@type":"BreadcrumbList","@id":"https:\/\/summithealth.ca\/fr\/politique-de-confidentialite\/#breadcrumb","itemListElement":[{"@type":"ListItem","position":1,"name":"Home","item":"https:\/\/summithealth.ca\/fr\/"},{"@type":"ListItem","position":2,"name":"Politique de confidentialit\u00e9"}]},{"@type":"WebSite","@id":"https:\/\/summithealth.ca\/fr\/#website","url":"https:\/\/summithealth.ca\/fr\/","name":"Summit Health","description":"","publisher":{"@id":"https:\/\/summithealth.ca\/fr\/#organization"},"potentialAction":[{"@type":"SearchAction","target":{"@type":"EntryPoint","urlTemplate":"https:\/\/summithealth.ca\/fr\/?s={search_term_string}"},"query-input":{"@type":"PropertyValueSpecification","valueRequired":true,"valueName":"search_term_string"}}],"inLanguage":"fr-FR"},{"@type":"Organization","@id":"https:\/\/summithealth.ca\/fr\/#organization","name":"Summit Health","url":"https:\/\/summithealth.ca\/fr\/","logo":{"@type":"ImageObject","inLanguage":"fr-FR","@id":"https:\/\/summithealth.ca\/fr\/#\/schema\/logo\/image\/","url":"https:\/\/summithealth.ca\/wp-content\/uploads\/2024\/07\/logo_trimmed.png","contentUrl":"https:\/\/summithealth.ca\/wp-content\/uploads\/2024\/07\/logo_trimmed.png","width":312,"height":312,"caption":"Summit Health"},"image":{"@id":"https:\/\/summithealth.ca\/fr\/#\/schema\/logo\/image\/"}}]}},"_links":{"self":[{"href":"https:\/\/summithealth.ca\/fr\/wp-json\/wp\/v2\/pages\/1647","targetHints":{"allow":["GET"]}}],"collection":[{"href":"https:\/\/summithealth.ca\/fr\/wp-json\/wp\/v2\/pages"}],"about":[{"href":"https:\/\/summithealth.ca\/fr\/wp-json\/wp\/v2\/types\/page"}],"author":[{"embeddable":true,"href":"https:\/\/summithealth.ca\/fr\/wp-json\/wp\/v2\/users\/1"}],"replies":[{"embeddable":true,"href":"https:\/\/summithealth.ca\/fr\/wp-json\/wp\/v2\/comments?post=1647"}],"version-history":[{"count":1,"href":"https:\/\/summithealth.ca\/fr\/wp-json\/wp\/v2\/pages\/1647\/revisions"}],"predecessor-version":[{"id":1648,"href":"https:\/\/summithealth.ca\/fr\/wp-json\/wp\/v2\/pages\/1647\/revisions\/1648"}],"wp:attachment":[{"href":"https:\/\/summithealth.ca\/fr\/wp-json\/wp\/v2\/media?parent=1647"}],"curies":[{"name":"wp","href":"https:\/\/api.w.org\/{rel}","templated":true}]}}