{"id":1632,"date":"2024-08-15T13:53:59","date_gmt":"2024-08-15T13:53:59","guid":{"rendered":"https:\/\/summithealth.sisnettdesign.com\/traitement-de-lherpes-labial\/"},"modified":"2024-11-21T19:07:20","modified_gmt":"2024-11-21T19:07:20","slug":"traitement-de-lherpes-labial","status":"publish","type":"page","link":"https:\/\/summithealth.ca\/fr\/traitement-de-lherpes-labial\/","title":{"rendered":"Traitement de l&rsquo;herp\u00e8s labial"},"content":{"rendered":"<section class=\"gb-container gb-container-8c5dcceb\">\n<div class=\"gb-container gb-container-fd08668c\">\n<div class=\"gb-container gb-container-c2c01c37\">\n\n<h2 class=\"gb-headline gb-headline-6a153141 gb-headline-text\">Compl\u00e9tez l&rsquo;\u00e9valuation sur le site <br>en 10 \u00e0 15 minutes<\/h2>\n\n\n\n<p class=\"gb-headline gb-headline-77b704c2 gb-headline-text\">Une consultation rapide sur les boutons de fi\u00e8vre offre un acc\u00e8s rapide et virtuel \u00e0 un prestataire de soins de sant\u00e9 pour l&rsquo;\u00e9valuation et la prise en charge des boutons de fi\u00e8vre, g\u00e9n\u00e9ralement caus\u00e9s par le virus de l&rsquo;herp\u00e8s simplex (HSV).<\/p>\n\n\n<div class=\"gb-grid-wrapper gb-grid-wrapper-d8b5e0bb\">\n<div class=\"gb-grid-column gb-grid-column-117b0ffd\"><div class=\"gb-container gb-container-117b0ffd\">\n\n<h4 class=\"gb-headline gb-headline-aaba43a2\"><span class=\"gb-icon\"><svg xmlns=\"http:\/\/www.w3.org\/2000\/svg\" viewbox=\"144 144 512 512\" version=\"1.1\" fill=\"#000000\"><g stroke-width=\"0\" id=\"SVGRepo_bgCarrier\"><\/g><g stroke-linejoin=\"round\" stroke-linecap=\"round\" id=\"SVGRepo_tracerCarrier\"><\/g><g id=\"SVGRepo_iconCarrier\"> <g> <path d=\"m337.02 384.25c43.473 0 78.719-35.242 78.719-78.719 0-43.477-35.246-78.723-78.719-78.723-43.477 0-78.723 35.246-78.723 78.723 0 43.477 35.246 78.719 78.723 78.719z\"><\/path> <path d=\"m384.25 431.49c0-4.5898 0.28125-9.1094 0.82422-13.551-14.242-1.3633-30.234-2.1953-48.055-2.1953-73.336 0-115.69 14.082-132.79 21.426-5.6758 2.4375-8.9141 8.1094-8.9141 14.285 0 58.535 47.453 105.98 105.98 105.98h71.426c17.586 0 34.172-4.2812 48.77-11.863-22.844-20.191-37.25-49.715-37.25-82.598z\"><\/path> <path d=\"m498.4 400v52.121l27.074 27.074 16.699-16.699-20.156-20.156v-42.34z\"><\/path> <path fill-rule=\"evenodd\" d=\"m510.21 541.7c52.172 0 94.465-42.293 94.465-94.465s-42.293-94.465-94.465-94.465-94.465 42.293-94.465 94.465 42.293 94.465 94.465 94.465zm0-31.488c34.781 0 62.977-28.195 62.977-62.977s-28.195-62.977-62.977-62.977-62.977 28.195-62.977 62.977 28.195 62.977 62.977 62.977z\"><\/path> <\/g> <\/g><\/svg><\/span><span class=\"gb-headline-text\">Flexible  <\/span><\/h4>\n\n\n\n<p class=\"gb-headline gb-headline-3df16887 gb-headline-text\">Que ce soit en personne ou virtuellement, les rendez-vous peuvent \u00eatre pris plus rapidement et \u00e0 des heures qui conviennent mieux \u00e0 l&#8217;emploi du temps du patient que lorsqu&rsquo;il faut attendre une disponibilit\u00e9 dans le syst\u00e8me de soins public.<\/p>\n\n<\/div><\/div>\n\n<div class=\"gb-grid-column gb-grid-column-1bfbbf5b\"><div class=\"gb-container gb-container-1bfbbf5b\">\n\n<h4 class=\"gb-headline gb-headline-ac1017e5\"><span class=\"gb-icon\"><svg xmlns=\"http:\/\/www.w3.org\/2000\/svg\" viewbox=\"0 0 100 100\"><path d=\"M27.953 46.506a21.02 21.02 0 0 1-2.117-9.192c0-1.743.252-3.534.768-5.468.231-.87.521-1.702.847-2.509-1.251-.683-2.626-1.103-4.101-1.103-5.47 0-9.898 5.153-9.898 11.517 0 4.452 2.176 8.305 5.354 10.222L5.391 56.217c-.836.393-1.387 1.337-1.387 2.392v10.588c0 1.419.991 2.569 2.21 2.569h7.929v-11.11c0-3.237 1.802-6.172 4.599-7.481l10.262-4.779a20.2 20.2 0 0 1-1.051-1.89zM60.137 34.801h34.092V34.8l.006.001c.973 0 1.761-.789 1.761-1.761v-6.431c0-.973-.789-1.761-1.761-1.761l-.006.001v-.005H56.133a20.013 20.013 0 0 1 3.526 7.435c.215.889.371 1.72.478 2.522zM95.996 66.436c0-.973-.789-1.761-1.761-1.761l-.006.001v-.005H72.007v9.089c0 .293-.016.582-.045.867h22.267v-.001l.006.001c.973 0 1.761-.789 1.761-1.761V66.436zM94.235 44.762l-.006.001v-.005H58.944c-.159.419-.327.836-.514 1.249a20.258 20.258 0 0 1-1.224 2.297l10.288 4.908a7.67 7.67 0 0 1 2.078 1.503h24.657v-.001l.006.001c.973 0 1.761-.789 1.761-1.761v-6.431c0-.973-.789-1.761-1.761-1.761z\"><\/path><path d=\"m65.323 57.702-11.551-5.51-4.885-2.33c2.134-1.344 3.866-3.418 5-5.917a16.045 16.045 0 0 0 1.435-6.631c0-1.348-.213-2.627-.512-3.863-1.453-5.983-6.126-10.392-11.736-10.392-5.504 0-10.106 4.251-11.648 10.065-.356 1.333-.602 2.72-.602 4.189 0 2.552.596 4.93 1.609 7 1.171 2.4 2.906 4.379 5.018 5.651l-4.678 2.178-11.926 5.554c-1.037.485-1.717 1.654-1.717 2.959V73.76c0 1.756 1.224 3.181 2.735 3.181h42.417c1.511 0 2.735-1.424 2.735-3.181V60.656c.002-1.301-.668-2.458-1.694-2.954z\"><\/path><\/svg><\/span><span class=\"gb-headline-text\">Efficace  <\/span><\/h4>\n\n\n\n<p class=\"gb-headline gb-headline-33401aa1 gb-headline-text\">Les ordonnances peuvent \u00eatre envoy\u00e9es directement \u00e0 une pharmacie, ce qui permet un acc\u00e8s rapide aux m\u00e9dicaments n\u00e9cessaires et des options de traitement plus rapides.<\/p>\n\n<\/div><\/div>\n<\/div>\n<\/div>\n\n<div class=\"gb-container gb-container-257a925b\">\n\n<figure class=\"wp-block-image size-full\"><img loading=\"lazy\" decoding=\"async\" width=\"640\" height=\"427\" src=\"https:\/\/summithealth.ca\/wp-content\/uploads\/2024\/08\/Untitled-design-16.png\" alt=\"\" class=\"wp-image-1453\" srcset=\"https:\/\/summithealth.ca\/wp-content\/uploads\/2024\/08\/Untitled-design-16.png 640w, https:\/\/summithealth.ca\/wp-content\/uploads\/2024\/08\/Untitled-design-16-300x200.png 300w\" sizes=\"auto, (max-width: 640px) 100vw, 640px\" \/><\/figure>\n\n\n\n<a class=\"gb-button gb-button-d34dfebb smooth-scroll\" href=\"https:\/\/gpsites.co\/clinic\/departments\/\"><span class=\"gb-button-text\">R\u00e9servez d\u00e8s maintenant<\/span><span class=\"gb-icon\"><svg xmlns=\"http:\/\/www.w3.org\/2000\/svg\" viewbox=\"0 0 16 16\" class=\"bi bi-arrow-right\" height=\"16\" width=\"16\">   <path d=\"M1 8a.5.5 0 0 1 .5-.5h11.793l-3.147-3.146a.5.5 0 0 1 .708-.708l4 4a.5.5 0 0 1 0 .708l-4 4a.5.5 0 0 1-.708-.708L13.293 8.5H1.5A.5.5 0 0 1 1 8z\"><\/path> <\/svg><\/span><\/a>\n\n<\/div>\n<\/div>\n\n<div class=\"gb-container gb-container-8dfbb97b\">\n<div class=\"gb-container gb-container-917d1f43\">\n\n<h2 class=\"gb-headline gb-headline-258c3d0b gb-headline-text\">Honoraires<\/h2>\n\n\n\n<h3 class=\"gb-headline gb-headline-dfe0d87e gb-headline-text\">$40<\/h3>\n\n\n\n<p class=\"has-text-align-center\">Inclus :<\/p>\n\n\n\n<p>\u00c9valuation compl\u00e8te<\/p>\n\n\n\n<p>Prescription<\/p>\n\n\n\n<a class=\"gb-button gb-button-c5807143 smooth-scroll\" href=\"#\"><span class=\"gb-button-text\">Livre en ligne<\/span><span class=\"gb-icon\"><svg xmlns=\"http:\/\/www.w3.org\/2000\/svg\" viewbox=\"0 0 16 16\" class=\"bi bi-arrow-right\" height=\"16\" width=\"16\">   <path d=\"M1 8a.5.5 0 0 1 .5-.5h11.793l-3.147-3.146a.5.5 0 0 1 .708-.708l4 4a.5.5 0 0 1 0 .708l-4 4a.5.5 0 0 1-.708-.708L13.293 8.5H1.5A.5.5 0 0 1 1 8z\"><\/path> <\/svg><\/span><\/a>\n\n<\/div>\n\n<div class=\"gb-container gb-container-8c1e80aa\">\n\n<h2 class=\"gb-headline gb-headline-09d816bf gb-headline-text\">Aper\u00e7u des services<\/h2>\n\n\n\n<p>Recevez une \u00e9valuation rapide, virtuelle ou en personne, de vos sympt\u00f4mes et un plan de traitement personnalis\u00e9 pour votre feu sauvage.<\/p>\n\n\n\n<p>Les consultations durent g\u00e9n\u00e9ralement de 10 \u00e0 15 minutes.<\/p>\n\n\n\n<p><strong>Ce test n&rsquo;est disponible que pour les patients \u00e2g\u00e9s de 3 ans et plus.<\/strong><\/p>\n\n\n\n<p>\u00c0 la fin du rendez-vous, vous recevrez un diagnostic, des recommandations de traitement et une ordonnance envoy\u00e9e directement \u00e0 votre pharmacie.<\/p>\n\n<\/div>\n<\/div>\n\n\n<h2 class=\"gb-headline gb-headline-e58be01a gb-headline-text\">Questions fr\u00e9quemment pos\u00e9es<\/h2>\n\n\n\n<div class=\"wp-block-group is-content-justification-center is-nowrap is-layout-flex wp-container-core-group-is-layout-94bc23d7 wp-block-group-is-layout-flex\"><div class=\"gb-container gb-container-316e2ec1\">\n\n<div class=\"schema-faq wp-block-yoast-faq-block\"><div class=\"schema-faq-section\" id=\"faq-question-1722530944887\"><strong class=\"schema-faq-question\">Quelle est la dur\u00e9e du rendez-vous ?<\/strong> <p class=\"schema-faq-answer\">Le rendez-vous dure 10 \u00e0 15 minutes<\/p> <\/div> <div class=\"schema-faq-section\" id=\"faq-question-1722530965158\"><strong class=\"schema-faq-question\">Comment cela fonctionne-t-il ?<\/strong> <p class=\"schema-faq-answer\">En personne ou virtuellement (*capacit\u00e9s vid\u00e9o n\u00e9cessaires*), vous serez \u00e9valu\u00e9 et conseill\u00e9 sur un plan de soins pour votre feu sauvage. Si n\u00e9cessaire, une ordonnance peut \u00e9galement vous \u00eatre remise \u00e0 la fin de votre rendez-vous.  <\/p> <\/div> <\/div>\n\n<\/div>\n\n<div class=\"gb-container gb-container-c92750d4\">\n\n<div class=\"schema-faq wp-block-yoast-faq-block\"><div class=\"schema-faq-section\" id=\"faq-question-1722530944887\"><strong class=\"schema-faq-question\">Ce service peut-il \u00eatre rembours\u00e9 par une assurance maladie priv\u00e9e ?<\/strong> <p class=\"schema-faq-answer\">Potentiellement, oui, les compagnies d&rsquo;assurance maladie priv\u00e9es peuvent proposer des remboursements pour les consultations virtuelles et les prescriptions pour le traitement de l&rsquo;herp\u00e8s labial. V\u00e9rifiez aupr\u00e8s de votre compagnie d&rsquo;assurance si ce service est couvert pour vous.<\/p> <\/div> <\/div>\n\n<\/div><\/div>\n\n<\/section>\n<p><\/p>\n","protected":false},"excerpt":{"rendered":"<p>Compl\u00e9tez l&rsquo;\u00e9valuation sur le site en 10 \u00e0 15 minutes Une consultation rapide sur les boutons de fi\u00e8vre offre un acc\u00e8s rapide et virtuel \u00e0 &#8230; <a title=\"Traitement de l&rsquo;herp\u00e8s labial\" class=\"read-more\" href=\"https:\/\/summithealth.ca\/fr\/traitement-de-lherpes-labial\/\" aria-label=\"En savoir plus sur Traitement de l&rsquo;herp\u00e8s labial\">Lire plus<\/a><\/p>\n","protected":false},"author":1,"featured_media":0,"parent":0,"menu_order":0,"comment_status":"closed","ping_status":"closed","template":"","meta":{"footnotes":""},"class_list":["post-1632","page","type-page","status-publish"],"yoast_head":"<!-- This site is optimized with the Yoast SEO plugin v27.3 - https:\/\/yoast.com\/product\/yoast-seo-wordpress\/ -->\n<title>Traitement de l&#039;herp\u00e8s labial - Summit Health<\/title>\n<meta name=\"description\" content=\"Recevez un traitement rapide et efficace pour l\u2019herp\u00e8s labial dans une clinique Summit Health au Qu\u00e9bec ou en Ontario.\" \/>\n<meta name=\"robots\" content=\"index, follow, max-snippet:-1, max-image-preview:large, max-video-preview:-1\" \/>\n<link rel=\"canonical\" href=\"https:\/\/summithealth.ca\/fr\/traitement-de-lherpes-labial\/\" \/>\n<meta property=\"og:locale\" content=\"fr_FR\" \/>\n<meta property=\"og:type\" content=\"article\" \/>\n<meta property=\"og:title\" content=\"Traitement de l&#039;herp\u00e8s labial - Summit Health\" \/>\n<meta property=\"og:description\" content=\"Recevez un traitement rapide et efficace pour l\u2019herp\u00e8s labial dans une clinique Summit Health au Qu\u00e9bec ou en Ontario.\" \/>\n<meta property=\"og:url\" content=\"https:\/\/summithealth.ca\/fr\/traitement-de-lherpes-labial\/\" \/>\n<meta property=\"og:site_name\" content=\"Summit Health\" \/>\n<meta property=\"article:modified_time\" content=\"2024-11-21T19:07:20+00:00\" \/>\n<meta property=\"og:image\" content=\"https:\/\/summithealth.ca\/wp-content\/uploads\/2024\/08\/Untitled-design-16.png\" \/>\n\t<meta property=\"og:image:width\" content=\"640\" \/>\n\t<meta property=\"og:image:height\" content=\"427\" \/>\n\t<meta property=\"og:image:type\" content=\"image\/png\" \/>\n<meta name=\"twitter:card\" content=\"summary_large_image\" \/>\n<meta name=\"twitter:label1\" content=\"Dur\u00e9e de lecture estim\u00e9e\" \/>\n\t<meta name=\"twitter:data1\" content=\"2 minutes\" \/>\n<script type=\"application\/ld+json\" class=\"yoast-schema-graph\">{\"@context\":\"https:\\\/\\\/schema.org\",\"@graph\":[{\"@type\":[\"WebPage\",\"FAQPage\"],\"@id\":\"https:\\\/\\\/summithealth.ca\\\/fr\\\/traitement-de-lherpes-labial\\\/\",\"url\":\"https:\\\/\\\/summithealth.ca\\\/fr\\\/traitement-de-lherpes-labial\\\/\",\"name\":\"Traitement de l'herp\u00e8s labial - Summit Health\",\"isPartOf\":{\"@id\":\"https:\\\/\\\/summithealth.ca\\\/fr\\\/#website\"},\"primaryImageOfPage\":{\"@id\":\"https:\\\/\\\/summithealth.ca\\\/fr\\\/traitement-de-lherpes-labial\\\/#primaryimage\"},\"image\":{\"@id\":\"https:\\\/\\\/summithealth.ca\\\/fr\\\/traitement-de-lherpes-labial\\\/#primaryimage\"},\"thumbnailUrl\":\"https:\\\/\\\/summithealth.ca\\\/wp-content\\\/uploads\\\/2024\\\/08\\\/Untitled-design-16.png\",\"datePublished\":\"2024-08-15T13:53:59+00:00\",\"dateModified\":\"2024-11-21T19:07:20+00:00\",\"description\":\"Recevez un traitement rapide et efficace pour l\u2019herp\u00e8s labial dans une clinique Summit Health au Qu\u00e9bec ou en Ontario.\",\"breadcrumb\":{\"@id\":\"https:\\\/\\\/summithealth.ca\\\/fr\\\/traitement-de-lherpes-labial\\\/#breadcrumb\"},\"mainEntity\":[{\"@id\":\"https:\\\/\\\/summithealth.ca\\\/fr\\\/traitement-de-lherpes-labial\\\/#faq-question-1722530944887\"},{\"@id\":\"https:\\\/\\\/summithealth.ca\\\/fr\\\/traitement-de-lherpes-labial\\\/#faq-question-1722530965158\"},{\"@id\":\"https:\\\/\\\/summithealth.ca\\\/fr\\\/traitement-de-lherpes-labial\\\/#faq-question-1722530944887\"}],\"inLanguage\":\"fr-FR\",\"potentialAction\":[{\"@type\":\"ReadAction\",\"target\":[\"https:\\\/\\\/summithealth.ca\\\/fr\\\/traitement-de-lherpes-labial\\\/\"]}]},{\"@type\":\"ImageObject\",\"inLanguage\":\"fr-FR\",\"@id\":\"https:\\\/\\\/summithealth.ca\\\/fr\\\/traitement-de-lherpes-labial\\\/#primaryimage\",\"url\":\"https:\\\/\\\/summithealth.ca\\\/wp-content\\\/uploads\\\/2024\\\/08\\\/Untitled-design-16.png\",\"contentUrl\":\"https:\\\/\\\/summithealth.ca\\\/wp-content\\\/uploads\\\/2024\\\/08\\\/Untitled-design-16.png\"},{\"@type\":\"BreadcrumbList\",\"@id\":\"https:\\\/\\\/summithealth.ca\\\/fr\\\/traitement-de-lherpes-labial\\\/#breadcrumb\",\"itemListElement\":[{\"@type\":\"ListItem\",\"position\":1,\"name\":\"Home\",\"item\":\"https:\\\/\\\/summithealth.ca\\\/fr\\\/\"},{\"@type\":\"ListItem\",\"position\":2,\"name\":\"Traitement de l&#8217;herp\u00e8s labial\"}]},{\"@type\":\"WebSite\",\"@id\":\"https:\\\/\\\/summithealth.ca\\\/fr\\\/#website\",\"url\":\"https:\\\/\\\/summithealth.ca\\\/fr\\\/\",\"name\":\"Summit Health\",\"description\":\"\",\"publisher\":{\"@id\":\"https:\\\/\\\/summithealth.ca\\\/fr\\\/#organization\"},\"potentialAction\":[{\"@type\":\"SearchAction\",\"target\":{\"@type\":\"EntryPoint\",\"urlTemplate\":\"https:\\\/\\\/summithealth.ca\\\/fr\\\/?s={search_term_string}\"},\"query-input\":{\"@type\":\"PropertyValueSpecification\",\"valueRequired\":true,\"valueName\":\"search_term_string\"}}],\"inLanguage\":\"fr-FR\"},{\"@type\":\"Organization\",\"@id\":\"https:\\\/\\\/summithealth.ca\\\/fr\\\/#organization\",\"name\":\"Summit Health\",\"url\":\"https:\\\/\\\/summithealth.ca\\\/fr\\\/\",\"logo\":{\"@type\":\"ImageObject\",\"inLanguage\":\"fr-FR\",\"@id\":\"https:\\\/\\\/summithealth.ca\\\/fr\\\/#\\\/schema\\\/logo\\\/image\\\/\",\"url\":\"https:\\\/\\\/summithealth.ca\\\/wp-content\\\/uploads\\\/2024\\\/07\\\/logo_trimmed.png\",\"contentUrl\":\"https:\\\/\\\/summithealth.ca\\\/wp-content\\\/uploads\\\/2024\\\/07\\\/logo_trimmed.png\",\"width\":312,\"height\":312,\"caption\":\"Summit Health\"},\"image\":{\"@id\":\"https:\\\/\\\/summithealth.ca\\\/fr\\\/#\\\/schema\\\/logo\\\/image\\\/\"}},{\"@type\":\"Question\",\"@id\":\"https:\\\/\\\/summithealth.ca\\\/fr\\\/traitement-de-lherpes-labial\\\/#faq-question-1722530944887\",\"position\":1,\"url\":\"https:\\\/\\\/summithealth.ca\\\/fr\\\/traitement-de-lherpes-labial\\\/#faq-question-1722530944887\",\"name\":\"How Long Is The Appointment\",\"answerCount\":1,\"acceptedAnswer\":{\"@type\":\"Answer\",\"text\":\"The appointment takes 10-15 minutes\",\"inLanguage\":\"fr-FR\"},\"inLanguage\":\"fr-FR\"},{\"@type\":\"Question\",\"@id\":\"https:\\\/\\\/summithealth.ca\\\/fr\\\/traitement-de-lherpes-labial\\\/#faq-question-1722530965158\",\"position\":2,\"url\":\"https:\\\/\\\/summithealth.ca\\\/fr\\\/traitement-de-lherpes-labial\\\/#faq-question-1722530965158\",\"name\":\"How Does It Work?\",\"answerCount\":1,\"acceptedAnswer\":{\"@type\":\"Answer\",\"text\":\"Either in-person or virtually (*video capabilities necessary*), you will be assessed and be advised on a care plan for your cold sore. If needed, a prescription may also be given to you by the end of your appointment. \",\"inLanguage\":\"fr-FR\"},\"inLanguage\":\"fr-FR\"},{\"@type\":\"Question\",\"@id\":\"https:\\\/\\\/summithealth.ca\\\/fr\\\/traitement-de-lherpes-labial\\\/#faq-question-1722530944887\",\"position\":3,\"url\":\"https:\\\/\\\/summithealth.ca\\\/fr\\\/traitement-de-lherpes-labial\\\/#faq-question-1722530944887\",\"name\":\"Can I be reimbursed for this service through private health insurance?\",\"answerCount\":1,\"acceptedAnswer\":{\"@type\":\"Answer\",\"text\":\"Potentially, yes, private health insurance companies may offer reimbursements on virtual consultations and prescriptions for cold sore treatment. Check with your insurance company if this service is covered for you.\",\"inLanguage\":\"fr-FR\"},\"inLanguage\":\"fr-FR\"}]}<\/script>\n<!-- \/ Yoast SEO plugin. -->","yoast_head_json":{"title":"Traitement de l'herp\u00e8s labial - Summit Health","description":"Recevez un traitement rapide et efficace pour l\u2019herp\u00e8s labial dans une clinique Summit Health au Qu\u00e9bec ou en Ontario.","robots":{"index":"index","follow":"follow","max-snippet":"max-snippet:-1","max-image-preview":"max-image-preview:large","max-video-preview":"max-video-preview:-1"},"canonical":"https:\/\/summithealth.ca\/fr\/traitement-de-lherpes-labial\/","og_locale":"fr_FR","og_type":"article","og_title":"Traitement de l'herp\u00e8s labial - Summit Health","og_description":"Recevez un traitement rapide et efficace pour l\u2019herp\u00e8s labial dans une clinique Summit Health au Qu\u00e9bec ou en Ontario.","og_url":"https:\/\/summithealth.ca\/fr\/traitement-de-lherpes-labial\/","og_site_name":"Summit Health","article_modified_time":"2024-11-21T19:07:20+00:00","og_image":[{"width":640,"height":427,"url":"https:\/\/summithealth.ca\/wp-content\/uploads\/2024\/08\/Untitled-design-16.png","type":"image\/png"}],"twitter_card":"summary_large_image","twitter_misc":{"Dur\u00e9e de lecture estim\u00e9e":"2 minutes"},"schema":{"@context":"https:\/\/schema.org","@graph":[{"@type":["WebPage","FAQPage"],"@id":"https:\/\/summithealth.ca\/fr\/traitement-de-lherpes-labial\/","url":"https:\/\/summithealth.ca\/fr\/traitement-de-lherpes-labial\/","name":"Traitement de l'herp\u00e8s labial - Summit Health","isPartOf":{"@id":"https:\/\/summithealth.ca\/fr\/#website"},"primaryImageOfPage":{"@id":"https:\/\/summithealth.ca\/fr\/traitement-de-lherpes-labial\/#primaryimage"},"image":{"@id":"https:\/\/summithealth.ca\/fr\/traitement-de-lherpes-labial\/#primaryimage"},"thumbnailUrl":"https:\/\/summithealth.ca\/wp-content\/uploads\/2024\/08\/Untitled-design-16.png","datePublished":"2024-08-15T13:53:59+00:00","dateModified":"2024-11-21T19:07:20+00:00","description":"Recevez un traitement rapide et efficace pour l\u2019herp\u00e8s labial dans une clinique Summit Health au Qu\u00e9bec ou en Ontario.","breadcrumb":{"@id":"https:\/\/summithealth.ca\/fr\/traitement-de-lherpes-labial\/#breadcrumb"},"mainEntity":[{"@id":"https:\/\/summithealth.ca\/fr\/traitement-de-lherpes-labial\/#faq-question-1722530944887"},{"@id":"https:\/\/summithealth.ca\/fr\/traitement-de-lherpes-labial\/#faq-question-1722530965158"},{"@id":"https:\/\/summithealth.ca\/fr\/traitement-de-lherpes-labial\/#faq-question-1722530944887"}],"inLanguage":"fr-FR","potentialAction":[{"@type":"ReadAction","target":["https:\/\/summithealth.ca\/fr\/traitement-de-lherpes-labial\/"]}]},{"@type":"ImageObject","inLanguage":"fr-FR","@id":"https:\/\/summithealth.ca\/fr\/traitement-de-lherpes-labial\/#primaryimage","url":"https:\/\/summithealth.ca\/wp-content\/uploads\/2024\/08\/Untitled-design-16.png","contentUrl":"https:\/\/summithealth.ca\/wp-content\/uploads\/2024\/08\/Untitled-design-16.png"},{"@type":"BreadcrumbList","@id":"https:\/\/summithealth.ca\/fr\/traitement-de-lherpes-labial\/#breadcrumb","itemListElement":[{"@type":"ListItem","position":1,"name":"Home","item":"https:\/\/summithealth.ca\/fr\/"},{"@type":"ListItem","position":2,"name":"Traitement de l&#8217;herp\u00e8s labial"}]},{"@type":"WebSite","@id":"https:\/\/summithealth.ca\/fr\/#website","url":"https:\/\/summithealth.ca\/fr\/","name":"Summit Health","description":"","publisher":{"@id":"https:\/\/summithealth.ca\/fr\/#organization"},"potentialAction":[{"@type":"SearchAction","target":{"@type":"EntryPoint","urlTemplate":"https:\/\/summithealth.ca\/fr\/?s={search_term_string}"},"query-input":{"@type":"PropertyValueSpecification","valueRequired":true,"valueName":"search_term_string"}}],"inLanguage":"fr-FR"},{"@type":"Organization","@id":"https:\/\/summithealth.ca\/fr\/#organization","name":"Summit Health","url":"https:\/\/summithealth.ca\/fr\/","logo":{"@type":"ImageObject","inLanguage":"fr-FR","@id":"https:\/\/summithealth.ca\/fr\/#\/schema\/logo\/image\/","url":"https:\/\/summithealth.ca\/wp-content\/uploads\/2024\/07\/logo_trimmed.png","contentUrl":"https:\/\/summithealth.ca\/wp-content\/uploads\/2024\/07\/logo_trimmed.png","width":312,"height":312,"caption":"Summit Health"},"image":{"@id":"https:\/\/summithealth.ca\/fr\/#\/schema\/logo\/image\/"}},{"@type":"Question","@id":"https:\/\/summithealth.ca\/fr\/traitement-de-lherpes-labial\/#faq-question-1722530944887","position":1,"url":"https:\/\/summithealth.ca\/fr\/traitement-de-lherpes-labial\/#faq-question-1722530944887","name":"How Long Is The Appointment","answerCount":1,"acceptedAnswer":{"@type":"Answer","text":"The appointment takes 10-15 minutes","inLanguage":"fr-FR"},"inLanguage":"fr-FR"},{"@type":"Question","@id":"https:\/\/summithealth.ca\/fr\/traitement-de-lherpes-labial\/#faq-question-1722530965158","position":2,"url":"https:\/\/summithealth.ca\/fr\/traitement-de-lherpes-labial\/#faq-question-1722530965158","name":"How Does It Work?","answerCount":1,"acceptedAnswer":{"@type":"Answer","text":"Either in-person or virtually (*video capabilities necessary*), you will be assessed and be advised on a care plan for your cold sore. If needed, a prescription may also be given to you by the end of your appointment. ","inLanguage":"fr-FR"},"inLanguage":"fr-FR"},{"@type":"Question","@id":"https:\/\/summithealth.ca\/fr\/traitement-de-lherpes-labial\/#faq-question-1722530944887","position":3,"url":"https:\/\/summithealth.ca\/fr\/traitement-de-lherpes-labial\/#faq-question-1722530944887","name":"Can I be reimbursed for this service through private health insurance?","answerCount":1,"acceptedAnswer":{"@type":"Answer","text":"Potentially, yes, private health insurance companies may offer reimbursements on virtual consultations and prescriptions for cold sore treatment. Check with your insurance company if this service is covered for you.","inLanguage":"fr-FR"},"inLanguage":"fr-FR"}]}},"_links":{"self":[{"href":"https:\/\/summithealth.ca\/fr\/wp-json\/wp\/v2\/pages\/1632","targetHints":{"allow":["GET"]}}],"collection":[{"href":"https:\/\/summithealth.ca\/fr\/wp-json\/wp\/v2\/pages"}],"about":[{"href":"https:\/\/summithealth.ca\/fr\/wp-json\/wp\/v2\/types\/page"}],"author":[{"embeddable":true,"href":"https:\/\/summithealth.ca\/fr\/wp-json\/wp\/v2\/users\/1"}],"replies":[{"embeddable":true,"href":"https:\/\/summithealth.ca\/fr\/wp-json\/wp\/v2\/comments?post=1632"}],"version-history":[{"count":1,"href":"https:\/\/summithealth.ca\/fr\/wp-json\/wp\/v2\/pages\/1632\/revisions"}],"predecessor-version":[{"id":1633,"href":"https:\/\/summithealth.ca\/fr\/wp-json\/wp\/v2\/pages\/1632\/revisions\/1633"}],"wp:attachment":[{"href":"https:\/\/summithealth.ca\/fr\/wp-json\/wp\/v2\/media?parent=1632"}],"curies":[{"name":"wp","href":"https:\/\/api.w.org\/{rel}","templated":true}]}}