{"id":1629,"date":"2024-08-15T13:57:04","date_gmt":"2024-08-15T13:57:04","guid":{"rendered":"https:\/\/summithealth.sisnettdesign.com\/tests-sanguins-et-serologie\/"},"modified":"2025-12-12T18:28:18","modified_gmt":"2025-12-12T18:28:18","slug":"tests-sanguins-et-serologie","status":"publish","type":"page","link":"https:\/\/summithealth.ca\/fr\/tests-sanguins-et-serologie\/","title":{"rendered":"Tests sanguins et s\u00e9rologie"},"content":{"rendered":"<section class=\"gb-container gb-container-8c5dcceb\">\n<div class=\"gb-container gb-container-fd08668c\">\n<div class=\"gb-container gb-container-c2c01c37\">\n\n<h2 class=\"gb-headline gb-headline-6a153141 gb-headline-text\">Pas de longs d\u00e9lais d&rsquo;attente !<\/h2>\n\n\n\n<p class=\"gb-headline gb-headline-77b704c2 gb-headline-text\">Nos cliniques <strong>du Qu\u00e9bec <\/strong>offrent un service rapide et pratique d&rsquo;analyse sanguine et de s\u00e9rologie, id\u00e9al pour les prestataires de soins de sant\u00e9 qui ont besoin d&rsquo;une s\u00e9rologie r\u00e9cente pour leur travail ou pour les voyageurs qui veulent v\u00e9rifier leur immunit\u00e9 avant la vaccination. <br><br>Veuillez noter que nos cliniques de l&rsquo;Ontario n&rsquo;offrent pas ce service.  <\/p>\n\n\n\n<p>\u00c9vitez les longues attentes dans les laboratoires de diagnostic &#8211; notre service garantit que vos r\u00e9sultats nous sont envoy\u00e9s directement. D\u00e8s r\u00e9ception, nous planifierons rapidement un suivi afin de v\u00e9rifier votre statut immunitaire pour l&rsquo;h\u00e9patite A, l&rsquo;h\u00e9patite B, la rougeole, les oreillons, la rub\u00e9ole et la varicelle. Obtenez rapidement et efficacement les informations dont vous avez besoin, afin de rester pr\u00e9par\u00e9 et prot\u00e9g\u00e9.<\/p>\n\n\n<div class=\"gb-grid-wrapper gb-grid-wrapper-d8b5e0bb\">\n<div class=\"gb-grid-column gb-grid-column-117b0ffd\"><div class=\"gb-container gb-container-117b0ffd\">\n\n<h4 class=\"gb-headline gb-headline-aaba43a2\"><span class=\"gb-icon\"><svg xmlns=\"http:\/\/www.w3.org\/2000\/svg\" fill=\"#000000\" version=\"1.1\" viewbox=\"144 144 512 512\"><g id=\"SVGRepo_bgCarrier\" stroke-width=\"0\"><\/g><g id=\"SVGRepo_tracerCarrier\" stroke-linecap=\"round\" stroke-linejoin=\"round\"><\/g><g id=\"SVGRepo_iconCarrier\"> <g> <path d=\"m337.02 384.25c43.473 0 78.719-35.242 78.719-78.719 0-43.477-35.246-78.723-78.719-78.723-43.477 0-78.723 35.246-78.723 78.723 0 43.477 35.246 78.719 78.723 78.719z\"><\/path> <path d=\"m384.25 431.49c0-4.5898 0.28125-9.1094 0.82422-13.551-14.242-1.3633-30.234-2.1953-48.055-2.1953-73.336 0-115.69 14.082-132.79 21.426-5.6758 2.4375-8.9141 8.1094-8.9141 14.285 0 58.535 47.453 105.98 105.98 105.98h71.426c17.586 0 34.172-4.2812 48.77-11.863-22.844-20.191-37.25-49.715-37.25-82.598z\"><\/path> <path d=\"m498.4 400v52.121l27.074 27.074 16.699-16.699-20.156-20.156v-42.34z\"><\/path> <path d=\"m510.21 541.7c52.172 0 94.465-42.293 94.465-94.465s-42.293-94.465-94.465-94.465-94.465 42.293-94.465 94.465 42.293 94.465 94.465 94.465zm0-31.488c34.781 0 62.977-28.195 62.977-62.977s-28.195-62.977-62.977-62.977-62.977 28.195-62.977 62.977 28.195 62.977 62.977 62.977z\" fill-rule=\"evenodd\"><\/path> <\/g> <\/g><\/svg><\/span><span class=\"gb-headline-text\">Flexible et pratique<\/span><\/h4>\n\n\n\n<p class=\"gb-headline gb-headline-3df16887 gb-headline-text\">Les rendez-vous peuvent \u00eatre pris plus rapidement et \u00e0 des heures qui conviennent mieux \u00e0 l&#8217;emploi du temps du patient qu&rsquo;en cas d&rsquo;attente prolong\u00e9e dans les laboratoires de diagnostic.  <\/p>\n\n<\/div><\/div>\n\n<div class=\"gb-grid-column gb-grid-column-1bfbbf5b\"><div class=\"gb-container gb-container-1bfbbf5b\">\n\n<h4 class=\"gb-headline gb-headline-ac1017e5\"><span class=\"gb-icon\"><svg xmlns=\"http:\/\/www.w3.org\/2000\/svg\" viewbox=\"0 0 100 100\"><path d=\"M27.953 46.506a21.02 21.02 0 0 1-2.117-9.192c0-1.743.252-3.534.768-5.468.231-.87.521-1.702.847-2.509-1.251-.683-2.626-1.103-4.101-1.103-5.47 0-9.898 5.153-9.898 11.517 0 4.452 2.176 8.305 5.354 10.222L5.391 56.217c-.836.393-1.387 1.337-1.387 2.392v10.588c0 1.419.991 2.569 2.21 2.569h7.929v-11.11c0-3.237 1.802-6.172 4.599-7.481l10.262-4.779a20.2 20.2 0 0 1-1.051-1.89zM60.137 34.801h34.092V34.8l.006.001c.973 0 1.761-.789 1.761-1.761v-6.431c0-.973-.789-1.761-1.761-1.761l-.006.001v-.005H56.133a20.013 20.013 0 0 1 3.526 7.435c.215.889.371 1.72.478 2.522zM95.996 66.436c0-.973-.789-1.761-1.761-1.761l-.006.001v-.005H72.007v9.089c0 .293-.016.582-.045.867h22.267v-.001l.006.001c.973 0 1.761-.789 1.761-1.761V66.436zM94.235 44.762l-.006.001v-.005H58.944c-.159.419-.327.836-.514 1.249a20.258 20.258 0 0 1-1.224 2.297l10.288 4.908a7.67 7.67 0 0 1 2.078 1.503h24.657v-.001l.006.001c.973 0 1.761-.789 1.761-1.761v-6.431c0-.973-.789-1.761-1.761-1.761z\"><\/path><path d=\"m65.323 57.702-11.551-5.51-4.885-2.33c2.134-1.344 3.866-3.418 5-5.917a16.045 16.045 0 0 0 1.435-6.631c0-1.348-.213-2.627-.512-3.863-1.453-5.983-6.126-10.392-11.736-10.392-5.504 0-10.106 4.251-11.648 10.065-.356 1.333-.602 2.72-.602 4.189 0 2.552.596 4.93 1.609 7 1.171 2.4 2.906 4.379 5.018 5.651l-4.678 2.178-11.926 5.554c-1.037.485-1.717 1.654-1.717 2.959V73.76c0 1.756 1.224 3.181 2.735 3.181h42.417c1.511 0 2.735-1.424 2.735-3.181V60.656c.002-1.301-.668-2.458-1.694-2.954z\"><\/path><\/svg><\/span><span class=\"gb-headline-text\">Des r\u00e9sultats plus rapides<\/span><\/h4>\n\n\n\n<p class=\"gb-headline gb-headline-33401aa1 gb-headline-text\">Nous avons un acc\u00e8s direct \u00e0 un laboratoire de diagnostic priv\u00e9, ce qui nous permet d&rsquo;acc\u00e9l\u00e9rer le processus d&rsquo;analyse pour nos patients. Cette connexion se traduit par des d\u00e9lais d&rsquo;ex\u00e9cution plus courts pour les analyses de sang et les r\u00e9sultats s\u00e9rologiques, ce qui nous permet de vous fournir un suivi et des soins plus rapides que les services de laboratoire standard.<\/p>\n\n<\/div><\/div>\n<\/div>\n<\/div>\n\n<div class=\"gb-container gb-container-257a925b\">\n\n<figure class=\"wp-block-image size-full\"><img loading=\"lazy\" decoding=\"async\" width=\"640\" height=\"427\" src=\"https:\/\/summithealth.ca\/wp-content\/uploads\/2024\/08\/Untitled-design-25.png\" alt=\"\" class=\"wp-image-1444\" srcset=\"https:\/\/summithealth.ca\/wp-content\/uploads\/2024\/08\/Untitled-design-25.png 640w, https:\/\/summithealth.ca\/wp-content\/uploads\/2024\/08\/Untitled-design-25-300x200.png 300w\" sizes=\"auto, (max-width: 640px) 100vw, 640px\" \/><\/figure>\n\n\n\n<a class=\"gb-button gb-button-d34dfebb smooth-scroll\" href=\"https:\/\/summithealth.ca\/fr\/prendre-rendez-vous\/\"><span class=\"gb-button-text\">R\u00e9servez d\u00e8s maintenant<\/span><span class=\"gb-icon\"><svg xmlns=\"http:\/\/www.w3.org\/2000\/svg\" viewbox=\"0 0 16 16\" class=\"bi bi-arrow-right\" height=\"16\" width=\"16\">   <path d=\"M1 8a.5.5 0 0 1 .5-.5h11.793l-3.147-3.146a.5.5 0 0 1 .708-.708l4 4a.5.5 0 0 1 0 .708l-4 4a.5.5 0 0 1-.708-.708L13.293 8.5H1.5A.5.5 0 0 1 1 8z\"><\/path> <\/svg><\/span><\/a>\n\n<\/div>\n<\/div>\n\n<div class=\"gb-container gb-container-8dfbb97b\">\n<div class=\"gb-container gb-container-917d1f43\">\n\n<h2 class=\"gb-headline gb-headline-258c3d0b gb-headline-text\">Frais<\/h2>\n\n\n\n<h3 class=\"gb-headline gb-headline-dfe0d87e gb-headline-text\">Contactez-nous pour conna\u00eetre les tarifs<\/h3>\n\n\n\n<p class=\"has-text-align-left\"><br\/>Tests s\u00e9rologiques<\/p>\n\n\n\n<p>Suivi des r\u00e9sultats<\/p>\n\n\n\n<a class=\"gb-button gb-button-c5807143 smooth-scroll\" href=\"#\"><span class=\"gb-button-text\">Livre en ligne<\/span><span class=\"gb-icon\"><svg xmlns=\"http:\/\/www.w3.org\/2000\/svg\" viewbox=\"0 0 16 16\" class=\"bi bi-arrow-right\" height=\"16\" width=\"16\">   <path d=\"M1 8a.5.5 0 0 1 .5-.5h11.793l-3.147-3.146a.5.5 0 0 1 .708-.708l4 4a.5.5 0 0 1 0 .708l-4 4a.5.5 0 0 1-.708-.708L13.293 8.5H1.5A.5.5 0 0 1 1 8z\"><\/path> <\/svg><\/span><\/a>\n\n<\/div>\n\n<div class=\"gb-container gb-container-8c1e80aa\">\n\n<h2 class=\"gb-headline gb-headline-09d816bf gb-headline-text\">Aper\u00e7u des services<\/h2>\n\n\n\n<p><br\/>Notre clinique propose des analyses de sang et des services de s\u00e9rologie rapides, avec des r\u00e9sultats rapides.<\/p>\n\n\n\n<p><strong>Une excellente option pour les prestataires de soins de sant\u00e9 ou les voyageurs qui ont besoin d&rsquo;une s\u00e9rologie r\u00e9cente contre les maladies transmissibles pour leur travail ou avant un voyage.<\/strong><\/p>\n\n\n\n<p>Gr\u00e2ce \u00e0 notre lien avec un laboratoire de diagnostic priv\u00e9, nous garantissons des tests en temps voulu et un suivi rapide.<\/p>\n\n\n\n<p>** Le prix d\u00e9pend du rapport s\u00e9rologique requis.<\/p>\n\n<\/div>\n<\/div>\n\n\n<h2 class=\"gb-headline gb-headline-e58be01a gb-headline-text\">Questions fr\u00e9quemment pos\u00e9es<\/h2>\n\n\n\n<div class=\"wp-block-group is-content-justification-center is-nowrap is-layout-flex wp-container-core-group-is-layout-94bc23d7 wp-block-group-is-layout-flex\"><div class=\"gb-container gb-container-316e2ec1\">\n\n<div class=\"schema-faq wp-block-yoast-faq-block\"><div class=\"schema-faq-section\" id=\"faq-question-1722530944887\"><strong class=\"schema-faq-question\">Quelle est la dur\u00e9e du rendez-vous ?<\/strong> <p class=\"schema-faq-answer\">Le rendez-vous dure environ 10 minutes<\/p> <\/div> <div class=\"schema-faq-section\" id=\"faq-question-1722530965158\"><strong class=\"schema-faq-question\">Comment recevrai-je mes r\u00e9sultats ?<\/strong> <p class=\"schema-faq-answer\">Une fois les r\u00e9sultats du laboratoire re\u00e7us, notre \u00e9quipe vous contactera pour fixer un rendez-vous de suivi sans frais suppl\u00e9mentaires.<\/p> <\/div> <\/div>\n\n<\/div>\n\n<div class=\"gb-container gb-container-c92750d4\">\n\n<div class=\"schema-faq wp-block-yoast-faq-block\"><div class=\"schema-faq-section\" id=\"faq-question-1723822850624\"><strong class=\"schema-faq-question\"><\/strong> <p class=\"schema-faq-answer\"><\/p> <\/div> <\/div>\n\n<\/div><\/div>\n\n<\/section>\n<p><\/p>\n","protected":false},"excerpt":{"rendered":"<p>Pas de longs d\u00e9lais d&rsquo;attente ! Nos cliniques du Qu\u00e9bec offrent un service rapide et pratique d&rsquo;analyse sanguine et de s\u00e9rologie, id\u00e9al pour les prestataires &#8230; <a title=\"Tests sanguins et s\u00e9rologie\" class=\"read-more\" href=\"https:\/\/summithealth.ca\/fr\/tests-sanguins-et-serologie\/\" aria-label=\"En savoir plus sur Tests sanguins et s\u00e9rologie\">Lire plus<\/a><\/p>\n","protected":false},"author":1,"featured_media":0,"parent":0,"menu_order":0,"comment_status":"closed","ping_status":"closed","template":"","meta":{"footnotes":""},"class_list":["post-1629","page","type-page","status-publish"],"yoast_head":"<!-- This site is optimized with the Yoast SEO plugin v27.5 - https:\/\/yoast.com\/product\/yoast-seo-wordpress\/ -->\n<title>Tests sanguins et s\u00e9rologie - Summit Health<\/title>\n<meta name=\"description\" content=\"Lisez la politique d&#039;annulation de Summit Health pour les changements de rendez-vous ou les visites manqu\u00e9es dans nos cliniques du Qu\u00e9bec et de l&#039;Ontario.\" \/>\n<meta name=\"robots\" content=\"index, follow, max-snippet:-1, max-image-preview:large, max-video-preview:-1\" \/>\n<link rel=\"canonical\" href=\"https:\/\/summithealth.ca\/fr\/tests-sanguins-et-serologie\/\" \/>\n<meta property=\"og:locale\" content=\"fr_FR\" \/>\n<meta property=\"og:type\" content=\"article\" \/>\n<meta property=\"og:title\" content=\"Tests sanguins et s\u00e9rologie - Summit Health\" \/>\n<meta property=\"og:description\" content=\"Lisez la politique d&#039;annulation de Summit Health pour les changements de rendez-vous ou les visites manqu\u00e9es dans nos cliniques du Qu\u00e9bec et de l&#039;Ontario.\" \/>\n<meta property=\"og:url\" content=\"https:\/\/summithealth.ca\/fr\/tests-sanguins-et-serologie\/\" \/>\n<meta property=\"og:site_name\" content=\"Summit Health\" \/>\n<meta property=\"article:modified_time\" content=\"2025-12-12T18:28:18+00:00\" \/>\n<meta property=\"og:image\" content=\"https:\/\/summithealth.ca\/wp-content\/uploads\/2024\/08\/Untitled-design-25.png\" \/>\n\t<meta property=\"og:image:width\" content=\"640\" \/>\n\t<meta property=\"og:image:height\" content=\"427\" \/>\n\t<meta property=\"og:image:type\" content=\"image\/png\" \/>\n<meta name=\"twitter:card\" content=\"summary_large_image\" \/>\n<meta name=\"twitter:label1\" content=\"Dur\u00e9e de lecture estim\u00e9e\" \/>\n\t<meta name=\"twitter:data1\" content=\"2 minutes\" \/>\n<script type=\"application\/ld+json\" class=\"yoast-schema-graph\">{\"@context\":\"https:\\\/\\\/schema.org\",\"@graph\":[{\"@type\":[\"WebPage\",\"FAQPage\"],\"@id\":\"https:\\\/\\\/summithealth.ca\\\/fr\\\/tests-sanguins-et-serologie\\\/\",\"url\":\"https:\\\/\\\/summithealth.ca\\\/fr\\\/tests-sanguins-et-serologie\\\/\",\"name\":\"Tests sanguins et s\u00e9rologie - Summit Health\",\"isPartOf\":{\"@id\":\"https:\\\/\\\/summithealth.ca\\\/fr\\\/#website\"},\"primaryImageOfPage\":{\"@id\":\"https:\\\/\\\/summithealth.ca\\\/fr\\\/tests-sanguins-et-serologie\\\/#primaryimage\"},\"image\":{\"@id\":\"https:\\\/\\\/summithealth.ca\\\/fr\\\/tests-sanguins-et-serologie\\\/#primaryimage\"},\"thumbnailUrl\":\"https:\\\/\\\/summithealth.ca\\\/wp-content\\\/uploads\\\/2024\\\/08\\\/Untitled-design-25.png\",\"datePublished\":\"2024-08-15T13:57:04+00:00\",\"dateModified\":\"2025-12-12T18:28:18+00:00\",\"description\":\"Lisez la politique d'annulation de Summit Health pour les changements de rendez-vous ou les visites manqu\u00e9es dans nos cliniques du Qu\u00e9bec et de l'Ontario.\",\"breadcrumb\":{\"@id\":\"https:\\\/\\\/summithealth.ca\\\/fr\\\/tests-sanguins-et-serologie\\\/#breadcrumb\"},\"mainEntity\":[{\"@id\":\"https:\\\/\\\/summithealth.ca\\\/fr\\\/tests-sanguins-et-serologie\\\/#faq-question-1722530944887\"},{\"@id\":\"https:\\\/\\\/summithealth.ca\\\/fr\\\/tests-sanguins-et-serologie\\\/#faq-question-1722530965158\"}],\"inLanguage\":\"fr-FR\",\"potentialAction\":[{\"@type\":\"ReadAction\",\"target\":[\"https:\\\/\\\/summithealth.ca\\\/fr\\\/tests-sanguins-et-serologie\\\/\"]}]},{\"@type\":\"ImageObject\",\"inLanguage\":\"fr-FR\",\"@id\":\"https:\\\/\\\/summithealth.ca\\\/fr\\\/tests-sanguins-et-serologie\\\/#primaryimage\",\"url\":\"https:\\\/\\\/summithealth.ca\\\/wp-content\\\/uploads\\\/2024\\\/08\\\/Untitled-design-25.png\",\"contentUrl\":\"https:\\\/\\\/summithealth.ca\\\/wp-content\\\/uploads\\\/2024\\\/08\\\/Untitled-design-25.png\"},{\"@type\":\"BreadcrumbList\",\"@id\":\"https:\\\/\\\/summithealth.ca\\\/fr\\\/tests-sanguins-et-serologie\\\/#breadcrumb\",\"itemListElement\":[{\"@type\":\"ListItem\",\"position\":1,\"name\":\"Home\",\"item\":\"https:\\\/\\\/summithealth.ca\\\/fr\\\/\"},{\"@type\":\"ListItem\",\"position\":2,\"name\":\"Tests sanguins et s\u00e9rologie\"}]},{\"@type\":\"WebSite\",\"@id\":\"https:\\\/\\\/summithealth.ca\\\/fr\\\/#website\",\"url\":\"https:\\\/\\\/summithealth.ca\\\/fr\\\/\",\"name\":\"Summit Health\",\"description\":\"\",\"publisher\":{\"@id\":\"https:\\\/\\\/summithealth.ca\\\/fr\\\/#organization\"},\"potentialAction\":[{\"@type\":\"SearchAction\",\"target\":{\"@type\":\"EntryPoint\",\"urlTemplate\":\"https:\\\/\\\/summithealth.ca\\\/fr\\\/?s={search_term_string}\"},\"query-input\":{\"@type\":\"PropertyValueSpecification\",\"valueRequired\":true,\"valueName\":\"search_term_string\"}}],\"inLanguage\":\"fr-FR\"},{\"@type\":\"Organization\",\"@id\":\"https:\\\/\\\/summithealth.ca\\\/fr\\\/#organization\",\"name\":\"Summit Health\",\"url\":\"https:\\\/\\\/summithealth.ca\\\/fr\\\/\",\"logo\":{\"@type\":\"ImageObject\",\"inLanguage\":\"fr-FR\",\"@id\":\"https:\\\/\\\/summithealth.ca\\\/fr\\\/#\\\/schema\\\/logo\\\/image\\\/\",\"url\":\"https:\\\/\\\/summithealth.ca\\\/wp-content\\\/uploads\\\/2024\\\/07\\\/logo_trimmed.png\",\"contentUrl\":\"https:\\\/\\\/summithealth.ca\\\/wp-content\\\/uploads\\\/2024\\\/07\\\/logo_trimmed.png\",\"width\":312,\"height\":312,\"caption\":\"Summit Health\"},\"image\":{\"@id\":\"https:\\\/\\\/summithealth.ca\\\/fr\\\/#\\\/schema\\\/logo\\\/image\\\/\"}},{\"@type\":\"Question\",\"@id\":\"https:\\\/\\\/summithealth.ca\\\/fr\\\/tests-sanguins-et-serologie\\\/#faq-question-1722530944887\",\"position\":1,\"url\":\"https:\\\/\\\/summithealth.ca\\\/fr\\\/tests-sanguins-et-serologie\\\/#faq-question-1722530944887\",\"name\":\"Quelle est la dur\u00e9e du rendez-vous ?\",\"answerCount\":1,\"acceptedAnswer\":{\"@type\":\"Answer\",\"text\":\"Le rendez-vous dure environ 10 minutes\",\"inLanguage\":\"fr-FR\"},\"inLanguage\":\"fr-FR\"},{\"@type\":\"Question\",\"@id\":\"https:\\\/\\\/summithealth.ca\\\/fr\\\/tests-sanguins-et-serologie\\\/#faq-question-1722530965158\",\"position\":2,\"url\":\"https:\\\/\\\/summithealth.ca\\\/fr\\\/tests-sanguins-et-serologie\\\/#faq-question-1722530965158\",\"name\":\"Comment recevrai-je mes r\u00e9sultats ?\",\"answerCount\":1,\"acceptedAnswer\":{\"@type\":\"Answer\",\"text\":\"Une fois les r\u00e9sultats du laboratoire re\u00e7us, notre \u00e9quipe vous contactera pour fixer un rendez-vous de suivi sans frais suppl\u00e9mentaires.\",\"inLanguage\":\"fr-FR\"},\"inLanguage\":\"fr-FR\"}]}<\/script>\n<!-- \/ Yoast SEO plugin. -->","yoast_head_json":{"title":"Tests sanguins et s\u00e9rologie - Summit Health","description":"Lisez la politique d'annulation de Summit Health pour les changements de rendez-vous ou les visites manqu\u00e9es dans nos cliniques du Qu\u00e9bec et de l'Ontario.","robots":{"index":"index","follow":"follow","max-snippet":"max-snippet:-1","max-image-preview":"max-image-preview:large","max-video-preview":"max-video-preview:-1"},"canonical":"https:\/\/summithealth.ca\/fr\/tests-sanguins-et-serologie\/","og_locale":"fr_FR","og_type":"article","og_title":"Tests sanguins et s\u00e9rologie - Summit Health","og_description":"Lisez la politique d'annulation de Summit Health pour les changements de rendez-vous ou les visites manqu\u00e9es dans nos cliniques du Qu\u00e9bec et de l'Ontario.","og_url":"https:\/\/summithealth.ca\/fr\/tests-sanguins-et-serologie\/","og_site_name":"Summit Health","article_modified_time":"2025-12-12T18:28:18+00:00","og_image":[{"width":640,"height":427,"url":"https:\/\/summithealth.ca\/wp-content\/uploads\/2024\/08\/Untitled-design-25.png","type":"image\/png"}],"twitter_card":"summary_large_image","twitter_misc":{"Dur\u00e9e de lecture estim\u00e9e":"2 minutes"},"schema":{"@context":"https:\/\/schema.org","@graph":[{"@type":["WebPage","FAQPage"],"@id":"https:\/\/summithealth.ca\/fr\/tests-sanguins-et-serologie\/","url":"https:\/\/summithealth.ca\/fr\/tests-sanguins-et-serologie\/","name":"Tests sanguins et s\u00e9rologie - Summit Health","isPartOf":{"@id":"https:\/\/summithealth.ca\/fr\/#website"},"primaryImageOfPage":{"@id":"https:\/\/summithealth.ca\/fr\/tests-sanguins-et-serologie\/#primaryimage"},"image":{"@id":"https:\/\/summithealth.ca\/fr\/tests-sanguins-et-serologie\/#primaryimage"},"thumbnailUrl":"https:\/\/summithealth.ca\/wp-content\/uploads\/2024\/08\/Untitled-design-25.png","datePublished":"2024-08-15T13:57:04+00:00","dateModified":"2025-12-12T18:28:18+00:00","description":"Lisez la politique d'annulation de Summit Health pour les changements de rendez-vous ou les visites manqu\u00e9es dans nos cliniques du Qu\u00e9bec et de l'Ontario.","breadcrumb":{"@id":"https:\/\/summithealth.ca\/fr\/tests-sanguins-et-serologie\/#breadcrumb"},"mainEntity":[{"@id":"https:\/\/summithealth.ca\/fr\/tests-sanguins-et-serologie\/#faq-question-1722530944887"},{"@id":"https:\/\/summithealth.ca\/fr\/tests-sanguins-et-serologie\/#faq-question-1722530965158"}],"inLanguage":"fr-FR","potentialAction":[{"@type":"ReadAction","target":["https:\/\/summithealth.ca\/fr\/tests-sanguins-et-serologie\/"]}]},{"@type":"ImageObject","inLanguage":"fr-FR","@id":"https:\/\/summithealth.ca\/fr\/tests-sanguins-et-serologie\/#primaryimage","url":"https:\/\/summithealth.ca\/wp-content\/uploads\/2024\/08\/Untitled-design-25.png","contentUrl":"https:\/\/summithealth.ca\/wp-content\/uploads\/2024\/08\/Untitled-design-25.png"},{"@type":"BreadcrumbList","@id":"https:\/\/summithealth.ca\/fr\/tests-sanguins-et-serologie\/#breadcrumb","itemListElement":[{"@type":"ListItem","position":1,"name":"Home","item":"https:\/\/summithealth.ca\/fr\/"},{"@type":"ListItem","position":2,"name":"Tests sanguins et s\u00e9rologie"}]},{"@type":"WebSite","@id":"https:\/\/summithealth.ca\/fr\/#website","url":"https:\/\/summithealth.ca\/fr\/","name":"Summit Health","description":"","publisher":{"@id":"https:\/\/summithealth.ca\/fr\/#organization"},"potentialAction":[{"@type":"SearchAction","target":{"@type":"EntryPoint","urlTemplate":"https:\/\/summithealth.ca\/fr\/?s={search_term_string}"},"query-input":{"@type":"PropertyValueSpecification","valueRequired":true,"valueName":"search_term_string"}}],"inLanguage":"fr-FR"},{"@type":"Organization","@id":"https:\/\/summithealth.ca\/fr\/#organization","name":"Summit Health","url":"https:\/\/summithealth.ca\/fr\/","logo":{"@type":"ImageObject","inLanguage":"fr-FR","@id":"https:\/\/summithealth.ca\/fr\/#\/schema\/logo\/image\/","url":"https:\/\/summithealth.ca\/wp-content\/uploads\/2024\/07\/logo_trimmed.png","contentUrl":"https:\/\/summithealth.ca\/wp-content\/uploads\/2024\/07\/logo_trimmed.png","width":312,"height":312,"caption":"Summit Health"},"image":{"@id":"https:\/\/summithealth.ca\/fr\/#\/schema\/logo\/image\/"}},{"@type":"Question","@id":"https:\/\/summithealth.ca\/fr\/tests-sanguins-et-serologie\/#faq-question-1722530944887","position":1,"url":"https:\/\/summithealth.ca\/fr\/tests-sanguins-et-serologie\/#faq-question-1722530944887","name":"Quelle est la dur\u00e9e du rendez-vous ?","answerCount":1,"acceptedAnswer":{"@type":"Answer","text":"Le rendez-vous dure environ 10 minutes","inLanguage":"fr-FR"},"inLanguage":"fr-FR"},{"@type":"Question","@id":"https:\/\/summithealth.ca\/fr\/tests-sanguins-et-serologie\/#faq-question-1722530965158","position":2,"url":"https:\/\/summithealth.ca\/fr\/tests-sanguins-et-serologie\/#faq-question-1722530965158","name":"Comment recevrai-je mes r\u00e9sultats ?","answerCount":1,"acceptedAnswer":{"@type":"Answer","text":"Une fois les r\u00e9sultats du laboratoire re\u00e7us, notre \u00e9quipe vous contactera pour fixer un rendez-vous de suivi sans frais suppl\u00e9mentaires.","inLanguage":"fr-FR"},"inLanguage":"fr-FR"}]}},"_links":{"self":[{"href":"https:\/\/summithealth.ca\/fr\/wp-json\/wp\/v2\/pages\/1629","targetHints":{"allow":["GET"]}}],"collection":[{"href":"https:\/\/summithealth.ca\/fr\/wp-json\/wp\/v2\/pages"}],"about":[{"href":"https:\/\/summithealth.ca\/fr\/wp-json\/wp\/v2\/types\/page"}],"author":[{"embeddable":true,"href":"https:\/\/summithealth.ca\/fr\/wp-json\/wp\/v2\/users\/1"}],"replies":[{"embeddable":true,"href":"https:\/\/summithealth.ca\/fr\/wp-json\/wp\/v2\/comments?post=1629"}],"version-history":[{"count":2,"href":"https:\/\/summithealth.ca\/fr\/wp-json\/wp\/v2\/pages\/1629\/revisions"}],"predecessor-version":[{"id":2362,"href":"https:\/\/summithealth.ca\/fr\/wp-json\/wp\/v2\/pages\/1629\/revisions\/2362"}],"wp:attachment":[{"href":"https:\/\/summithealth.ca\/fr\/wp-json\/wp\/v2\/media?parent=1629"}],"curies":[{"name":"wp","href":"https:\/\/api.w.org\/{rel}","templated":true}]}}