{"id":1592,"date":"2024-08-15T13:28:49","date_gmt":"2024-08-15T13:28:49","guid":{"rendered":"https:\/\/summithealth.sisnettdesign.com\/services-daide-aux-patients\/"},"modified":"2025-05-01T15:19:23","modified_gmt":"2025-05-01T15:19:23","slug":"services-daide-aux-patients","status":"publish","type":"page","link":"https:\/\/summithealth.ca\/fr\/services-daide-aux-patients\/","title":{"rendered":"Services d&rsquo;aide aux patients"},"content":{"rendered":"<section class=\"gb-container gb-container-0554de79\">\n<div class=\"gb-container gb-container-7ae6937b\">\n<div class=\"gb-container gb-container-192d945b\">\n\n<h2 class=\"gb-headline gb-headline-3fbb4a6d gb-headline-text\">Nous offrons un service complet de soutien sp\u00e9cialis\u00e9<\/h2>\n\n\n\n<p class=\"gb-headline gb-headline-6d1d7f48 gb-headline-text\">\u00c0 Summit Health,&nbsp;<strong>Le soutien aux patients s&rsquo;\u00e9tend au-del\u00e0 du traitement &#8211; nous<\/strong>garantissons une exp\u00e9rience rationalis\u00e9e, s\u00e9curis\u00e9e et coordonn\u00e9e \u00e0 chaque \u00e9tape du processus. Nos services &nbsp;Nos <strong>solutions technologiques, nos partenariats avec les pharmacies et nos tests sp\u00e9cialis\u00e9s<\/strong> sont con\u00e7us pour am\u00e9liorer l&rsquo;efficacit\u00e9 des soins de sant\u00e9 et les r\u00e9sultats pour les patients. <a href=\"https:\/\/summithealth.ca\/fr\/contacts\/\">Contactez-nous<\/a> d\u00e8s aujourd&rsquo;hui pour en savoir plus sur nos services complets d&rsquo;aide aux patients.<\/p>\n\n\n\n<a class=\"gb-button gb-button-26019cb9 smooth-scroll\" href=\"https:\/\/gpsites.co\/clinic\/departments\/\"><span class=\"gb-button-text\">Contactez-nous pour en savoir plus<\/span><span class=\"gb-icon\"><svg xmlns=\"http:\/\/www.w3.org\/2000\/svg\" viewbox=\"0 0 16 16\" class=\"bi bi-arrow-right\" height=\"16\" width=\"16\">   <path d=\"M1 8a.5.5 0 0 1 .5-.5h11.793l-3.147-3.146a.5.5 0 0 1 .708-.708l4 4a.5.5 0 0 1 0 .708l-4 4a.5.5 0 0 1-.708-.708L13.293 8.5H1.5A.5.5 0 0 1 1 8z\"><\/path> <\/svg><\/span><\/a>\n\n<\/div>\n\n<div class=\"gb-container gb-container-fa4242ec\">\n\n<figure class=\"wp-block-image size-full\"><img loading=\"lazy\" decoding=\"async\" width=\"640\" height=\"427\" src=\"https:\/\/summithealth.ca\/wp-content\/uploads\/2024\/08\/patient-support-no-logo.png\" alt=\"\" class=\"wp-image-1423\" srcset=\"https:\/\/summithealth.ca\/wp-content\/uploads\/2024\/08\/patient-support-no-logo.png 640w, https:\/\/summithealth.ca\/wp-content\/uploads\/2024\/08\/patient-support-no-logo-300x200.png 300w\" sizes=\"auto, (max-width: 640px) 100vw, 640px\" \/><\/figure>\n\n<\/div>\n<\/div>\n<\/section><section class=\"gb-container gb-container-05982a9e\">\n<div class=\"gb-container gb-container-9e131806\">\n\n<h2 class=\"gb-headline gb-headline-5b98cdbc gb-headline-text\"><strong>Pr\u00e9s\u00e9lection<\/strong> et tests<\/h2>\n\n\n\n<p>Des diagnostics pr\u00e9cis et opportuns sont la pierre angulaire de soins de sant\u00e9 efficaces. Nous facilitons les <strong>services de d\u00e9pistage et d&rsquo;analyse<\/strong>, y compris les analyses sanguines de routine, les tests de d\u00e9pistage de la tuberculose et de QuantiFERON, ainsi que d&rsquo;autres diagnostics essentiels. Ces tests permettent de s&rsquo;assurer que les patients r\u00e9pondent aux exigences du traitement tout en permettant aux prestataires de soins de sant\u00e9 de prendre des d\u00e9cisions \u00e9clair\u00e9es sur les soins en cours. L&rsquo;identification pr\u00e9coce des risques potentiels ou des lacunes am\u00e9liore la r\u00e9ussite du traitement et la s\u00e9curit\u00e9 des patients.   <\/p>\n\n\n\n<h2 class=\"gb-headline gb-headline-c6649ad1 gb-headline-text\"><strong>Coordination sans faille de l&rsquo;orientation<\/strong><\/h2>\n\n\n\n<p>Nos <strong>services de coordination de l&rsquo;orientation<\/strong> mettent les patients en contact avec les sp\u00e9cialistes et les prestataires de soins de sant\u00e9 appropri\u00e9s. En g\u00e9rant la communication entre les prestataires de soins primaires, les sp\u00e9cialistes et les pharmacies, nous veillons \u00e0 ce que les patients re\u00e7oivent des soins cibl\u00e9s en temps voulu, sans retards inutiles. Notre processus rationalis\u00e9 r\u00e9duit les temps d&rsquo;attente, am\u00e9liore les r\u00e9sultats des traitements et l&rsquo;exp\u00e9rience globale des patients.  <\/p>\n\n\n\n<h2 class=\"gb-headline gb-headline-b684c5cb gb-headline-text\"><strong>Suivi th\u00e9rapeutique des m\u00e9dicaments (TDM) et recherche d&rsquo;anticorps anti-m\u00e9dicaments (ADA)<\/strong><\/h2>\n\n\n\n<p>Pour soutenir un traitement personnalis\u00e9 et optimis\u00e9, nous proposons un suivi th\u00e9rapeutique des m\u00e9dicaments (TDM) et des tests d&rsquo;anticorps anti-m\u00e9dicaments (ADA). Ces outils de diagnostic permettent d&rsquo;\u00e9valuer l&rsquo;efficacit\u00e9 des m\u00e9dicaments, de garantir un dosage appropri\u00e9 et de d\u00e9tecter les anticorps susceptibles d&rsquo;interf\u00e9rer avec le traitement. En int\u00e9grant le TDM et les tests ADA dans les programmes de soutien aux patients, nous contribuons \u00e0 am\u00e9liorer la pr\u00e9cision et l&rsquo;efficacit\u00e9 des traitements.<\/p>\n\n<\/div>\n\n<div class=\"gb-container gb-container-89af7de3\">\n\n<h2 class=\"gb-headline gb-headline-e58be01a gb-headline-text\"><strong>Un soutien aux patients bas\u00e9 sur la technologie<\/strong><\/h2>\n\n\n\n<p>Chez Summit Health, nous nous engageons \u00e0 fournir un soutien de bout en bout aux patients gr\u00e2ce \u00e0 une technologie de pointe et \u00e0 une coordination sans faille. Notre <strong>portail en temps r\u00e9el<\/strong>, d\u00e9velopp\u00e9 en collaboration avec des partenaires pharmaceutiques de premier plan, rationalise les interactions entre les prestataires de soins et les pharmacies. Gr\u00e2ce \u00e0 ce syst\u00e8me s\u00e9curis\u00e9, les professionnels autoris\u00e9s peuvent <strong>soumettre des demandes, demander et programmer des traitements pour les patients, et acc\u00e9der aux r\u00e9sultats<\/strong>, garantissant ainsi des soins efficaces et efficients aux patients.  <\/p>\n\n\n\n<h2 class=\"gb-headline gb-headline-d9371e4b gb-headline-text\"><strong>Collaboration avec les pharmacies et partenariats avec les r\u00e9seaux<\/strong><\/h2>\n\n\n\n<p>Summit Health privil\u00e9gie des partenariats solides avec les pharmacies afin d&rsquo;am\u00e9liorer les soins aux patients. <strong>Plut\u00f4t que d&rsquo;entrer en concurrence avec les pharmacies, nous travaillons avec elles pour trouver et pr\u00e9parer les m\u00e9dicaments<\/strong> pour les traitements. Si la pharmacie habituelle d&rsquo;un patient ne peut ex\u00e9cuter une ordonnance, nous nous coordonnons avec des pharmacies partenaires de confiance pour garantir la disponibilit\u00e9 des m\u00e9dicaments en temps voulu. Cette <strong>approche collaborative<\/strong> am\u00e9liore la continuit\u00e9 des soins et simplifie le processus de traitement.  <\/p>\n\n\n\n<h2 class=\"gb-headline gb-headline-649b20b8 gb-headline-text\"><strong>\u00c9ducation des patients et soutien \u00e0 l&rsquo;observance<\/strong><\/h2>\n\n\n\n<p>Nous croyons qu&rsquo;il faut donner aux patients les connaissances et les ressources n\u00e9cessaires pour g\u00e9rer efficacement leur sant\u00e9 :<\/p>\n\n\n\n<ul class=\"wp-block-list\">\n<li><strong>L&rsquo;\u00e9ducation des patients :<\/strong> Nos professionnels de sant\u00e9 fournissent des informations claires et accessibles sur les maladies, les traitements et les strat\u00e9gies d&rsquo;observance.<\/li>\n\n\n\n<li><strong>Soutien \u00e0 l&rsquo;observance :<\/strong> Gr\u00e2ce \u00e0 des rappels, du mat\u00e9riel \u00e9ducatif et un suivi continu, nous aidons les patients \u00e0 respecter les th\u00e9rapies qui leur sont prescrites.<\/li>\n\n\n\n<li><strong>Assistance virtuelle et accessibilit\u00e9 :<\/strong> Gr\u00e2ce \u00e0 des outils num\u00e9riques s\u00e9curis\u00e9s et \u00e0 des options d&rsquo;assistance \u00e0 distance, les patients re\u00e7oivent l&rsquo;aide dont ils ont besoin de n&rsquo;importe o\u00f9 et \u00e0 n&rsquo;importe quel moment.<\/li>\n<\/ul>\n\n<\/div>\n<\/section><section class=\"gb-container gb-container-08654e19\"><\/section>","protected":false},"excerpt":{"rendered":"<p>Nous offrons un service complet de soutien sp\u00e9cialis\u00e9 \u00c0 Summit Health,&nbsp;Le soutien aux patients s&rsquo;\u00e9tend au-del\u00e0 du traitement &#8211; nousgarantissons une exp\u00e9rience rationalis\u00e9e, s\u00e9curis\u00e9e et &#8230; <a title=\"Services d&rsquo;aide aux patients\" class=\"read-more\" href=\"https:\/\/summithealth.ca\/fr\/services-daide-aux-patients\/\" aria-label=\"En savoir plus sur Services d&rsquo;aide aux patients\">Lire plus<\/a><\/p>\n","protected":false},"author":1,"featured_media":0,"parent":0,"menu_order":0,"comment_status":"closed","ping_status":"closed","template":"","meta":{"footnotes":""},"class_list":["post-1592","page","type-page","status-publish"],"yoast_head":"<!-- This site is optimized with the Yoast SEO plugin v27.3 - https:\/\/yoast.com\/product\/yoast-seo-wordpress\/ -->\n<title>Services d&#039;aide aux patients - Summit Health<\/title>\n<meta name=\"description\" content=\"D\u00e9couvrez nos services complets de d\u00e9pistage et d&#039;analyse, y compris les analyses de sang, les vaccinations et les diagnostics, con\u00e7us pour aider les patients \u00e0 r\u00e9pondre aux exigences des programmes de soins de sant\u00e9 et \u00e0 garantir des soins personnalis\u00e9s.\" \/>\n<meta name=\"robots\" content=\"index, follow, max-snippet:-1, max-image-preview:large, max-video-preview:-1\" \/>\n<link rel=\"canonical\" href=\"https:\/\/summithealth.ca\/fr\/services-daide-aux-patients\/\" \/>\n<meta property=\"og:locale\" content=\"fr_FR\" \/>\n<meta property=\"og:type\" content=\"article\" \/>\n<meta property=\"og:title\" content=\"Services d&#039;aide aux patients - Summit Health\" \/>\n<meta property=\"og:description\" content=\"D\u00e9couvrez nos services complets de d\u00e9pistage et d&#039;analyse, y compris les analyses de sang, les vaccinations et les diagnostics, con\u00e7us pour aider les patients \u00e0 r\u00e9pondre aux exigences des programmes de soins de sant\u00e9 et \u00e0 garantir des soins personnalis\u00e9s.\" \/>\n<meta property=\"og:url\" content=\"https:\/\/summithealth.ca\/fr\/services-daide-aux-patients\/\" \/>\n<meta property=\"og:site_name\" content=\"Summit Health\" \/>\n<meta property=\"article:modified_time\" content=\"2025-05-01T15:19:23+00:00\" \/>\n<meta property=\"og:image\" content=\"https:\/\/summithealth.ca\/wp-content\/uploads\/2024\/08\/patient-support-no-logo.png\" \/>\n\t<meta property=\"og:image:width\" content=\"640\" \/>\n\t<meta property=\"og:image:height\" content=\"427\" \/>\n\t<meta property=\"og:image:type\" content=\"image\/png\" \/>\n<meta name=\"twitter:card\" content=\"summary_large_image\" \/>\n<meta name=\"twitter:label1\" content=\"Dur\u00e9e de lecture estim\u00e9e\" \/>\n\t<meta name=\"twitter:data1\" content=\"3 minutes\" \/>\n<script type=\"application\/ld+json\" class=\"yoast-schema-graph\">{\"@context\":\"https:\\\/\\\/schema.org\",\"@graph\":[{\"@type\":\"WebPage\",\"@id\":\"https:\\\/\\\/summithealth.ca\\\/fr\\\/services-daide-aux-patients\\\/\",\"url\":\"https:\\\/\\\/summithealth.ca\\\/fr\\\/services-daide-aux-patients\\\/\",\"name\":\"Services d'aide aux patients - Summit Health\",\"isPartOf\":{\"@id\":\"https:\\\/\\\/summithealth.ca\\\/fr\\\/#website\"},\"primaryImageOfPage\":{\"@id\":\"https:\\\/\\\/summithealth.ca\\\/fr\\\/services-daide-aux-patients\\\/#primaryimage\"},\"image\":{\"@id\":\"https:\\\/\\\/summithealth.ca\\\/fr\\\/services-daide-aux-patients\\\/#primaryimage\"},\"thumbnailUrl\":\"https:\\\/\\\/summithealth.ca\\\/wp-content\\\/uploads\\\/2024\\\/08\\\/patient-support-no-logo.png\",\"datePublished\":\"2024-08-15T13:28:49+00:00\",\"dateModified\":\"2025-05-01T15:19:23+00:00\",\"description\":\"D\u00e9couvrez nos services complets de d\u00e9pistage et d'analyse, y compris les analyses de sang, les vaccinations et les diagnostics, con\u00e7us pour aider les patients \u00e0 r\u00e9pondre aux exigences des programmes de soins de sant\u00e9 et \u00e0 garantir des soins personnalis\u00e9s.\",\"breadcrumb\":{\"@id\":\"https:\\\/\\\/summithealth.ca\\\/fr\\\/services-daide-aux-patients\\\/#breadcrumb\"},\"inLanguage\":\"fr-FR\",\"potentialAction\":[{\"@type\":\"ReadAction\",\"target\":[\"https:\\\/\\\/summithealth.ca\\\/fr\\\/services-daide-aux-patients\\\/\"]}]},{\"@type\":\"ImageObject\",\"inLanguage\":\"fr-FR\",\"@id\":\"https:\\\/\\\/summithealth.ca\\\/fr\\\/services-daide-aux-patients\\\/#primaryimage\",\"url\":\"https:\\\/\\\/summithealth.ca\\\/wp-content\\\/uploads\\\/2024\\\/08\\\/patient-support-no-logo.png\",\"contentUrl\":\"https:\\\/\\\/summithealth.ca\\\/wp-content\\\/uploads\\\/2024\\\/08\\\/patient-support-no-logo.png\"},{\"@type\":\"BreadcrumbList\",\"@id\":\"https:\\\/\\\/summithealth.ca\\\/fr\\\/services-daide-aux-patients\\\/#breadcrumb\",\"itemListElement\":[{\"@type\":\"ListItem\",\"position\":1,\"name\":\"Home\",\"item\":\"https:\\\/\\\/summithealth.ca\\\/fr\\\/\"},{\"@type\":\"ListItem\",\"position\":2,\"name\":\"Services d&rsquo;aide aux patients\"}]},{\"@type\":\"WebSite\",\"@id\":\"https:\\\/\\\/summithealth.ca\\\/fr\\\/#website\",\"url\":\"https:\\\/\\\/summithealth.ca\\\/fr\\\/\",\"name\":\"Summit Health\",\"description\":\"\",\"publisher\":{\"@id\":\"https:\\\/\\\/summithealth.ca\\\/fr\\\/#organization\"},\"potentialAction\":[{\"@type\":\"SearchAction\",\"target\":{\"@type\":\"EntryPoint\",\"urlTemplate\":\"https:\\\/\\\/summithealth.ca\\\/fr\\\/?s={search_term_string}\"},\"query-input\":{\"@type\":\"PropertyValueSpecification\",\"valueRequired\":true,\"valueName\":\"search_term_string\"}}],\"inLanguage\":\"fr-FR\"},{\"@type\":\"Organization\",\"@id\":\"https:\\\/\\\/summithealth.ca\\\/fr\\\/#organization\",\"name\":\"Summit Health\",\"url\":\"https:\\\/\\\/summithealth.ca\\\/fr\\\/\",\"logo\":{\"@type\":\"ImageObject\",\"inLanguage\":\"fr-FR\",\"@id\":\"https:\\\/\\\/summithealth.ca\\\/fr\\\/#\\\/schema\\\/logo\\\/image\\\/\",\"url\":\"https:\\\/\\\/summithealth.ca\\\/wp-content\\\/uploads\\\/2024\\\/07\\\/logo_trimmed.png\",\"contentUrl\":\"https:\\\/\\\/summithealth.ca\\\/wp-content\\\/uploads\\\/2024\\\/07\\\/logo_trimmed.png\",\"width\":312,\"height\":312,\"caption\":\"Summit Health\"},\"image\":{\"@id\":\"https:\\\/\\\/summithealth.ca\\\/fr\\\/#\\\/schema\\\/logo\\\/image\\\/\"}}]}<\/script>\n<!-- \/ Yoast SEO plugin. -->","yoast_head_json":{"title":"Services d'aide aux patients - Summit Health","description":"D\u00e9couvrez nos services complets de d\u00e9pistage et d'analyse, y compris les analyses de sang, les vaccinations et les diagnostics, con\u00e7us pour aider les patients \u00e0 r\u00e9pondre aux exigences des programmes de soins de sant\u00e9 et \u00e0 garantir des soins personnalis\u00e9s.","robots":{"index":"index","follow":"follow","max-snippet":"max-snippet:-1","max-image-preview":"max-image-preview:large","max-video-preview":"max-video-preview:-1"},"canonical":"https:\/\/summithealth.ca\/fr\/services-daide-aux-patients\/","og_locale":"fr_FR","og_type":"article","og_title":"Services d'aide aux patients - Summit Health","og_description":"D\u00e9couvrez nos services complets de d\u00e9pistage et d'analyse, y compris les analyses de sang, les vaccinations et les diagnostics, con\u00e7us pour aider les patients \u00e0 r\u00e9pondre aux exigences des programmes de soins de sant\u00e9 et \u00e0 garantir des soins personnalis\u00e9s.","og_url":"https:\/\/summithealth.ca\/fr\/services-daide-aux-patients\/","og_site_name":"Summit Health","article_modified_time":"2025-05-01T15:19:23+00:00","og_image":[{"width":640,"height":427,"url":"https:\/\/summithealth.ca\/wp-content\/uploads\/2024\/08\/patient-support-no-logo.png","type":"image\/png"}],"twitter_card":"summary_large_image","twitter_misc":{"Dur\u00e9e de lecture estim\u00e9e":"3 minutes"},"schema":{"@context":"https:\/\/schema.org","@graph":[{"@type":"WebPage","@id":"https:\/\/summithealth.ca\/fr\/services-daide-aux-patients\/","url":"https:\/\/summithealth.ca\/fr\/services-daide-aux-patients\/","name":"Services d'aide aux patients - Summit Health","isPartOf":{"@id":"https:\/\/summithealth.ca\/fr\/#website"},"primaryImageOfPage":{"@id":"https:\/\/summithealth.ca\/fr\/services-daide-aux-patients\/#primaryimage"},"image":{"@id":"https:\/\/summithealth.ca\/fr\/services-daide-aux-patients\/#primaryimage"},"thumbnailUrl":"https:\/\/summithealth.ca\/wp-content\/uploads\/2024\/08\/patient-support-no-logo.png","datePublished":"2024-08-15T13:28:49+00:00","dateModified":"2025-05-01T15:19:23+00:00","description":"D\u00e9couvrez nos services complets de d\u00e9pistage et d'analyse, y compris les analyses de sang, les vaccinations et les diagnostics, con\u00e7us pour aider les patients \u00e0 r\u00e9pondre aux exigences des programmes de soins de sant\u00e9 et \u00e0 garantir des soins personnalis\u00e9s.","breadcrumb":{"@id":"https:\/\/summithealth.ca\/fr\/services-daide-aux-patients\/#breadcrumb"},"inLanguage":"fr-FR","potentialAction":[{"@type":"ReadAction","target":["https:\/\/summithealth.ca\/fr\/services-daide-aux-patients\/"]}]},{"@type":"ImageObject","inLanguage":"fr-FR","@id":"https:\/\/summithealth.ca\/fr\/services-daide-aux-patients\/#primaryimage","url":"https:\/\/summithealth.ca\/wp-content\/uploads\/2024\/08\/patient-support-no-logo.png","contentUrl":"https:\/\/summithealth.ca\/wp-content\/uploads\/2024\/08\/patient-support-no-logo.png"},{"@type":"BreadcrumbList","@id":"https:\/\/summithealth.ca\/fr\/services-daide-aux-patients\/#breadcrumb","itemListElement":[{"@type":"ListItem","position":1,"name":"Home","item":"https:\/\/summithealth.ca\/fr\/"},{"@type":"ListItem","position":2,"name":"Services d&rsquo;aide aux patients"}]},{"@type":"WebSite","@id":"https:\/\/summithealth.ca\/fr\/#website","url":"https:\/\/summithealth.ca\/fr\/","name":"Summit Health","description":"","publisher":{"@id":"https:\/\/summithealth.ca\/fr\/#organization"},"potentialAction":[{"@type":"SearchAction","target":{"@type":"EntryPoint","urlTemplate":"https:\/\/summithealth.ca\/fr\/?s={search_term_string}"},"query-input":{"@type":"PropertyValueSpecification","valueRequired":true,"valueName":"search_term_string"}}],"inLanguage":"fr-FR"},{"@type":"Organization","@id":"https:\/\/summithealth.ca\/fr\/#organization","name":"Summit Health","url":"https:\/\/summithealth.ca\/fr\/","logo":{"@type":"ImageObject","inLanguage":"fr-FR","@id":"https:\/\/summithealth.ca\/fr\/#\/schema\/logo\/image\/","url":"https:\/\/summithealth.ca\/wp-content\/uploads\/2024\/07\/logo_trimmed.png","contentUrl":"https:\/\/summithealth.ca\/wp-content\/uploads\/2024\/07\/logo_trimmed.png","width":312,"height":312,"caption":"Summit Health"},"image":{"@id":"https:\/\/summithealth.ca\/fr\/#\/schema\/logo\/image\/"}}]}},"_links":{"self":[{"href":"https:\/\/summithealth.ca\/fr\/wp-json\/wp\/v2\/pages\/1592","targetHints":{"allow":["GET"]}}],"collection":[{"href":"https:\/\/summithealth.ca\/fr\/wp-json\/wp\/v2\/pages"}],"about":[{"href":"https:\/\/summithealth.ca\/fr\/wp-json\/wp\/v2\/types\/page"}],"author":[{"embeddable":true,"href":"https:\/\/summithealth.ca\/fr\/wp-json\/wp\/v2\/users\/1"}],"replies":[{"embeddable":true,"href":"https:\/\/summithealth.ca\/fr\/wp-json\/wp\/v2\/comments?post=1592"}],"version-history":[{"count":6,"href":"https:\/\/summithealth.ca\/fr\/wp-json\/wp\/v2\/pages\/1592\/revisions"}],"predecessor-version":[{"id":2013,"href":"https:\/\/summithealth.ca\/fr\/wp-json\/wp\/v2\/pages\/1592\/revisions\/2013"}],"wp:attachment":[{"href":"https:\/\/summithealth.ca\/fr\/wp-json\/wp\/v2\/media?parent=1592"}],"curies":[{"name":"wp","href":"https:\/\/api.w.org\/{rel}","templated":true}]}}