{"id":1588,"date":"2022-02-13T16:43:35","date_gmt":"2022-02-13T16:43:35","guid":{"rendered":"https:\/\/summithealth.sisnettdesign.com\/a-propos-de-nous\/"},"modified":"2024-11-21T18:47:13","modified_gmt":"2024-11-21T18:47:13","slug":"a-propos-de-nous","status":"publish","type":"page","link":"https:\/\/summithealth.ca\/fr\/a-propos-de-nous\/","title":{"rendered":"A propos de nous"},"content":{"rendered":"<section class=\"gb-container gb-container-3c70eca0\">\n\n<div class=\"wp-block-group\"><div class=\"wp-block-group__inner-container is-layout-constrained wp-block-group-is-layout-constrained\">\n<p>Bienvenue \u00e0 Summit Health, votre partenaire de confiance en mati\u00e8re de soins m\u00e9dicaux complets. Notre parcours a commenc\u00e9 par une mission simple : fournir des vaccins de voyage et des services de sant\u00e9 essentiels aux voyageurs qui se lancent dans des aventures mondiales. Au fil des ans, nous avons grandi et \u00e9volu\u00e9, \u00e9largissant nos services pour r\u00e9pondre aux divers besoins de notre communaut\u00e9 en mati\u00e8re de soins de sant\u00e9.  <\/p>\n\n\n<div class=\"wp-block-image\">\n<figure class=\"alignleft size-full\"><img loading=\"lazy\" decoding=\"async\" width=\"640\" height=\"427\" src=\"https:\/\/summithealth.ca\/wp-content\/uploads\/2024\/08\/Untitled-design-10.png\" alt=\"\" class=\"wp-image-1272\" srcset=\"https:\/\/summithealth.ca\/wp-content\/uploads\/2024\/08\/Untitled-design-10.png 640w, https:\/\/summithealth.ca\/wp-content\/uploads\/2024\/08\/Untitled-design-10-300x200.png 300w\" sizes=\"auto, (max-width: 640px) 100vw, 640px\" \/><\/figure>\n<\/div>\n\n\n<p><strong>Notre histoire<\/strong><\/p>\n\n\n\n<p>Fond\u00e9e dans le but d&rsquo;assurer des voyages s\u00fbrs et sains, Summit Health a d\u00e9but\u00e9 comme une clinique sp\u00e9cialis\u00e9e dans la sant\u00e9 et les vaccinations des voyageurs. Nous avons compris l&rsquo;importance de rester prot\u00e9g\u00e9 tout en explorant le monde, et notre \u00e9quipe d\u00e9vou\u00e9e de professionnels de la sant\u00e9 a travaill\u00e9 sans rel\u00e2che pour offrir des conseils d&rsquo;experts, des vaccinations essentielles et des plans de sant\u00e9 personnalis\u00e9s pour les voyageurs. <\/p>\n\n\n\n<p><strong>Notre croissance<\/strong><\/p>\n\n\n\n<p>\u00c0 l&rsquo;\u00e9coute des besoins de nos patients et conscients de la demande croissante de soins de sant\u00e9 accessibles, nous avons \u00e9largi nos services au-del\u00e0 de la m\u00e9decine de voyage. Aujourd&rsquo;hui, Summit Health est fier d&rsquo;offrir une vaste gamme de services m\u00e9dicaux, y compris le d\u00e9pistage et les tests rapides, les diagnostics du sommeil, les analyses sanguines, les solutions de soins de sant\u00e9 en entreprise, et plus encore. Avec 15 cliniques r\u00e9parties au Qu\u00e9bec et en Ontario, nous nous engageons \u00e0 rendre les soins de sant\u00e9 de qualit\u00e9 accessibles \u00e0 tous les membres de notre communaut\u00e9.  <\/p>\n\n\n\n<p><strong>Notre engagement<\/strong><\/p>\n\n\n\n<p>Chez Summit Health, le bien-\u00eatre de nos patients est au c\u0153ur de tout ce que nous faisons. Nous nous effor\u00e7ons de fournir des soins m\u00e9dicaux de qualit\u00e9 sup\u00e9rieure gr\u00e2ce \u00e0 notre \u00e9quipe hautement qualifi\u00e9e, \u00e0 notre infrastructure moderne et \u00e0 nos installations de pointe. Nous mettons l&rsquo;accent sur la commodit\u00e9 et l&rsquo;accessibilit\u00e9 afin que vous receviez les soins dont vous avez besoin, au moment et \u00e0 l&rsquo;endroit o\u00f9 vous en avez besoin, que ce soit par le biais de nos services en clinique ou de nos options novatrices de soins virtuels.  <\/p>\n\n\n\n<p><strong>Pourquoi choisir Summit Health ?<\/strong><\/p>\n\n\n\n<ul class=\"wp-block-list\">\n<li><strong>Expertise<\/strong>: Notre \u00e9quipe de professionnels de la sant\u00e9 exp\u00e9riment\u00e9s apporte des ann\u00e9es de connaissances et d&rsquo;expertise \u00e0 chaque interaction avec le patient.<\/li>\n\n\n\n<li><strong>Des soins complets<\/strong>: Des examens de routine aux diagnostics et traitements sp\u00e9cialis\u00e9s, nous offrons une gamme compl\u00e8te de services de sant\u00e9.<\/li>\n\n\n\n<li>La <strong>commodit\u00e9<\/strong>: Avec plusieurs sites et des options de soins virtuels, nous rendons l&rsquo;acc\u00e8s aux soins de sant\u00e9 facile et sans tracas.<\/li>\n\n\n\n<li><strong>Une approche centr\u00e9e sur le patient<\/strong>: Nous accordons la priorit\u00e9 \u00e0 votre sant\u00e9 et \u00e0 votre bien-\u00eatre, en vous offrant des soins personnalis\u00e9s adapt\u00e9s \u00e0 vos besoins uniques.<\/li>\n<\/ul>\n\n\n\n<p>Nous vous remercions d&rsquo;avoir choisi Summit Health comme prestataire de soins de sant\u00e9. Nous nous r\u00e9jouissons de poursuivre notre voyage ensemble, en nous consacrant \u00e0 votre sant\u00e9 et \u00e0 votre bien-\u00eatre \u00e0 chaque \u00e9tape. <\/p>\n<\/div><\/div>\n\n<\/section>","protected":false},"excerpt":{"rendered":"<p>Bienvenue \u00e0 Summit Health, votre partenaire de confiance en mati\u00e8re de soins m\u00e9dicaux complets. Notre parcours a commenc\u00e9 par une mission simple : fournir des &#8230; <a title=\"A propos de nous\" class=\"read-more\" href=\"https:\/\/summithealth.ca\/fr\/a-propos-de-nous\/\" aria-label=\"En savoir plus sur A propos de nous\">Lire plus<\/a><\/p>\n","protected":false},"author":1,"featured_media":0,"parent":0,"menu_order":0,"comment_status":"closed","ping_status":"closed","template":"","meta":{"footnotes":""},"class_list":["post-1588","page","type-page","status-publish"],"yoast_head":"<!-- This site is optimized with the Yoast SEO plugin v27.3 - https:\/\/yoast.com\/product\/yoast-seo-wordpress\/ -->\n<title>A propos de nous - Summit Health<\/title>\n<meta name=\"description\" content=\"D\u00e9couvrez Summit Health, un r\u00e9seau de cliniques au Qu\u00e9bec et en Ontario, sp\u00e9cialis\u00e9 en vaccinations, tests sanguins, et bien plus. Votre sant\u00e9, notre priorit\u00e9.\" \/>\n<meta name=\"robots\" content=\"index, follow, max-snippet:-1, max-image-preview:large, max-video-preview:-1\" \/>\n<link rel=\"canonical\" href=\"https:\/\/summithealth.ca\/fr\/a-propos-de-nous\/\" \/>\n<meta property=\"og:locale\" content=\"fr_FR\" \/>\n<meta property=\"og:type\" content=\"article\" \/>\n<meta property=\"og:title\" content=\"A propos de nous - Summit Health\" \/>\n<meta property=\"og:description\" content=\"D\u00e9couvrez Summit Health, un r\u00e9seau de cliniques au Qu\u00e9bec et en Ontario, sp\u00e9cialis\u00e9 en vaccinations, tests sanguins, et bien plus. Votre sant\u00e9, notre priorit\u00e9.\" \/>\n<meta property=\"og:url\" content=\"https:\/\/summithealth.ca\/fr\/a-propos-de-nous\/\" \/>\n<meta property=\"og:site_name\" content=\"Summit Health\" \/>\n<meta property=\"article:modified_time\" content=\"2024-11-21T18:47:13+00:00\" \/>\n<meta property=\"og:image\" content=\"https:\/\/summithealth.ca\/wp-content\/uploads\/2024\/08\/Untitled-design-10.png\" \/>\n\t<meta property=\"og:image:width\" content=\"640\" \/>\n\t<meta property=\"og:image:height\" content=\"427\" \/>\n\t<meta property=\"og:image:type\" content=\"image\/png\" \/>\n<meta name=\"twitter:card\" content=\"summary_large_image\" \/>\n<meta name=\"twitter:label1\" content=\"Dur\u00e9e de lecture estim\u00e9e\" \/>\n\t<meta name=\"twitter:data1\" content=\"2 minutes\" \/>\n<script type=\"application\/ld+json\" class=\"yoast-schema-graph\">{\"@context\":\"https:\\\/\\\/schema.org\",\"@graph\":[{\"@type\":\"WebPage\",\"@id\":\"https:\\\/\\\/summithealth.ca\\\/fr\\\/a-propos-de-nous\\\/\",\"url\":\"https:\\\/\\\/summithealth.ca\\\/fr\\\/a-propos-de-nous\\\/\",\"name\":\"A propos de nous - Summit Health\",\"isPartOf\":{\"@id\":\"https:\\\/\\\/summithealth.ca\\\/fr\\\/#website\"},\"primaryImageOfPage\":{\"@id\":\"https:\\\/\\\/summithealth.ca\\\/fr\\\/a-propos-de-nous\\\/#primaryimage\"},\"image\":{\"@id\":\"https:\\\/\\\/summithealth.ca\\\/fr\\\/a-propos-de-nous\\\/#primaryimage\"},\"thumbnailUrl\":\"https:\\\/\\\/summithealth.ca\\\/wp-content\\\/uploads\\\/2024\\\/08\\\/Untitled-design-10.png\",\"datePublished\":\"2022-02-13T16:43:35+00:00\",\"dateModified\":\"2024-11-21T18:47:13+00:00\",\"description\":\"D\u00e9couvrez Summit Health, un r\u00e9seau de cliniques au Qu\u00e9bec et en Ontario, sp\u00e9cialis\u00e9 en vaccinations, tests sanguins, et bien plus. Votre sant\u00e9, notre priorit\u00e9.\",\"breadcrumb\":{\"@id\":\"https:\\\/\\\/summithealth.ca\\\/fr\\\/a-propos-de-nous\\\/#breadcrumb\"},\"inLanguage\":\"fr-FR\",\"potentialAction\":[{\"@type\":\"ReadAction\",\"target\":[\"https:\\\/\\\/summithealth.ca\\\/fr\\\/a-propos-de-nous\\\/\"]}]},{\"@type\":\"ImageObject\",\"inLanguage\":\"fr-FR\",\"@id\":\"https:\\\/\\\/summithealth.ca\\\/fr\\\/a-propos-de-nous\\\/#primaryimage\",\"url\":\"https:\\\/\\\/summithealth.ca\\\/wp-content\\\/uploads\\\/2024\\\/08\\\/Untitled-design-10.png\",\"contentUrl\":\"https:\\\/\\\/summithealth.ca\\\/wp-content\\\/uploads\\\/2024\\\/08\\\/Untitled-design-10.png\"},{\"@type\":\"BreadcrumbList\",\"@id\":\"https:\\\/\\\/summithealth.ca\\\/fr\\\/a-propos-de-nous\\\/#breadcrumb\",\"itemListElement\":[{\"@type\":\"ListItem\",\"position\":1,\"name\":\"Home\",\"item\":\"https:\\\/\\\/summithealth.ca\\\/fr\\\/\"},{\"@type\":\"ListItem\",\"position\":2,\"name\":\"A propos de nous\"}]},{\"@type\":\"WebSite\",\"@id\":\"https:\\\/\\\/summithealth.ca\\\/fr\\\/#website\",\"url\":\"https:\\\/\\\/summithealth.ca\\\/fr\\\/\",\"name\":\"Summit Health\",\"description\":\"\",\"publisher\":{\"@id\":\"https:\\\/\\\/summithealth.ca\\\/fr\\\/#organization\"},\"potentialAction\":[{\"@type\":\"SearchAction\",\"target\":{\"@type\":\"EntryPoint\",\"urlTemplate\":\"https:\\\/\\\/summithealth.ca\\\/fr\\\/?s={search_term_string}\"},\"query-input\":{\"@type\":\"PropertyValueSpecification\",\"valueRequired\":true,\"valueName\":\"search_term_string\"}}],\"inLanguage\":\"fr-FR\"},{\"@type\":\"Organization\",\"@id\":\"https:\\\/\\\/summithealth.ca\\\/fr\\\/#organization\",\"name\":\"Summit Health\",\"url\":\"https:\\\/\\\/summithealth.ca\\\/fr\\\/\",\"logo\":{\"@type\":\"ImageObject\",\"inLanguage\":\"fr-FR\",\"@id\":\"https:\\\/\\\/summithealth.ca\\\/fr\\\/#\\\/schema\\\/logo\\\/image\\\/\",\"url\":\"https:\\\/\\\/summithealth.ca\\\/wp-content\\\/uploads\\\/2024\\\/07\\\/logo_trimmed.png\",\"contentUrl\":\"https:\\\/\\\/summithealth.ca\\\/wp-content\\\/uploads\\\/2024\\\/07\\\/logo_trimmed.png\",\"width\":312,\"height\":312,\"caption\":\"Summit Health\"},\"image\":{\"@id\":\"https:\\\/\\\/summithealth.ca\\\/fr\\\/#\\\/schema\\\/logo\\\/image\\\/\"}}]}<\/script>\n<!-- \/ Yoast SEO plugin. -->","yoast_head_json":{"title":"A propos de nous - Summit Health","description":"D\u00e9couvrez Summit Health, un r\u00e9seau de cliniques au Qu\u00e9bec et en Ontario, sp\u00e9cialis\u00e9 en vaccinations, tests sanguins, et bien plus. Votre sant\u00e9, notre priorit\u00e9.","robots":{"index":"index","follow":"follow","max-snippet":"max-snippet:-1","max-image-preview":"max-image-preview:large","max-video-preview":"max-video-preview:-1"},"canonical":"https:\/\/summithealth.ca\/fr\/a-propos-de-nous\/","og_locale":"fr_FR","og_type":"article","og_title":"A propos de nous - Summit Health","og_description":"D\u00e9couvrez Summit Health, un r\u00e9seau de cliniques au Qu\u00e9bec et en Ontario, sp\u00e9cialis\u00e9 en vaccinations, tests sanguins, et bien plus. Votre sant\u00e9, notre priorit\u00e9.","og_url":"https:\/\/summithealth.ca\/fr\/a-propos-de-nous\/","og_site_name":"Summit Health","article_modified_time":"2024-11-21T18:47:13+00:00","og_image":[{"width":640,"height":427,"url":"https:\/\/summithealth.ca\/wp-content\/uploads\/2024\/08\/Untitled-design-10.png","type":"image\/png"}],"twitter_card":"summary_large_image","twitter_misc":{"Dur\u00e9e de lecture estim\u00e9e":"2 minutes"},"schema":{"@context":"https:\/\/schema.org","@graph":[{"@type":"WebPage","@id":"https:\/\/summithealth.ca\/fr\/a-propos-de-nous\/","url":"https:\/\/summithealth.ca\/fr\/a-propos-de-nous\/","name":"A propos de nous - Summit Health","isPartOf":{"@id":"https:\/\/summithealth.ca\/fr\/#website"},"primaryImageOfPage":{"@id":"https:\/\/summithealth.ca\/fr\/a-propos-de-nous\/#primaryimage"},"image":{"@id":"https:\/\/summithealth.ca\/fr\/a-propos-de-nous\/#primaryimage"},"thumbnailUrl":"https:\/\/summithealth.ca\/wp-content\/uploads\/2024\/08\/Untitled-design-10.png","datePublished":"2022-02-13T16:43:35+00:00","dateModified":"2024-11-21T18:47:13+00:00","description":"D\u00e9couvrez Summit Health, un r\u00e9seau de cliniques au Qu\u00e9bec et en Ontario, sp\u00e9cialis\u00e9 en vaccinations, tests sanguins, et bien plus. Votre sant\u00e9, notre priorit\u00e9.","breadcrumb":{"@id":"https:\/\/summithealth.ca\/fr\/a-propos-de-nous\/#breadcrumb"},"inLanguage":"fr-FR","potentialAction":[{"@type":"ReadAction","target":["https:\/\/summithealth.ca\/fr\/a-propos-de-nous\/"]}]},{"@type":"ImageObject","inLanguage":"fr-FR","@id":"https:\/\/summithealth.ca\/fr\/a-propos-de-nous\/#primaryimage","url":"https:\/\/summithealth.ca\/wp-content\/uploads\/2024\/08\/Untitled-design-10.png","contentUrl":"https:\/\/summithealth.ca\/wp-content\/uploads\/2024\/08\/Untitled-design-10.png"},{"@type":"BreadcrumbList","@id":"https:\/\/summithealth.ca\/fr\/a-propos-de-nous\/#breadcrumb","itemListElement":[{"@type":"ListItem","position":1,"name":"Home","item":"https:\/\/summithealth.ca\/fr\/"},{"@type":"ListItem","position":2,"name":"A propos de nous"}]},{"@type":"WebSite","@id":"https:\/\/summithealth.ca\/fr\/#website","url":"https:\/\/summithealth.ca\/fr\/","name":"Summit Health","description":"","publisher":{"@id":"https:\/\/summithealth.ca\/fr\/#organization"},"potentialAction":[{"@type":"SearchAction","target":{"@type":"EntryPoint","urlTemplate":"https:\/\/summithealth.ca\/fr\/?s={search_term_string}"},"query-input":{"@type":"PropertyValueSpecification","valueRequired":true,"valueName":"search_term_string"}}],"inLanguage":"fr-FR"},{"@type":"Organization","@id":"https:\/\/summithealth.ca\/fr\/#organization","name":"Summit Health","url":"https:\/\/summithealth.ca\/fr\/","logo":{"@type":"ImageObject","inLanguage":"fr-FR","@id":"https:\/\/summithealth.ca\/fr\/#\/schema\/logo\/image\/","url":"https:\/\/summithealth.ca\/wp-content\/uploads\/2024\/07\/logo_trimmed.png","contentUrl":"https:\/\/summithealth.ca\/wp-content\/uploads\/2024\/07\/logo_trimmed.png","width":312,"height":312,"caption":"Summit Health"},"image":{"@id":"https:\/\/summithealth.ca\/fr\/#\/schema\/logo\/image\/"}}]}},"_links":{"self":[{"href":"https:\/\/summithealth.ca\/fr\/wp-json\/wp\/v2\/pages\/1588","targetHints":{"allow":["GET"]}}],"collection":[{"href":"https:\/\/summithealth.ca\/fr\/wp-json\/wp\/v2\/pages"}],"about":[{"href":"https:\/\/summithealth.ca\/fr\/wp-json\/wp\/v2\/types\/page"}],"author":[{"embeddable":true,"href":"https:\/\/summithealth.ca\/fr\/wp-json\/wp\/v2\/users\/1"}],"replies":[{"embeddable":true,"href":"https:\/\/summithealth.ca\/fr\/wp-json\/wp\/v2\/comments?post=1588"}],"version-history":[{"count":3,"href":"https:\/\/summithealth.ca\/fr\/wp-json\/wp\/v2\/pages\/1588\/revisions"}],"predecessor-version":[{"id":1626,"href":"https:\/\/summithealth.ca\/fr\/wp-json\/wp\/v2\/pages\/1588\/revisions\/1626"}],"wp:attachment":[{"href":"https:\/\/summithealth.ca\/fr\/wp-json\/wp\/v2\/media?parent=1588"}],"curies":[{"name":"wp","href":"https:\/\/api.w.org\/{rel}","templated":true}]}}